{"id":733,"date":"2014-08-04T12:52:10","date_gmt":"2014-08-04T10:52:10","guid":{"rendered":"http:\/\/woerrlein-naturfoto.de\/wordpress\/?page_id=733"},"modified":"2015-02-23T12:42:06","modified_gmt":"2015-02-23T11:42:06","slug":"basstoelpel","status":"publish","type":"page","link":"https:\/\/woerrlein-naturfoto.de\/wordpress\/ruderfuesser-a-z\/basstoelpel\/","title":{"rendered":"Basst\u00f6lpel"},"content":{"rendered":"<p><a href=\"http:\/\/woerrlein-naturfoto.de\/wordpress\/voegel\/\"><span style=\"color: #ffff66;\">V\u00f6gel<\/span> <\/a>-&gt;<a href=\"http:\/\/woerrlein-naturfoto.de\/wordpress\/hauptseite-voegel\/voegel\/ruderfuesser\/\"> <span style=\"color: #ffff66;\">Ruderf\u00fc\u00dfer<\/span><\/a><br \/>\n<a title=\"V\u00f6gel von A-Z\" href=\"http:\/\/woerrlein-naturfoto.de\/wordpress\/voegel\/voegel_von_a-z\/\">V\u00f6gel von A-Z<\/a><br \/>\nZur Galerie <a title=\"Ruderf\u00fc\u00dfer\" href=\"http:\/\/woerrlein-naturfoto.de\/wordpress\/hauptseite-voegel\/voegel\/ruderfuesser\/\">Ruderf\u00fc\u00dfer<\/a><a href=\"http:\/\/woerrlein-naturfoto.de\/wordpress\/voegel\/sperlingsvoegel\/drosseln\"><br \/>\n<\/a><\/p>\n<p><img loading=\"lazy\" decoding=\"async\" class=\"alignleft wp-image-714\" src=\"http:\/\/woerrlein-naturfoto.de\/wordpress\/wp-content\/uploads\/Basstoelpel_D140610_1999_v-600x400.jpg\" alt=\"Basstoelpel_D140610_1999_v.jpg\" width=\"600\" height=\"400\" \/><\/p>\n<p>Der <b>Basst\u00f6lpel<\/b> (<i>Morus bassanus<\/i>) ist ein g\u00e4nsegro\u00dfer Meeresvogel aus der Familie der T\u00f6lpel. Innerhalb dieser Familie ist er die am weitesten im Norden br\u00fctende Art und die einzige, die auch in Europa br\u00fctet. Seit 1991 ist der Basst\u00f6lpel auch Brutvogel auf Helgoland. Typisch f\u00fcr den Basst\u00f6lpel sind gro\u00dfe Kolonien, in der mehrere tausend Brutpaare ihr jeweiliges Junges heranziehen. Basst\u00f6lpel pr\u00e4ferieren f\u00fcr die Anlage ihrer Nester steile Felsinseln, die vor der K\u00fcste liegen.<br \/>\nWie die meisten T\u00f6lpelarten hat der Basst\u00f6lpel sich eine Nahrungsnische erschlossen, in der er nur mit wenigen anderen Arten konkurriert. Seine bevorzugten Beutefische sind fetthaltige Fische wie Heringe und Makrelen. Innerhalb der Ordnung der Ruderf\u00fc\u00dfer entfernt er sich w\u00e4hrend seiner Nahrungssuche am weitesten von seiner Brutkolonie. Eine vergleichbare Flugleistung w\u00e4hrend des Nahrungserwerbs weist nur noch der Graufu\u00dft\u00f6lpel auf. Der Basst\u00f6lpel ist ein Sto\u00dftaucher, der in schnellem Sturzflug ins Meer eintaucht, um so nach Fischen zu jagen. Zu seinen anatomischen Merkmalen geh\u00f6rt dementsprechend ein stromlinienf\u00f6rmiger K\u00f6rper, lange schmale Fl\u00fcgel, ein in der vorderen H\u00e4lfte fein gez\u00e4hnter Schnabel sowie gro\u00dfe Schwimmf\u00fc\u00dfe.<\/p>\n<p>L\u00e4nge: 87-100 cm\u00a0\u00a0 Spannweite: 165-180 cm\u00a0\u00a0 Gewicht: 2,5-3,5 kg\u00a0\u00a0 Gelege: 1 Ei<\/p>\n<p>Zur Galerie <a title=\"Ruderf\u00fc\u00dfer\" href=\"http:\/\/woerrlein-naturfoto.de\/wordpress\/voegel\/ruderfuesser\/\">Ruderf\u00fc\u00dfer<\/a><\/p>\n<p>&nbsp;<\/p>\n<p><em>Quelle des Textauszuges und weitere Infos bei <\/em><a href=\"http:\/\/de.wikipedia.org\/wiki\/Basst%C3%B6lpel\" target=\"_blank\">Wikipedia<\/a> <em>(<\/em><a href=\"http:\/\/www.gnu.org\/licenses\/fdl-1.3.txt\" target=\"_blank\">GNU-Lizenz<\/a><em>)<\/em> \u2013 <em>mein Dank gilt den<\/em> <a href=\"http:\/\/de.wikipedia.org\/w\/index.php?title=Basst%C3%B6lpel&amp;action=history\" target=\"_blank\">Autoren<\/a>.<\/p>\n","protected":false},"excerpt":{"rendered":"<p>V\u00f6gel -&gt; Ruderf\u00fc\u00dfer V\u00f6gel von A-Z Zur Galerie Ruderf\u00fc\u00dfer Der Basst\u00f6lpel (Morus bassanus) ist ein g\u00e4nsegro\u00dfer Meeresvogel aus der Familie der T\u00f6lpel. Innerhalb dieser Familie ist er die am weitesten im Norden br\u00fctende Art und die einzige, die auch in Europa br\u00fctet. Seit 1991 ist der Basst\u00f6lpel auch Brutvogel auf Helgoland. Typisch f\u00fcr den Basst\u00f6lpel &hellip; <a href=\"https:\/\/woerrlein-naturfoto.de\/wordpress\/ruderfuesser-a-z\/basstoelpel\/\" class=\"more-link\"><span class=\"screen-reader-text\">Basst\u00f6lpel<\/span> weiterlesen <span class=\"meta-nav\">&rarr;<\/span><\/a><\/p>\n","protected":false},"author":1,"featured_media":0,"parent":730,"menu_order":0,"comment_status":"closed","ping_status":"closed","template":"page-templates\/full-width.php","meta":{"footnotes":""},"class_list":["post-733","page","type-page","status-publish","hentry"],"_links":{"self":[{"href":"https:\/\/woerrlein-naturfoto.de\/wordpress\/wp-json\/wp\/v2\/pages\/733","targetHints":{"allow":["GET"]}}],"collection":[{"href":"https:\/\/woerrlein-naturfoto.de\/wordpress\/wp-json\/wp\/v2\/pages"}],"about":[{"href":"https:\/\/woerrlein-naturfoto.de\/wordpress\/wp-json\/wp\/v2\/types\/page"}],"author":[{"embeddable":true,"href":"https:\/\/woerrlein-naturfoto.de\/wordpress\/wp-json\/wp\/v2\/users\/1"}],"replies":[{"embeddable":true,"href":"https:\/\/woerrlein-naturfoto.de\/wordpress\/wp-json\/wp\/v2\/comments?post=733"}],"version-history":[{"count":19,"href":"https:\/\/woerrlein-naturfoto.de\/wordpress\/wp-json\/wp\/v2\/pages\/733\/revisions"}],"predecessor-version":[{"id":6491,"href":"https:\/\/woerrlein-naturfoto.de\/wordpress\/wp-json\/wp\/v2\/pages\/733\/revisions\/6491"}],"up":[{"embeddable":true,"href":"https:\/\/woerrlein-naturfoto.de\/wordpress\/wp-json\/wp\/v2\/pages\/730"}],"wp:attachment":[{"href":"https:\/\/woerrlein-naturfoto.de\/wordpress\/wp-json\/wp\/v2\/media?parent=733"}],"curies":[{"name":"wp","href":"https:\/\/api.w.org\/{rel}","templated":true}]}}