{"id":6998,"date":"2015-07-04T17:40:14","date_gmt":"2015-07-04T15:40:14","guid":{"rendered":"http:\/\/woerrlein-naturfoto.de\/wordpress\/?page_id=6998"},"modified":"2021-12-19T13:37:04","modified_gmt":"2021-12-19T12:37:04","slug":"wanzen-knabenkraut","status":"publish","type":"page","link":"https:\/\/woerrlein-naturfoto.de\/wordpress\/knabenkraeuter-i-anacamptis-neotinea-a-z\/wanzen-knabenkraut\/","title":{"rendered":"Wanzen-Knabenkraut"},"content":{"rendered":"<p><span style=\"color: #ffff66;\"><a style=\"color: #ffff66;\" href=\"http:\/\/woerrlein-naturfoto.de\/wordpress\/hauptseite-pflanzen\/pflanzen\/\"><span style=\"color: #ffff00;\">Pflanzen<\/span><\/a> <\/span>-&gt;<span style=\"color: #ffff00;\"><a style=\"color: #ffff00;\" href=\"http:\/\/woerrlein-naturfoto.de\/wordpress\/hauptseite-pflanzen\/pflanzen\/blueten-i-orchideen-2\/\">Orchideen <\/a><\/span>-&gt;<span style=\"color: #ffff00;\"> <a style=\"color: #ffff00;\" href=\"http:\/\/woerrlein-naturfoto.de\/wordpress\/hauptseite-pflanzen\/pflanzen\/blueten-i-orchideen-2\/knabenktaeuter-i-anacamptis-neotinea\/\">Knabenkr\u00e4uter I (Anacamptis\/Neotinea)<\/a><code><\/code><\/span><br \/>\n<a href=\"http:\/\/woerrlein-naturfoto.de\/wordpress\/pflanzen-von-a-z\/\">Pflanzen von A-Z<\/a><br \/>\nZur Galerie <a href=\"http:\/\/woerrlein-naturfoto.de\/wordpress\/hauptseite-pflanzen\/pflanzen\/blueten-i-orchideen-2\/knabenktaeuter-i-anacamptis-neotinea\/\">Knabenkr\u00e4uter I<\/a><code><br \/>\n<\/code><\/p>\n<p><img loading=\"lazy\" decoding=\"async\" class=\"alignleft wp-image-7016\" src=\"http:\/\/woerrlein-naturfoto.de\/wordpress\/wp-content\/uploads\/2015\/07\/PyramidenKnabenkraut_D150525_36835598e2dbe1ef8-400x600.jpg\" alt=\"PyramidenKnabenkraut_D150525_36835598e2dbe1ef8.jpg\" width=\"267\" height=\"400\" srcset=\"https:\/\/woerrlein-naturfoto.de\/wordpress\/wp-content\/uploads\/2015\/07\/PyramidenKnabenkraut_D150525_36835598e2dbe1ef8-400x600.jpg 400w, https:\/\/woerrlein-naturfoto.de\/wordpress\/wp-content\/uploads\/2015\/07\/PyramidenKnabenkraut_D150525_36835598e2dbe1ef8.jpg 567w\" sizes=\"auto, (max-width: 267px) 100vw, 267px\" \/><\/p>\n<p>Das <b>Wanzen-Knabenkraut<\/b> (<i>Anacamptis coriophora<\/i>)\u00a0 wurde im Jahr 1753 von Carl von Linn\u00e9 in seinem Werk <i>Species Plantarum<\/i> erstbeschrieben und ist seit Anfang des 20. Jahrhunderts eine der am meisten vom R\u00fcckgang bedrohten mitteleurop\u00e4ischen Orchideenarten.<br \/>\nDas Wanzen-Knabenkraut ist ein sommergr\u00fcner, perennierender, krautig wachsender Knollengeophyt mit zwei eirunden Knollen als \u00dcberdauerungsorgan. Die H\u00f6he des schwach kantigen, hellgr\u00fcnen St\u00e4ngels variiert von 20 bis 50 Zentimetern. An seinem Grund sind ein bis zwei br\u00e4unliche Schuppenbl\u00e4tter und zwei bis vier rosettenartige Grundbl\u00e4tter angelegt. Diese ungefleckten, breit lanzettlich, zugespitzten Rosettenbl\u00e4tter sind etwa 10 bis 19 Zentimeter lang und 2 bis 5 Zentimeter breit. Im oberen Teil des St\u00e4ngels befinden sich zwei bis drei weitere Laubbl\u00e4tter, die aber nicht bis zur Bl\u00fcten\u00e4hre reichen. Die lanzettlichen, gr\u00fcn bis rot-braun \u00fcberlaufenen Tragbl\u00e4tter werden 9 bis 11 Millimeter lang und 2 bis 2,5 Millimeter breit.<br \/>\nDer schmal zylindrische Bl\u00fctenstand besteht aus 15 bis 40 kleinen, dicht beieinander stehenden Bl\u00fcten. Ihre Farbe ist br\u00e4unlich, rot,rosa oder gr\u00fcnlich. Die Perigonbl\u00e4tter bilden einen schnabelartigen Helm. Die eif\u00f6rmig zugespitzten Kelchbl\u00e4tter (Sepalen) sind etwa 6 bis 10 Millimeter lang und 2 bis 3 Millimeter breit. Die seitlichen Kronbl\u00e4tter (Petalen) sind linealisch, 4 bis 6 Millimeter lang und 1,5 bis 2 Millimeter breit. Die Lippe (Labellum) ist dreilappig, kegelf\u00f6rmig nach unten gebogen, 5 bis 10 Millimeter lang und 5 bis 6 Millimeter breit. Sie ist am Rand dunkler und in der Mitte mit purpurnen Punkten oder Strichen gezeichnet.<\/p>\n<p>Bl\u00fctezeit:\u00a0 Mitte Mai bis Mitte Juli<\/p>\n<p>Zur Galerie <a href=\"http:\/\/woerrlein-naturfoto.de\/wordpress\/hauptseite-pflanzen\/pflanzen\/blueten-i-orchideen-2\/knabenktaeuter-i-anacamptis-neotinea\/\">Knabenkr\u00e4uter I<\/a><\/p>\n<p>&nbsp;<\/p>\n<p><em>Quelle des Textauszuges und weitere Infos bei <\/em><a href=\"https:\/\/de.wikipedia.org\/wiki\/Wanzen-Knabenkraut\" target=\"_blank\" rel=\"noopener noreferrer\">Wikipedia<\/a><em> (<\/em><a href=\"http:\/\/www.gnu.org\/licenses\/fdl-1.3.txt\" target=\"_blank\" rel=\"noopener noreferrer\">GNU-Lizenz<\/a><em>)\u2013 mein Dank gilt den <\/em><a href=\"https:\/\/de.wikipedia.org\/w\/index.php?title=Wanzen-Knabenkraut&amp;action=history\" target=\"_blank\" rel=\"noopener noreferrer\">Autoren<\/a><em>.<\/em><\/p>\n","protected":false},"excerpt":{"rendered":"<p>Pflanzen -&gt;Orchideen -&gt; Knabenkr\u00e4uter I (Anacamptis\/Neotinea) Pflanzen von A-Z Zur Galerie Knabenkr\u00e4uter I Das Wanzen-Knabenkraut (Anacamptis coriophora)\u00a0 wurde im Jahr 1753 von Carl von Linn\u00e9 in seinem Werk Species Plantarum erstbeschrieben und ist seit Anfang des 20. Jahrhunderts eine der am meisten vom R\u00fcckgang bedrohten mitteleurop\u00e4ischen Orchideenarten. Das Wanzen-Knabenkraut ist ein sommergr\u00fcner, perennierender, krautig wachsender &hellip; <a href=\"https:\/\/woerrlein-naturfoto.de\/wordpress\/knabenkraeuter-i-anacamptis-neotinea-a-z\/wanzen-knabenkraut\/\" class=\"more-link\"><span class=\"screen-reader-text\">Wanzen-Knabenkraut<\/span> weiterlesen <span class=\"meta-nav\">&rarr;<\/span><\/a><\/p>\n","protected":false},"author":1,"featured_media":0,"parent":14208,"menu_order":0,"comment_status":"closed","ping_status":"closed","template":"page-templates\/full-width.php","meta":{"footnotes":""},"class_list":["post-6998","page","type-page","status-publish","hentry"],"_links":{"self":[{"href":"https:\/\/woerrlein-naturfoto.de\/wordpress\/wp-json\/wp\/v2\/pages\/6998","targetHints":{"allow":["GET"]}}],"collection":[{"href":"https:\/\/woerrlein-naturfoto.de\/wordpress\/wp-json\/wp\/v2\/pages"}],"about":[{"href":"https:\/\/woerrlein-naturfoto.de\/wordpress\/wp-json\/wp\/v2\/types\/page"}],"author":[{"embeddable":true,"href":"https:\/\/woerrlein-naturfoto.de\/wordpress\/wp-json\/wp\/v2\/users\/1"}],"replies":[{"embeddable":true,"href":"https:\/\/woerrlein-naturfoto.de\/wordpress\/wp-json\/wp\/v2\/comments?post=6998"}],"version-history":[{"count":14,"href":"https:\/\/woerrlein-naturfoto.de\/wordpress\/wp-json\/wp\/v2\/pages\/6998\/revisions"}],"predecessor-version":[{"id":14453,"href":"https:\/\/woerrlein-naturfoto.de\/wordpress\/wp-json\/wp\/v2\/pages\/6998\/revisions\/14453"}],"up":[{"embeddable":true,"href":"https:\/\/woerrlein-naturfoto.de\/wordpress\/wp-json\/wp\/v2\/pages\/14208"}],"wp:attachment":[{"href":"https:\/\/woerrlein-naturfoto.de\/wordpress\/wp-json\/wp\/v2\/media?parent=6998"}],"curies":[{"name":"wp","href":"https:\/\/api.w.org\/{rel}","templated":true}]}}