{"id":6993,"date":"2015-07-04T17:22:32","date_gmt":"2015-07-04T15:22:32","guid":{"rendered":"http:\/\/woerrlein-naturfoto.de\/wordpress\/?page_id=6993"},"modified":"2021-12-15T15:20:48","modified_gmt":"2021-12-15T14:20:48","slug":"kleines-knabenkraut","status":"publish","type":"page","link":"https:\/\/woerrlein-naturfoto.de\/wordpress\/knabenkraeuter-i-anacamptis-neotinea-a-z\/kleines-knabenkraut\/","title":{"rendered":"Kleines Knabenkraut"},"content":{"rendered":"<p><span style=\"color: #ffff66;\"><a style=\"color: #ffff66;\" href=\"http:\/\/woerrlein-naturfoto.de\/wordpress\/hauptseite-pflanzen\/pflanzen\/\"><span style=\"color: #ffff00;\">Pflanzen<\/span><\/a> <\/span>-&gt;<span style=\"color: #ffff66;\"><a style=\"color: #ffff66;\" href=\"http:\/\/woerrlein-naturfoto.de\/wordpress\/hauptseite-pflanzen\/pflanzen\/blueten-i-orchideen-2\/\"><span style=\"color: #ffff00;\">Orchideen <\/span><\/a><\/span>-&gt; <span style=\"color: #ffff00;\"><a style=\"color: #ffff00;\" href=\"http:\/\/woerrlein-naturfoto.de\/wordpress\/hauptseite-pflanzen\/pflanzen\/blueten-i-orchideen-2\/knabenktaeuter-i-anacamptis-neotinea\/\">Knabenkr\u00e4uter I (Anacamptis\/Neotinea)<\/a><\/span><code><\/code><br \/>\n<a href=\"http:\/\/woerrlein-naturfoto.de\/wordpress\/pflanzen-von-a-z\/\">Pflanzen von A-Z<\/a><br \/>\nZur Galerie <a href=\"http:\/\/woerrlein-naturfoto.de\/wordpress\/hauptseite-pflanzen\/pflanzen\/blueten-i-orchideen-2\/knabenktaeuter-i-anacamptis-neotinea\/\">Knabenkr\u00e4uter I<\/a><code><br \/>\n<\/code><\/p>\n<p><img loading=\"lazy\" decoding=\"async\" class=\"alignleft wp-image-7021\" src=\"http:\/\/woerrlein-naturfoto.de\/wordpress\/wp-content\/uploads\/2015\/07\/kleinesKnabenkrautD150517_22125598e3549ea1e-400x600.jpg\" alt=\"kleinesKnabenkrautD150517_22125598e3549ea1e.jpg\" width=\"267\" height=\"400\" \/>Das <b>Kleine Knabenkraut<\/b> (<i>Anacamptis morio<\/i>), auch <b>Salep-Knabenkraut<\/b> oder <b>Narrenkappe<\/b> genannt, ist eine Pflanzenart aus der Gattung der Knabenkr\u00e4uter innerhalb der Familie der Orchideen. Es ist eine ausdauernde, krautige Pflanze, die Wuchsh\u00f6hen von 8 bis 50 Zentimetern erreicht. Die meist in einer grundst\u00e4ndigen Rosette stehenden Laubbl\u00e4tter sind lanzettlich, meist spitz, gelegentlich auch mit abgerundeter Spitze, 3 bis 10 Zentimeter lang und etwa 1 bis 2 Zentimeter breit. Der St\u00e4ngel ist kr\u00e4ftig, etwas kantig und nach oben hin violett \u00fcberlaufen.<\/p>\n<p><strong>Bl\u00fctezeit:<\/strong>\u00a0\u00a0\u00a0\u00a0 Ende M\u00e4rz bis Mitte Juni<\/p>\n<p>Zur Galerie <a href=\"http:\/\/woerrlein-naturfoto.de\/wordpress\/hauptseite-pflanzen\/pflanzen\/blueten-i-orchideen-2\/knabenktaeuter-i-anacamptis-neotinea\/\">Knabenkr\u00e4uter I<\/a><\/p>\n<p>&nbsp;<\/p>\n<p><em>Quelle des Textauszuges und weitere Infos bei <\/em><a href=\"https:\/\/de.wikipedia.org\/wiki\/Kleines_Knabenkraut\" target=\"_blank\" rel=\"noopener noreferrer\">Wikipedia<\/a><em> (<\/em><a href=\"http:\/\/www.gnu.org\/licenses\/fdl-1.3.txt\" target=\"_blank\" rel=\"noopener noreferrer\">GNU-Lizenz<\/a><em>)\u2013 mein Dank gilt den <\/em><a href=\"https:\/\/de.wikipedia.org\/w\/index.php?title=Kleines_Knabenkraut&amp;action=history\" target=\"_blank\" rel=\"noopener noreferrer\">Autoren<em>.<\/em><\/a><\/p>\n","protected":false},"excerpt":{"rendered":"<p>Pflanzen -&gt;Orchideen -&gt; Knabenkr\u00e4uter I (Anacamptis\/Neotinea) Pflanzen von A-Z Zur Galerie Knabenkr\u00e4uter I Das Kleine Knabenkraut (Anacamptis morio), auch Salep-Knabenkraut oder Narrenkappe genannt, ist eine Pflanzenart aus der Gattung der Knabenkr\u00e4uter innerhalb der Familie der Orchideen. Es ist eine ausdauernde, krautige Pflanze, die Wuchsh\u00f6hen von 8 bis 50 Zentimetern erreicht. Die meist in einer grundst\u00e4ndigen &hellip; <a href=\"https:\/\/woerrlein-naturfoto.de\/wordpress\/knabenkraeuter-i-anacamptis-neotinea-a-z\/kleines-knabenkraut\/\" class=\"more-link\"><span class=\"screen-reader-text\">Kleines Knabenkraut<\/span> weiterlesen <span class=\"meta-nav\">&rarr;<\/span><\/a><\/p>\n","protected":false},"author":1,"featured_media":0,"parent":14208,"menu_order":0,"comment_status":"closed","ping_status":"closed","template":"page-templates\/full-width.php","meta":{"footnotes":""},"class_list":["post-6993","page","type-page","status-publish","hentry"],"_links":{"self":[{"href":"https:\/\/woerrlein-naturfoto.de\/wordpress\/wp-json\/wp\/v2\/pages\/6993","targetHints":{"allow":["GET"]}}],"collection":[{"href":"https:\/\/woerrlein-naturfoto.de\/wordpress\/wp-json\/wp\/v2\/pages"}],"about":[{"href":"https:\/\/woerrlein-naturfoto.de\/wordpress\/wp-json\/wp\/v2\/types\/page"}],"author":[{"embeddable":true,"href":"https:\/\/woerrlein-naturfoto.de\/wordpress\/wp-json\/wp\/v2\/users\/1"}],"replies":[{"embeddable":true,"href":"https:\/\/woerrlein-naturfoto.de\/wordpress\/wp-json\/wp\/v2\/comments?post=6993"}],"version-history":[{"count":13,"href":"https:\/\/woerrlein-naturfoto.de\/wordpress\/wp-json\/wp\/v2\/pages\/6993\/revisions"}],"predecessor-version":[{"id":14255,"href":"https:\/\/woerrlein-naturfoto.de\/wordpress\/wp-json\/wp\/v2\/pages\/6993\/revisions\/14255"}],"up":[{"embeddable":true,"href":"https:\/\/woerrlein-naturfoto.de\/wordpress\/wp-json\/wp\/v2\/pages\/14208"}],"wp:attachment":[{"href":"https:\/\/woerrlein-naturfoto.de\/wordpress\/wp-json\/wp\/v2\/media?parent=6993"}],"curies":[{"name":"wp","href":"https:\/\/api.w.org\/{rel}","templated":true}]}}