{"id":6937,"date":"2015-05-10T11:43:45","date_gmt":"2015-05-10T09:43:45","guid":{"rendered":"http:\/\/woerrlein-naturfoto.de\/wordpress\/?page_id=6937"},"modified":"2021-12-19T13:43:07","modified_gmt":"2021-12-19T12:43:07","slug":"gelbes-windroeschen","status":"publish","type":"page","link":"https:\/\/woerrlein-naturfoto.de\/wordpress\/hahnenfussgewaechse-a_z\/gelbes-windroeschen\/","title":{"rendered":"Gelbes Windr\u00f6schen"},"content":{"rendered":"<p><span style=\"color: #ffff00;\"><a style=\"color: #ffff00;\" href=\"http:\/\/woerrlein-naturfoto.de\/wordpress\/hauptseite-pflanzen\/pflanzen\/\">Pflanzen<\/a> <\/span>-&gt;<span style=\"color: #ffff00;\"> <a style=\"color: #ffff00;\" href=\"http:\/\/woerrlein-naturfoto.de\/wordpress\/hauptseite-pflanzen\/pflanzen\/hahnenfussgewaechse\/\">Hahnenfu\u00dfgew\u00e4chse<\/a><\/span><br \/>\n<a href=\"http:\/\/woerrlein-naturfoto.de\/wordpress\/pflanzen-von-a-z\/\">Pflanzen von A-Z<\/a><br \/>\nZur Galerie <a href=\"http:\/\/woerrlein-naturfoto.de\/wordpress\/hauptseite-pflanzen\/pflanzen\/hahnenfussgewaechse\/\">Hahnenfu\u00dfgew\u00e4chse<code><\/code><\/a><\/p>\n<p><img loading=\"lazy\" decoding=\"async\" class=\"alignleft wp-image-7128\" src=\"http:\/\/woerrlein-naturfoto.de\/wordpress\/wp-content\/uploads\/2015\/07\/GelbesWindroesschen_D150426_1140-400x600.jpg\" alt=\"GelbesWindroesschen_D150426_1140.jpg\" width=\"267\" height=\"400\" srcset=\"https:\/\/woerrlein-naturfoto.de\/wordpress\/wp-content\/uploads\/2015\/07\/GelbesWindroesschen_D150426_1140-400x600.jpg 400w, https:\/\/woerrlein-naturfoto.de\/wordpress\/wp-content\/uploads\/2015\/07\/GelbesWindroesschen_D150426_1140.jpg 567w\" sizes=\"auto, (max-width: 267px) 100vw, 267px\" \/>Das <b>Gelbe Windr\u00f6schen<\/b> (<i>Anemone ranunculoides<\/i>) ist eine Pflanzenart aus der Familie der <a title=\"Hahnenfu\u00dfgew\u00e4chse\" href=\"http:\/\/de.wikipedia.org\/wiki\/Hahnenfu%C3%9Fgew%C3%A4chse\" target=\"_blank\" rel=\"noopener\">Hahnenfu\u00dfgew\u00e4chse<\/a> (Ranunculaceae). Das Artepitheton kommt vom lateinischen Wort <i>ranunculus<\/i> = Hahnenfu\u00df und bezieht sich auf die hahnenfu\u00df\u00e4hnlichen Bl\u00fcten. Das gelbe Windr\u00f6schen kommt vor allem in basenreichen Laubw\u00e4ldern vor. Es ist allgemein seltener zu finden als das nahe verwandte <a title=\"Buschwindr\u00f6schen\" href=\"http:\/\/woerrlein-naturfoto.de\/wordpress\/blueten-ii-a-z\/buschwindroeschen\/\" target=\"_blank\" rel=\"noopener\">Buschwindr\u00f6schen<\/a>, w\u00e4chst dann aber gesellig.<\/p>\n<p><strong>Bl\u00fctezeit:<\/strong>\u00a0\u00a0\u00a0\u00a0 M\u00e4rz\/April bis Mai<\/p>\n<p>Zur Galerie <a href=\"http:\/\/woerrlein-naturfoto.de\/wordpress\/hauptseite-pflanzen\/pflanzen\/hahnenfussgewaechse\/\">Hahnenfu\u00dfgew\u00e4chse<\/a><\/p>\n<p>&nbsp;<\/p>\n<p><em>Quelle des Textauszuges und weitere Infos bei <\/em><a href=\"http:\/\/de.wikipedia.org\/wiki\/Gelbes_Windr%C3%B6schen\" target=\"_blank\" rel=\"noopener\">Wikipedia<\/a><em> (<\/em><a href=\"http:\/\/www.gnu.org\/licenses\/fdl-1.3.txt\" target=\"_blank\" rel=\"noopener\">GNU-Lizenz<\/a><em>)\u2013 mein Dank gilt den <\/em><a href=\"http:\/\/de.wikipedia.org\/w\/index.php?title=Gelbes_Windr%C3%B6schen&amp;action=history\" target=\"_blank\" rel=\"noopener\">Autoren<\/a><em>.<\/em><\/p>\n","protected":false},"excerpt":{"rendered":"<p>Pflanzen -&gt; Hahnenfu\u00dfgew\u00e4chse Pflanzen von A-Z Zur Galerie Hahnenfu\u00dfgew\u00e4chse Das Gelbe Windr\u00f6schen (Anemone ranunculoides) ist eine Pflanzenart aus der Familie der Hahnenfu\u00dfgew\u00e4chse (Ranunculaceae). Das Artepitheton kommt vom lateinischen Wort ranunculus = Hahnenfu\u00df und bezieht sich auf die hahnenfu\u00df\u00e4hnlichen Bl\u00fcten. Das gelbe Windr\u00f6schen kommt vor allem in basenreichen Laubw\u00e4ldern vor. Es ist allgemein seltener zu finden &hellip; <a href=\"https:\/\/woerrlein-naturfoto.de\/wordpress\/hahnenfussgewaechse-a_z\/gelbes-windroeschen\/\" class=\"more-link\"><span class=\"screen-reader-text\">Gelbes Windr\u00f6schen<\/span> weiterlesen <span class=\"meta-nav\">&rarr;<\/span><\/a><\/p>\n","protected":false},"author":1,"featured_media":0,"parent":7137,"menu_order":0,"comment_status":"closed","ping_status":"closed","template":"page-templates\/full-width.php","meta":{"footnotes":""},"class_list":["post-6937","page","type-page","status-publish","hentry"],"_links":{"self":[{"href":"https:\/\/woerrlein-naturfoto.de\/wordpress\/wp-json\/wp\/v2\/pages\/6937","targetHints":{"allow":["GET"]}}],"collection":[{"href":"https:\/\/woerrlein-naturfoto.de\/wordpress\/wp-json\/wp\/v2\/pages"}],"about":[{"href":"https:\/\/woerrlein-naturfoto.de\/wordpress\/wp-json\/wp\/v2\/types\/page"}],"author":[{"embeddable":true,"href":"https:\/\/woerrlein-naturfoto.de\/wordpress\/wp-json\/wp\/v2\/users\/1"}],"replies":[{"embeddable":true,"href":"https:\/\/woerrlein-naturfoto.de\/wordpress\/wp-json\/wp\/v2\/comments?post=6937"}],"version-history":[{"count":6,"href":"https:\/\/woerrlein-naturfoto.de\/wordpress\/wp-json\/wp\/v2\/pages\/6937\/revisions"}],"predecessor-version":[{"id":14466,"href":"https:\/\/woerrlein-naturfoto.de\/wordpress\/wp-json\/wp\/v2\/pages\/6937\/revisions\/14466"}],"up":[{"embeddable":true,"href":"https:\/\/woerrlein-naturfoto.de\/wordpress\/wp-json\/wp\/v2\/pages\/7137"}],"wp:attachment":[{"href":"https:\/\/woerrlein-naturfoto.de\/wordpress\/wp-json\/wp\/v2\/media?parent=6937"}],"curies":[{"name":"wp","href":"https:\/\/api.w.org\/{rel}","templated":true}]}}