{"id":6932,"date":"2015-05-10T11:16:41","date_gmt":"2015-05-10T09:16:41","guid":{"rendered":"http:\/\/woerrlein-naturfoto.de\/wordpress\/?page_id=6932"},"modified":"2015-05-10T11:17:43","modified_gmt":"2015-05-10T09:17:43","slug":"siebenpunkt-marienkaefer","status":"publish","type":"page","link":"https:\/\/woerrlein-naturfoto.de\/wordpress\/kaefer-a-z\/siebenpunkt-marienkaefer\/","title":{"rendered":"Siebenpunkt-Marienk\u00e4fer"},"content":{"rendered":"<p><a href=\"http:\/\/woerrlein-naturfoto.de\/wordpress\/insekten\/\">Insekten <\/a>-&gt;<a href=\"http:\/\/woerrlein-naturfoto.de\/wordpress\/hauptseite-insekten\/insekten\/kaefer-2\/\"> K\u00e4fer<\/a><br \/>\n<a title=\"Insekten A-Z\" href=\"http:\/\/woerrlein-naturfoto.de\/wordpress\/insekten-a-z\/\">Insekten von A-Z<\/a><br \/>\nzur Galerie <a title=\"K\u00e4fer\" href=\"http:\/\/woerrlein-naturfoto.de\/wordpress\/hauptseite-insekten\/insekten\/kaefer-2\/\">K\u00e4fer<\/a><\/p>\n<p><img loading=\"lazy\" decoding=\"async\" class=\"alignleft wp-image-6931\" src=\"http:\/\/woerrlein-naturfoto.de\/wordpress\/wp-content\/uploads\/2015\/05\/Kuechenschelle_AW_45254_7255x4837554f1e34ddca7-600x400.jpg\" alt=\"Kuechenschelle_AW_45254_7255x4837554f1e34ddca7.jpg\" width=\"600\" height=\"400\" \/>Der <b>Siebenpunkt-Marienk\u00e4fer<\/b> oder <b>Siebenpunkt<\/b> (<i>Coccinella septempunctata<\/i>) ist die wohl bekannteste Art aus der Familie der <a title=\"Marienk\u00e4fer\" href=\"http:\/\/de.wikipedia.org\/wiki\/Marienk%C3%A4fer\" target=\"_blank\">Marienk\u00e4fer<\/a>.<br \/>\nDie K\u00e4fer werden 5,2 bis 8 mm lang und haben einen leicht gestreckten, stark gew\u00f6lbten und runden K\u00f6rper. Die Deckfl\u00fcgel sind rot gef\u00e4rbt und haben jeweils drei schwarze Punkte. Ein siebter schwarzer Punkt, nach vorne von zwei wei\u00dfen, dreieckigen Flecken flankiert, findet sich auf dem Schildchen (Scutellum, auf dem oberen Bild mittig geteilt). Der Halsschild ist bis auf die wei\u00dfen vorderen Ecken schwarz gef\u00e4rbt. Diese erstrecken sich als schmaler Saum auch auf die Unterseite des Halsschildes. Auf dem schwarzen Kopf befinden sich an der Innenseite der schwarzen <a title=\"Facettenauge\" href=\"http:\/\/de.wikipedia.org\/wiki\/Facettenauge\" target=\"_blank\">Facettenaugen<\/a> zwei wei\u00dfe Punkte.<\/p>\n<p>Zur Galerie <a title=\"K\u00e4fer\" href=\"http:\/\/woerrlein-naturfoto.de\/wordpress\/hauptseite-insekten\/insekten\/kaefer-2\/\">K\u00e4fer<\/a><\/p>\n<p>&nbsp;<\/p>\n<p><em>Quelle des Textauszuges und weitere Infos bei <\/em><a href=\"http:\/\/de.wikipedia.org\/wiki\/Siebenpunkt-Marienk%C3%A4fer\" target=\"_blank\">Wikipedia<\/a><em> (<\/em><a href=\"http:\/\/www.gnu.org\/licenses\/fdl-1.3.txt\" target=\"_blank\">GNU-Lizenz<\/a><em>)\u2013 mein Dank gilt den <\/em><a href=\"http:\/\/de.wikipedia.org\/w\/index.php?title=Siebenpunkt-Marienk%C3%A4fer&amp;action=history\" target=\"_blank\">Autoren<\/a><em>.<\/em><\/p>\n","protected":false},"excerpt":{"rendered":"<p>Insekten -&gt; K\u00e4fer Insekten von A-Z zur Galerie K\u00e4fer Der Siebenpunkt-Marienk\u00e4fer oder Siebenpunkt (Coccinella septempunctata) ist die wohl bekannteste Art aus der Familie der Marienk\u00e4fer. Die K\u00e4fer werden 5,2 bis 8 mm lang und haben einen leicht gestreckten, stark gew\u00f6lbten und runden K\u00f6rper. Die Deckfl\u00fcgel sind rot gef\u00e4rbt und haben jeweils drei schwarze Punkte. Ein &hellip; <a href=\"https:\/\/woerrlein-naturfoto.de\/wordpress\/kaefer-a-z\/siebenpunkt-marienkaefer\/\" class=\"more-link\"><span class=\"screen-reader-text\">Siebenpunkt-Marienk\u00e4fer<\/span> weiterlesen <span class=\"meta-nav\">&rarr;<\/span><\/a><\/p>\n","protected":false},"author":1,"featured_media":0,"parent":3789,"menu_order":0,"comment_status":"closed","ping_status":"closed","template":"page-templates\/full-width.php","meta":{"footnotes":""},"class_list":["post-6932","page","type-page","status-publish","hentry"],"_links":{"self":[{"href":"https:\/\/woerrlein-naturfoto.de\/wordpress\/wp-json\/wp\/v2\/pages\/6932","targetHints":{"allow":["GET"]}}],"collection":[{"href":"https:\/\/woerrlein-naturfoto.de\/wordpress\/wp-json\/wp\/v2\/pages"}],"about":[{"href":"https:\/\/woerrlein-naturfoto.de\/wordpress\/wp-json\/wp\/v2\/types\/page"}],"author":[{"embeddable":true,"href":"https:\/\/woerrlein-naturfoto.de\/wordpress\/wp-json\/wp\/v2\/users\/1"}],"replies":[{"embeddable":true,"href":"https:\/\/woerrlein-naturfoto.de\/wordpress\/wp-json\/wp\/v2\/comments?post=6932"}],"version-history":[{"count":1,"href":"https:\/\/woerrlein-naturfoto.de\/wordpress\/wp-json\/wp\/v2\/pages\/6932\/revisions"}],"predecessor-version":[{"id":6933,"href":"https:\/\/woerrlein-naturfoto.de\/wordpress\/wp-json\/wp\/v2\/pages\/6932\/revisions\/6933"}],"up":[{"embeddable":true,"href":"https:\/\/woerrlein-naturfoto.de\/wordpress\/wp-json\/wp\/v2\/pages\/3789"}],"wp:attachment":[{"href":"https:\/\/woerrlein-naturfoto.de\/wordpress\/wp-json\/wp\/v2\/media?parent=6932"}],"curies":[{"name":"wp","href":"https:\/\/api.w.org\/{rel}","templated":true}]}}