{"id":6875,"date":"2015-04-11T13:41:18","date_gmt":"2015-04-11T11:41:18","guid":{"rendered":"http:\/\/woerrlein-naturfoto.de\/wordpress\/?page_id=6875"},"modified":"2018-09-17T09:09:17","modified_gmt":"2018-09-17T07:09:17","slug":"tordalke","status":"publish","type":"page","link":"https:\/\/woerrlein-naturfoto.de\/wordpress\/alkenvoegel-a-z\/tordalke\/","title":{"rendered":"Tordalke"},"content":{"rendered":"<p><a href=\"http:\/\/woerrlein-naturfoto.de\/wordpress\/voegel\/\"><span style=\"color: #ffff66;\">V\u00f6gel<\/span> <\/a>-&gt;<a href=\"http:\/\/woerrlein-naturfoto.de\/wordpress\/hauptseite-voegel\/voegel\/watvoegel-2\"> <span style=\"color: #ffff66;\">Watv\u00f6gel<\/span> <\/a>-&gt;<a href=\"http:\/\/woerrlein-naturfoto.de\/wordpress\/hauptseite-voegel\/voegel\/watvoegel\/alkenvoegel\/\"> <span style=\"color: #ffff66;\">Alkenv\u00f6gel<\/span><\/a><br \/>\n<a title=\"V\u00f6gel von A-Z\" href=\"http:\/\/woerrlein-naturfoto.de\/wordpress\/voegel\/voegel_von_a-z\/\">V\u00f6gel von A-Z<\/a><br \/>\nZur Galerie <a title=\"Alkenv\u00f6gel\" href=\"http:\/\/woerrlein-naturfoto.de\/wordpress\/hauptseite-voegel\/voegel\/watvoegel\/alkenvoegel\/\">Alkenv\u00f6gel<\/a><\/p>\n<p><img loading=\"lazy\" decoding=\"async\" class=\"alignleft wp-image-6871\" src=\"http:\/\/woerrlein-naturfoto.de\/wordpress\/wp-content\/uploads\/2015\/04\/Tordalk_AW41158-600x400.jpg\" alt=\"Tordalk_AW41158.jpg\" width=\"600\" height=\"400\" \/><\/p>\n<p>Der <b>Tordalk<\/b> (<i>Alca torda<\/i>) ist ein Vogel aus der Familie der Alkenv\u00f6gel und (nach Ausrottung des Riesenalks im 19. Jahrhundert) der einzige rezente Vertreter der Gattung <i>Alca<\/i>. Zwei Unterarten werden unterschieden, die sich geringf\u00fcgig in der Gr\u00f6\u00dfe unterscheiden, aber genetisch nur wenig differenziert sind.<br \/>\nDer Tordalk ist ein kr\u00e4ftig gebauter Alkenvogel mit einem hohen und seitlich zusammengedr\u00fcckten Schnabel sowie einem f\u00fcr einen Alkenvogel ungew\u00f6hnlich langen Schwanz. Auf dem Wasser und im Flug erinnert er an Lummen, von denen er sich jedoch durch seinen kr\u00e4ftigeren Schnabel und den l\u00e4ngeren Schwanz unterscheidet. An Land l\u00e4uft und hockt der Tordalk in aufrechter K\u00f6rperhaltung. In Mitteleuropa ist der Tordalk ein lokaler Brut- und Sommervogel. Winterg\u00e4ste halten sich au\u00dferdem regelm\u00e4\u00dfig an der Ost- und Nordseek\u00fcste auf.<\/p>\n<p>L\u00e4nge: 37-39 cm\u00a0\u00a0 Spannweite: 63-68 cm\u00a0\u00a0 Gewicht: 600-800 g\u00a0\u00a0 Gelege: 1 Ei<\/p>\n<p>Zur Galerie <a title=\"Alkenv\u00f6gel\" href=\"http:\/\/woerrlein-naturfoto.de\/wordpress\/voegel\/watvoegel\/alkenvoegel\/\">Alkenv\u00f6gel<\/a><\/p>\n<p>&nbsp;<\/p>\n<p><em>Quelle des Textauszuges und weitere Infos bei <\/em><a href=\"http:\/\/de.wikipedia.org\/wiki\/Tordalk\" target=\"_blank\" rel=\"noopener noreferrer\">Wikipedia<\/a> <em>(<\/em><a href=\"http:\/\/www.gnu.org\/licenses\/fdl-1.3.txt\" target=\"_blank\" rel=\"noopener noreferrer\">GNU-Lizenz<\/a><em>)<\/em> \u2013 <em>mein Dank gilt den<\/em> <a href=\"http:\/\/de.wikipedia.org\/w\/index.php?title=Tordalk&amp;action=history\" target=\"_blank\" rel=\"noopener noreferrer\">Autoren<\/a>.<\/p>\n","protected":false},"excerpt":{"rendered":"<p>V\u00f6gel -&gt; Watv\u00f6gel -&gt; Alkenv\u00f6gel V\u00f6gel von A-Z Zur Galerie Alkenv\u00f6gel Der Tordalk (Alca torda) ist ein Vogel aus der Familie der Alkenv\u00f6gel und (nach Ausrottung des Riesenalks im 19. Jahrhundert) der einzige rezente Vertreter der Gattung Alca. Zwei Unterarten werden unterschieden, die sich geringf\u00fcgig in der Gr\u00f6\u00dfe unterscheiden, aber genetisch nur wenig differenziert sind. &hellip; <a href=\"https:\/\/woerrlein-naturfoto.de\/wordpress\/alkenvoegel-a-z\/tordalke\/\" class=\"more-link\"><span class=\"screen-reader-text\">Tordalke<\/span> weiterlesen <span class=\"meta-nav\">&rarr;<\/span><\/a><\/p>\n","protected":false},"author":1,"featured_media":0,"parent":911,"menu_order":0,"comment_status":"closed","ping_status":"closed","template":"page-templates\/full-width.php","meta":{"footnotes":""},"class_list":["post-6875","page","type-page","status-publish","hentry"],"_links":{"self":[{"href":"https:\/\/woerrlein-naturfoto.de\/wordpress\/wp-json\/wp\/v2\/pages\/6875","targetHints":{"allow":["GET"]}}],"collection":[{"href":"https:\/\/woerrlein-naturfoto.de\/wordpress\/wp-json\/wp\/v2\/pages"}],"about":[{"href":"https:\/\/woerrlein-naturfoto.de\/wordpress\/wp-json\/wp\/v2\/types\/page"}],"author":[{"embeddable":true,"href":"https:\/\/woerrlein-naturfoto.de\/wordpress\/wp-json\/wp\/v2\/users\/1"}],"replies":[{"embeddable":true,"href":"https:\/\/woerrlein-naturfoto.de\/wordpress\/wp-json\/wp\/v2\/comments?post=6875"}],"version-history":[{"count":2,"href":"https:\/\/woerrlein-naturfoto.de\/wordpress\/wp-json\/wp\/v2\/pages\/6875\/revisions"}],"predecessor-version":[{"id":10101,"href":"https:\/\/woerrlein-naturfoto.de\/wordpress\/wp-json\/wp\/v2\/pages\/6875\/revisions\/10101"}],"up":[{"embeddable":true,"href":"https:\/\/woerrlein-naturfoto.de\/wordpress\/wp-json\/wp\/v2\/pages\/911"}],"wp:attachment":[{"href":"https:\/\/woerrlein-naturfoto.de\/wordpress\/wp-json\/wp\/v2\/media?parent=6875"}],"curies":[{"name":"wp","href":"https:\/\/api.w.org\/{rel}","templated":true}]}}