{"id":6863,"date":"2015-03-30T21:46:19","date_gmt":"2015-03-30T19:46:19","guid":{"rendered":"http:\/\/woerrlein-naturfoto.de\/wordpress\/?page_id=6863"},"modified":"2015-03-30T21:46:19","modified_gmt":"2015-03-30T19:46:19","slug":"tuerkentaube","status":"publish","type":"page","link":"https:\/\/woerrlein-naturfoto.de\/wordpress\/wildes-durcheinander-a-z\/tuerkentaube\/","title":{"rendered":"T\u00fcrkentaube"},"content":{"rendered":"<p><a href=\"http:\/\/woerrlein-naturfoto.de\/wordpress\/voegel\/\"><span style=\"color: #ffff66;\">V\u00f6gel<\/span> <\/a>-&gt;<a href=\"http:\/\/woerrlein-naturfoto.de\/wordpress\/hauptseite-voegel\/voegel\/wildes-durcheinander\/\"> <span style=\"color: #ffff66;\">wildes Durcheinander<\/span><\/a><br \/>\n<a title=\"V\u00f6gel von A-Z\" href=\"http:\/\/woerrlein-naturfoto.de\/wordpress\/voegel\/voegel_von_a-z\/\">V\u00f6gel von A-Z<\/a><br \/>\nZur Galerie <a title=\"wildes Durcheinander\" href=\"http:\/\/woerrlein-naturfoto.de\/wordpress\/hauptseite-voegel\/voegel\/wildes-durcheinander\/\">sonstiger Vogelarten<\/a><\/p>\n<p><img loading=\"lazy\" decoding=\"async\" class=\"alignleft wp-image-6862\" src=\"http:\/\/woerrlein-naturfoto.de\/wordpress\/wp-content\/uploads\/2015\/03\/Tuerkentaube_14905-600x400.jpg\" alt=\"Tuerkentaube_14905.jpg\" width=\"600\" height=\"400\" srcset=\"https:\/\/woerrlein-naturfoto.de\/wordpress\/wp-content\/uploads\/2015\/03\/Tuerkentaube_14905-600x400.jpg 600w, https:\/\/woerrlein-naturfoto.de\/wordpress\/wp-content\/uploads\/2015\/03\/Tuerkentaube_14905-120x80.jpg 120w, https:\/\/woerrlein-naturfoto.de\/wordpress\/wp-content\/uploads\/2015\/03\/Tuerkentaube_14905.jpg 1000w\" sizes=\"auto, (max-width: 600px) 100vw, 600px\" \/>Die <b>T\u00fcrkentaube<\/b> (<i>Streptopelia decaocto<\/i>) ist eine Vogelart aus der Familie der Tauben. Sie hat ihren Namen deshalb, weil die Art erst seit den 1930er Jahren aus S\u00fcdosten nach Mittel- und inzwischen auch nach Nord- und Westeuropa eingewandert ist.<br \/>\nT\u00fcrkentauben sind Kulturfolger. Sie stammen urspr\u00fcnglich aus Asien, aber da sie auch in n\u00f6rdlicheren Bereichen Europas durch Landwirtschafts- und Hausabf\u00e4lle ein immer besseres Nahrungsangebot vorfanden, dehnten sie sich im Laufe des letzten Jahrhunderts \u00fcber ganz Europa aus. Inzwischen dringen sie weiter nach Nordosten vor. Ihr Vordringen in der Mitte des letzten Jahrhunderts konnte detailliert beobachtet und aufgezeichnet werden. Sie haben sich nun als Standv\u00f6gel etabliert und leben in Parks und G\u00e4rten, immer in der N\u00e4he von Siedlungen, gerne in ruhigen Wohngebieten, in denen es ein paar Nadelb\u00e4ume gibt. Letztere brauchen sie, da sie bevorzugt in Nadelb\u00e4umen br\u00fcten.<\/p>\n<p>L\u00e4nge: 31-33 cm\u00a0\u00a0 Spannweite: 47-55 cm\u00a0\u00a0 Gewicht: 150-200 g\u00a0\u00a0 Gelege: 1-2 Eier<\/p>\n<p>Zur Galerie <a title=\"wildes Durcheinander\" href=\"http:\/\/woerrlein-naturfoto.de\/wordpress\/hauptseite-voegel\/voegel\/wildes-durcheinander\/\">sonstiger Vogelarten<\/a><\/p>\n<p>&nbsp;<\/p>\n<p><em>Quelle des Textauszuges und weitere Infos bei <\/em><a href=\"http:\/\/de.wikipedia.org\/wiki\/T%C3%BCrkentaube\" target=\"_blank\">Wikipedia<\/a><em> (<\/em><a href=\"http:\/\/www.gnu.org\/licenses\/fdl-1.3.txt\" target=\"_blank\">GNU-Lizenz<\/a><em>)\u2013 mein Dank gilt den <\/em><a href=\"http:\/\/de.wikipedia.org\/w\/index.php?title=T%C3%BCrkentaube&amp;action=history\" target=\"_blank\">Autoren<\/a><em>.<\/em><\/p>\n","protected":false},"excerpt":{"rendered":"<p>V\u00f6gel -&gt; wildes Durcheinander V\u00f6gel von A-Z Zur Galerie sonstiger Vogelarten Die T\u00fcrkentaube (Streptopelia decaocto) ist eine Vogelart aus der Familie der Tauben. Sie hat ihren Namen deshalb, weil die Art erst seit den 1930er Jahren aus S\u00fcdosten nach Mittel- und inzwischen auch nach Nord- und Westeuropa eingewandert ist. T\u00fcrkentauben sind Kulturfolger. Sie stammen urspr\u00fcnglich &hellip; <a href=\"https:\/\/woerrlein-naturfoto.de\/wordpress\/wildes-durcheinander-a-z\/tuerkentaube\/\" class=\"more-link\"><span class=\"screen-reader-text\">T\u00fcrkentaube<\/span> weiterlesen <span class=\"meta-nav\">&rarr;<\/span><\/a><\/p>\n","protected":false},"author":1,"featured_media":0,"parent":3118,"menu_order":0,"comment_status":"closed","ping_status":"closed","template":"page-templates\/full-width.php","meta":{"footnotes":""},"class_list":["post-6863","page","type-page","status-publish","hentry"],"_links":{"self":[{"href":"https:\/\/woerrlein-naturfoto.de\/wordpress\/wp-json\/wp\/v2\/pages\/6863","targetHints":{"allow":["GET"]}}],"collection":[{"href":"https:\/\/woerrlein-naturfoto.de\/wordpress\/wp-json\/wp\/v2\/pages"}],"about":[{"href":"https:\/\/woerrlein-naturfoto.de\/wordpress\/wp-json\/wp\/v2\/types\/page"}],"author":[{"embeddable":true,"href":"https:\/\/woerrlein-naturfoto.de\/wordpress\/wp-json\/wp\/v2\/users\/1"}],"replies":[{"embeddable":true,"href":"https:\/\/woerrlein-naturfoto.de\/wordpress\/wp-json\/wp\/v2\/comments?post=6863"}],"version-history":[{"count":1,"href":"https:\/\/woerrlein-naturfoto.de\/wordpress\/wp-json\/wp\/v2\/pages\/6863\/revisions"}],"predecessor-version":[{"id":6864,"href":"https:\/\/woerrlein-naturfoto.de\/wordpress\/wp-json\/wp\/v2\/pages\/6863\/revisions\/6864"}],"up":[{"embeddable":true,"href":"https:\/\/woerrlein-naturfoto.de\/wordpress\/wp-json\/wp\/v2\/pages\/3118"}],"wp:attachment":[{"href":"https:\/\/woerrlein-naturfoto.de\/wordpress\/wp-json\/wp\/v2\/media?parent=6863"}],"curies":[{"name":"wp","href":"https:\/\/api.w.org\/{rel}","templated":true}]}}