{"id":662,"date":"2014-07-20T17:03:54","date_gmt":"2014-07-20T15:03:54","guid":{"rendered":"http:\/\/woerrlein-naturfoto.de\/wordpress\/?page_id=662"},"modified":"2015-02-23T12:43:14","modified_gmt":"2015-02-23T11:43:14","slug":"schwarzbrauenalbatros","status":"publish","type":"page","link":"https:\/\/woerrlein-naturfoto.de\/wordpress\/roehrennasen_a-z\/schwarzbrauenalbatros\/","title":{"rendered":"Schwarzbrauenalbatros"},"content":{"rendered":"<p><a href=\"http:\/\/woerrlein-naturfoto.de\/wordpress\/voegel\/\"><span style=\"color: #ffff66;\">V\u00f6gel<\/span> <\/a>-&gt;<a href=\"http:\/\/woerrlein-naturfoto.de\/wordpress\/hauptseite-voegel\/voegel\/roehrennasen-2\/\"> <span style=\"color: #ffff66;\">R\u00f6hrennasen<\/span><\/a><span style=\"color: #ffff66;\"><a style=\"color: #ffff66;\" title=\"R\u00f6hrennasen\" href=\"http:\/\/woerrlein-naturfoto.de\/wordpress\/voegel\/roehrennasen\/\"><br \/>\n<\/a><\/span><a title=\"V\u00f6gel von A-Z\" href=\"http:\/\/woerrlein-naturfoto.de\/wordpress\/voegel\/voegel_von_a-z\/\">V\u00f6gel von A-Z<br \/>\n<\/a>Zur Galerie <a title=\"R\u00f6hrennasen\" href=\"http:\/\/woerrlein-naturfoto.de\/wordpress\/hauptseite-voegel\/voegel\/roehrennasen-2\/\">R\u00f6hrennasen<\/a><\/p>\n<p><img loading=\"lazy\" decoding=\"async\" class=\"alignleft wp-image-642\" src=\"http:\/\/woerrlein-naturfoto.de\/wordpress\/wp-content\/uploads\/Schwarzbrauenalbatros_D140612_2840_v-600x400.jpg\" alt=\"Schwarzbrauenalbatros_D140612_2840_v.jpg\" width=\"600\" height=\"400\" \/><\/p>\n<p>Der <b>Schwarzbrauenalbatros<\/b> oder <b>Mollymauk<\/b> (<i>Thalassarche melanophris<\/i>) ist eine Vogelart aus der Familie der Albatrosse ). Er ist der am weitesten verbreitete und h\u00e4ufigste Vertreter der Familie. Der Schwarzbrauenalbatros (oft auch als <i>Black-browed Albatros<\/i> bezeichnet) geh\u00f6rt zur Ordnung der R\u00f6hrennasen.<br \/>\nDer Schwarzbrauenalbatros verbringt fast sein ganzes Leben in der Luft \u00fcber dem S\u00fcdpolarmeer. Er ist aber auf seinen weiten Wanderungen auch schon im Nordatlantik und als extrem seltener Ausnahmegast auch in Mitteleuropa gesichtet worden \u2013 zuletzt im Mai und Juni 2014 auf Helgoland, wo unsere Aufnahmen entstanden.<br \/>\nDie beiden Geschlechter unterscheiden sich rein \u00e4u\u00dferlich nicht. Erwachsene V\u00f6gel haben einen gelben Schnabel, bei Jungv\u00f6geln ist er grau.Die Tiere dieser Art sind sehr treue V\u00f6gel. Die Paare kommen im Normalfall jedes Jahr aufs Neue zusammen, um gemeinsam zu br\u00fcten. Als Nistpl\u00e4tze bevorzugen sie die Steilk\u00fcsten der der Antarktis vorgelagerten Inseln, weil sie von dort aus den Aufwind beim Abfliegen besser nutzen k\u00f6nnen. Dabei kommen sie nur zur Brut und Brutpflege an Land, wo das Paar meist nur ein Ei ausbr\u00fctet.<\/p>\n<p>L\u00e4nge: 80-83 cm\u00a0\u00a0 Spannweite: 220-240 cm\u00a0\u00a0 Gewicht: 2,9 &#8211; 4,2 kg\u00a0\u00a0 Gelege: 1 Ei<\/p>\n<p>Zur Galerie <a title=\"R\u00f6hrennasen\" href=\"http:\/\/woerrlein-naturfoto.de\/wordpress\/hauptseite-voegel\/voegel\/roehrennasen-2\/\">R\u00f6hrennasen<\/a><\/p>\n<p>&nbsp;<\/p>\n<p><em>Quelle des Textauszuges und weitere Infos bei <\/em><a href=\"http:\/\/de.wikipedia.org\/wiki\/Schwarzbrauenalbatros\" target=\"_blank\">Wikipedia<\/a> <em>(<\/em><a href=\"http:\/\/www.gnu.org\/licenses\/fdl-1.3.txt\" target=\"_blank\">GNU-Lizenz<\/a><em>)<\/em> \u2013 <em>mein Dank gilt den<\/em> <a href=\"http:\/\/de.wikipedia.org\/w\/index.php?title=Schwarzbrauenalbatros&amp;action=history\" target=\"_blank\">Autoren<\/a>.<\/p>\n","protected":false},"excerpt":{"rendered":"<p>V\u00f6gel -&gt; R\u00f6hrennasen V\u00f6gel von A-Z Zur Galerie R\u00f6hrennasen Der Schwarzbrauenalbatros oder Mollymauk (Thalassarche melanophris) ist eine Vogelart aus der Familie der Albatrosse ). Er ist der am weitesten verbreitete und h\u00e4ufigste Vertreter der Familie. Der Schwarzbrauenalbatros (oft auch als Black-browed Albatros bezeichnet) geh\u00f6rt zur Ordnung der R\u00f6hrennasen. Der Schwarzbrauenalbatros verbringt fast sein ganzes Leben &hellip; <a href=\"https:\/\/woerrlein-naturfoto.de\/wordpress\/roehrennasen_a-z\/schwarzbrauenalbatros\/\" class=\"more-link\"><span class=\"screen-reader-text\">Schwarzbrauenalbatros<\/span> weiterlesen <span class=\"meta-nav\">&rarr;<\/span><\/a><\/p>\n","protected":false},"author":1,"featured_media":0,"parent":647,"menu_order":0,"comment_status":"closed","ping_status":"closed","template":"page-templates\/full-width.php","meta":{"footnotes":""},"class_list":["post-662","page","type-page","status-publish","hentry"],"_links":{"self":[{"href":"https:\/\/woerrlein-naturfoto.de\/wordpress\/wp-json\/wp\/v2\/pages\/662","targetHints":{"allow":["GET"]}}],"collection":[{"href":"https:\/\/woerrlein-naturfoto.de\/wordpress\/wp-json\/wp\/v2\/pages"}],"about":[{"href":"https:\/\/woerrlein-naturfoto.de\/wordpress\/wp-json\/wp\/v2\/types\/page"}],"author":[{"embeddable":true,"href":"https:\/\/woerrlein-naturfoto.de\/wordpress\/wp-json\/wp\/v2\/users\/1"}],"replies":[{"embeddable":true,"href":"https:\/\/woerrlein-naturfoto.de\/wordpress\/wp-json\/wp\/v2\/comments?post=662"}],"version-history":[{"count":16,"href":"https:\/\/woerrlein-naturfoto.de\/wordpress\/wp-json\/wp\/v2\/pages\/662\/revisions"}],"predecessor-version":[{"id":6494,"href":"https:\/\/woerrlein-naturfoto.de\/wordpress\/wp-json\/wp\/v2\/pages\/662\/revisions\/6494"}],"up":[{"embeddable":true,"href":"https:\/\/woerrlein-naturfoto.de\/wordpress\/wp-json\/wp\/v2\/pages\/647"}],"wp:attachment":[{"href":"https:\/\/woerrlein-naturfoto.de\/wordpress\/wp-json\/wp\/v2\/media?parent=662"}],"curies":[{"name":"wp","href":"https:\/\/api.w.org\/{rel}","templated":true}]}}