{"id":649,"date":"2014-07-20T16:34:42","date_gmt":"2014-07-20T14:34:42","guid":{"rendered":"http:\/\/woerrlein-naturfoto.de\/wordpress\/?page_id=649"},"modified":"2015-02-23T12:42:48","modified_gmt":"2015-02-23T11:42:48","slug":"eissturmvogel","status":"publish","type":"page","link":"https:\/\/woerrlein-naturfoto.de\/wordpress\/roehrennasen_a-z\/eissturmvogel\/","title":{"rendered":"Eissturmvogel"},"content":{"rendered":"<p><a href=\"http:\/\/woerrlein-naturfoto.de\/wordpress\/voegel\/\"><span style=\"color: #ffff66;\">V\u00f6gel<\/span> <\/a>-&gt;<a href=\"http:\/\/woerrlein-naturfoto.de\/wordpress\/hauptseite-voegel\/voegel\/roehrennasen-2\/\"> <span style=\"color: #ffff66;\">R\u00f6hrennasen<\/span><\/a><span style=\"color: #ffff66;\"><a style=\"color: #ffff66;\" title=\"R\u00f6hrennasen\" href=\"http:\/\/woerrlein-naturfoto.de\/wordpress\/voegel\/roehrennasen\/\"><br \/>\n<\/a><\/span><a title=\"V\u00f6gel von A-Z\" href=\"http:\/\/woerrlein-naturfoto.de\/wordpress\/voegel\/voegel_von_a-z\/\">V\u00f6gel von A-Z<br \/>\n<\/a>Zur Galerie <a title=\"R\u00f6hrennasen\" href=\"http:\/\/woerrlein-naturfoto.de\/wordpress\/hauptseite-voegel\/voegel\/roehrennasen-2\/\">R\u00f6hrennasen<\/a><\/p>\n<p><img loading=\"lazy\" decoding=\"async\" class=\"alignleft wp-image-639\" src=\"http:\/\/woerrlein-naturfoto.de\/wordpress\/wp-content\/uploads\/Eissturmvogel_17016L_v-600x400.jpg\" alt=\"Eissturmvogel_17016L_v.jpg\" width=\"600\" height=\"400\" \/><\/p>\n<p>Der <b>Eissturmvogel<\/b> (<i>Fulmarus glacialis<\/i>) geh\u00f6rt zur Familie der Sturmv\u00f6gel und zur Ordnung der R\u00f6hrennasen. Als einziger M\u00f6wensturmvogel n\u00f6rdlich des \u00c4quators verbringt er die meiste Zeit \u00fcber dem offenen Meer. Er ern\u00e4hrt sich von Krill, Fischen, Schnecken, Krebsen, Kopff\u00fc\u00dfern, Mollusken und Quallen. Zudem frisst er Aas und Fischabf\u00e4lle. W\u00e4hrend der Brutzeit verteidigt sich der Eissturmvogel gegen Pr\u00e4datoren und Nestr\u00e4uber, indem er diese mit seinem Magen\u00f6l bespeit. F\u00fcr die Wikinger stellte dieser Vogel eine wichtige Nahrungsquelle dar. An den Brutkolonien gibt der Vogel gackernde, glucksende und nasale Laute\u00a0 von sich. Auf hoher See ist er weniger ruffreudig.<\/p>\n<p>L\u00e4nge: 43-52 cm\u00a0\u00a0 Spannweite: 101-117 cm\u00a0\u00a0 Gewicht: 700-900 g\u00a0\u00a0 Gelege: 1 Ei<\/p>\n<p>Zur Galerie <a title=\"R\u00f6hrennasen\" href=\"http:\/\/woerrlein-naturfoto.de\/wordpress\/hauptseite-voegel\/voegel\/roehrennasen-2\/\">R\u00f6hrennasen<\/a><\/p>\n<p>&nbsp;<\/p>\n<p><em>Quelle des Textauszuges und weitere Infos bei <\/em><a href=\"http:\/\/de.wikipedia.org\/wiki\/Eissturmvogel\" target=\"_blank\">Wikipedia<\/a> <em>(<\/em><a href=\"http:\/\/www.gnu.org\/licenses\/fdl-1.3.txt\" target=\"_blank\">GNU-Lizenz<\/a><em>)<\/em> <em>(<\/em><a href=\"http:\/\/www.gnu.org\/licenses\/fdl-1.3.txt\" target=\"_blank\">GNU-Lizenz<\/a><em>)<\/em> \u2013 <em>mein Dank gilt den<\/em> <a href=\"http:\/\/de.wikipedia.org\/w\/index.php?title=Eissturmvogel&amp;action=history\" target=\"_blank\">Autoren<\/a>.<\/p>\n<p>&nbsp;<\/p>\n","protected":false},"excerpt":{"rendered":"<p>V\u00f6gel -&gt; R\u00f6hrennasen V\u00f6gel von A-Z Zur Galerie R\u00f6hrennasen Der Eissturmvogel (Fulmarus glacialis) geh\u00f6rt zur Familie der Sturmv\u00f6gel und zur Ordnung der R\u00f6hrennasen. Als einziger M\u00f6wensturmvogel n\u00f6rdlich des \u00c4quators verbringt er die meiste Zeit \u00fcber dem offenen Meer. Er ern\u00e4hrt sich von Krill, Fischen, Schnecken, Krebsen, Kopff\u00fc\u00dfern, Mollusken und Quallen. Zudem frisst er Aas und &hellip; <a href=\"https:\/\/woerrlein-naturfoto.de\/wordpress\/roehrennasen_a-z\/eissturmvogel\/\" class=\"more-link\"><span class=\"screen-reader-text\">Eissturmvogel<\/span> weiterlesen <span class=\"meta-nav\">&rarr;<\/span><\/a><\/p>\n","protected":false},"author":1,"featured_media":0,"parent":647,"menu_order":0,"comment_status":"closed","ping_status":"closed","template":"page-templates\/full-width.php","meta":{"footnotes":""},"class_list":["post-649","page","type-page","status-publish","hentry"],"_links":{"self":[{"href":"https:\/\/woerrlein-naturfoto.de\/wordpress\/wp-json\/wp\/v2\/pages\/649","targetHints":{"allow":["GET"]}}],"collection":[{"href":"https:\/\/woerrlein-naturfoto.de\/wordpress\/wp-json\/wp\/v2\/pages"}],"about":[{"href":"https:\/\/woerrlein-naturfoto.de\/wordpress\/wp-json\/wp\/v2\/types\/page"}],"author":[{"embeddable":true,"href":"https:\/\/woerrlein-naturfoto.de\/wordpress\/wp-json\/wp\/v2\/users\/1"}],"replies":[{"embeddable":true,"href":"https:\/\/woerrlein-naturfoto.de\/wordpress\/wp-json\/wp\/v2\/comments?post=649"}],"version-history":[{"count":17,"href":"https:\/\/woerrlein-naturfoto.de\/wordpress\/wp-json\/wp\/v2\/pages\/649\/revisions"}],"predecessor-version":[{"id":6493,"href":"https:\/\/woerrlein-naturfoto.de\/wordpress\/wp-json\/wp\/v2\/pages\/649\/revisions\/6493"}],"up":[{"embeddable":true,"href":"https:\/\/woerrlein-naturfoto.de\/wordpress\/wp-json\/wp\/v2\/pages\/647"}],"wp:attachment":[{"href":"https:\/\/woerrlein-naturfoto.de\/wordpress\/wp-json\/wp\/v2\/media?parent=649"}],"curies":[{"name":"wp","href":"https:\/\/api.w.org\/{rel}","templated":true}]}}