{"id":5766,"date":"2015-02-08T19:50:47","date_gmt":"2015-02-08T18:50:47","guid":{"rendered":"http:\/\/woerrlein-naturfoto.de\/wordpress\/?page_id=5766"},"modified":"2015-02-08T19:50:47","modified_gmt":"2015-02-08T18:50:47","slug":"wespenspinne","status":"publish","type":"page","link":"https:\/\/woerrlein-naturfoto.de\/wordpress\/spinnen-a-z\/wespenspinne\/","title":{"rendered":"Wespenspinne"},"content":{"rendered":"<p><a href=\"http:\/\/woerrlein-naturfoto.de\/wordpress\/hauptseite-sonstige-tiere\/sonstige-tiere\/\"><span style=\"color: #ffff66;\">sonstige Tiere<\/span> <\/a>-&gt;<a title=\"Spinnen\" href=\"http:\/\/woerrlein-naturfoto.de\/wordpress\/hauptseite-sonstige-tiere\/sonstige-tiere\/spinnen-2\/\"> <span style=\"color: #ffff66;\">Spinnen<\/span><\/a><br \/>\n<a href=\"http:\/\/woerrlein-naturfoto.de\/wordpress\/sonstige-tiere-von-a-z\/\">sonstige Tiere von A-Z<\/a><br \/>\nzur Galerie <a title=\"Spinnen\" href=\"http:\/\/woerrlein-naturfoto.de\/wordpress\/hauptseite-sonstige-tiere\/sonstige-tiere\/spinnen-2\/\">Spinnen<\/a><\/p>\n<p><img loading=\"lazy\" decoding=\"async\" class=\"alignleft wp-image-5736\" src=\"http:\/\/woerrlein-naturfoto.de\/wordpress\/wp-content\/uploads\/2015\/02\/Wespenspinne_12229L_v-400x600.jpg\" alt=\"Wespenspinne_12229L_v.jpg\" width=\"267\" height=\"400\" srcset=\"https:\/\/woerrlein-naturfoto.de\/wordpress\/wp-content\/uploads\/2015\/02\/Wespenspinne_12229L_v-400x600.jpg 400w, https:\/\/woerrlein-naturfoto.de\/wordpress\/wp-content\/uploads\/2015\/02\/Wespenspinne_12229L_v.jpg 567w\" sizes=\"auto, (max-width: 267px) 100vw, 267px\" \/>Die <b>Wespenspinne<\/b> (<i>Argiope bruennichi<\/i>) (auch <b>Zebraspinne<\/b>, <b>Tigerspinne<\/b> oder <b>Seidenbandspinne<\/b>) ist eine Spinne aus der Familie der Echten Radnetzspinnen. Die gro\u00dfe und sehr auffallend gezeichnete Art wurde 2001 zur <a title=\"Spinne des Jahres\" href=\"http:\/\/de.wikipedia.org\/wiki\/Spinne_des_Jahres\" target=\"_blank\">Spinne des Jahres<\/a> gew\u00e4hlt. W\u00e4hrend M\u00e4nnchen nur eine K\u00f6rperl\u00e4nge von sechs Millimetern erreichen, werden Weibchen mit bis zu 25 Millimetern deutlich gr\u00f6\u00dfer. Unverwechselbar ist bei den Weibchen das gelb-wei\u00df gestreifte Opisthosoma (Hinterleib), das mit schwarzen Querb\u00e4ndern wespen\u00e4hnlich gezeichnet ist, und das silbrig-wei\u00df behaarte Prosoma (Vorderleib). Die hellbraunen M\u00e4nnchen mit undeutlicher dunkler Zeichnung sind wesentlich unauff\u00e4lliger.<\/p>\n<p>zur Galerie <a title=\"Spinnen\" href=\"http:\/\/woerrlein-naturfoto.de\/wordpress\/hauptseite-sonstige-tiere\/sonstige-tiere\/spinnen-2\/\">Spinnen<\/a><\/p>\n<p>&nbsp;<\/p>\n<p><em>Quelle des Textauszuges und weitere Infos bei <\/em><a href=\"http:\/\/de.wikipedia.org\/wiki\/Wespenspinne\" target=\"_blank\">Wikipedia<\/a><em> (<\/em><a href=\"http:\/\/www.gnu.org\/licenses\/fdl-1.3.txt\" target=\"_blank\">GNU-Lizenz<\/a><em>)\u2013 mein Dank gilt den <\/em><a href=\"http:\/\/de.wikipedia.org\/w\/index.php?title=Wespenspinne&amp;action=history\" target=\"_blank\">Autoren<\/a><em>.<\/em><\/p>\n","protected":false},"excerpt":{"rendered":"<p>sonstige Tiere -&gt; Spinnen sonstige Tiere von A-Z zur Galerie Spinnen Die Wespenspinne (Argiope bruennichi) (auch Zebraspinne, Tigerspinne oder Seidenbandspinne) ist eine Spinne aus der Familie der Echten Radnetzspinnen. Die gro\u00dfe und sehr auffallend gezeichnete Art wurde 2001 zur Spinne des Jahres gew\u00e4hlt. W\u00e4hrend M\u00e4nnchen nur eine K\u00f6rperl\u00e4nge von sechs Millimetern erreichen, werden Weibchen mit &hellip; <a href=\"https:\/\/woerrlein-naturfoto.de\/wordpress\/spinnen-a-z\/wespenspinne\/\" class=\"more-link\"><span class=\"screen-reader-text\">Wespenspinne<\/span> weiterlesen <span class=\"meta-nav\">&rarr;<\/span><\/a><\/p>\n","protected":false},"author":1,"featured_media":0,"parent":5746,"menu_order":0,"comment_status":"closed","ping_status":"closed","template":"page-templates\/full-width.php","meta":{"footnotes":""},"class_list":["post-5766","page","type-page","status-publish","hentry"],"_links":{"self":[{"href":"https:\/\/woerrlein-naturfoto.de\/wordpress\/wp-json\/wp\/v2\/pages\/5766","targetHints":{"allow":["GET"]}}],"collection":[{"href":"https:\/\/woerrlein-naturfoto.de\/wordpress\/wp-json\/wp\/v2\/pages"}],"about":[{"href":"https:\/\/woerrlein-naturfoto.de\/wordpress\/wp-json\/wp\/v2\/types\/page"}],"author":[{"embeddable":true,"href":"https:\/\/woerrlein-naturfoto.de\/wordpress\/wp-json\/wp\/v2\/users\/1"}],"replies":[{"embeddable":true,"href":"https:\/\/woerrlein-naturfoto.de\/wordpress\/wp-json\/wp\/v2\/comments?post=5766"}],"version-history":[{"count":1,"href":"https:\/\/woerrlein-naturfoto.de\/wordpress\/wp-json\/wp\/v2\/pages\/5766\/revisions"}],"predecessor-version":[{"id":5767,"href":"https:\/\/woerrlein-naturfoto.de\/wordpress\/wp-json\/wp\/v2\/pages\/5766\/revisions\/5767"}],"up":[{"embeddable":true,"href":"https:\/\/woerrlein-naturfoto.de\/wordpress\/wp-json\/wp\/v2\/pages\/5746"}],"wp:attachment":[{"href":"https:\/\/woerrlein-naturfoto.de\/wordpress\/wp-json\/wp\/v2\/media?parent=5766"}],"curies":[{"name":"wp","href":"https:\/\/api.w.org\/{rel}","templated":true}]}}