{"id":5764,"date":"2015-02-08T19:47:07","date_gmt":"2015-02-08T18:47:07","guid":{"rendered":"http:\/\/woerrlein-naturfoto.de\/wordpress\/?page_id=5764"},"modified":"2015-02-08T19:47:07","modified_gmt":"2015-02-08T18:47:07","slug":"weberknecht","status":"publish","type":"page","link":"https:\/\/woerrlein-naturfoto.de\/wordpress\/spinnen-a-z\/weberknecht\/","title":{"rendered":"Weberknecht"},"content":{"rendered":"<p><a href=\"http:\/\/woerrlein-naturfoto.de\/wordpress\/hauptseite-sonstige-tiere\/sonstige-tiere\/\"><span style=\"color: #ffff66;\">sonstige Tiere<\/span> <\/a>-&gt;<a title=\"Spinnen\" href=\"http:\/\/woerrlein-naturfoto.de\/wordpress\/hauptseite-sonstige-tiere\/sonstige-tiere\/spinnen-2\/\"> <span style=\"color: #ffff66;\">Spinnen<\/span><\/a><br \/>\n<a href=\"http:\/\/woerrlein-naturfoto.de\/wordpress\/sonstige-tiere-von-a-z\/\">sonstige Tiere von A-Z<\/a><br \/>\nzur Galerie <a title=\"Spinnen\" href=\"http:\/\/woerrlein-naturfoto.de\/wordpress\/hauptseite-sonstige-tiere\/sonstige-tiere\/spinnen-2\/\">Spinnen<\/a><\/p>\n<p><img loading=\"lazy\" decoding=\"async\" class=\"alignleft wp-image-5735\" src=\"http:\/\/woerrlein-naturfoto.de\/wordpress\/wp-content\/uploads\/2015\/02\/Weberknecht_46324_v-600x400.jpg\" alt=\"Weberknecht_46324_v.jpg\" width=\"600\" height=\"400\" srcset=\"https:\/\/woerrlein-naturfoto.de\/wordpress\/wp-content\/uploads\/2015\/02\/Weberknecht_46324_v-600x400.jpg 600w, https:\/\/woerrlein-naturfoto.de\/wordpress\/wp-content\/uploads\/2015\/02\/Weberknecht_46324_v-120x80.jpg 120w, https:\/\/woerrlein-naturfoto.de\/wordpress\/wp-content\/uploads\/2015\/02\/Weberknecht_46324_v.jpg 1000w\" sizes=\"auto, (max-width: 600px) 100vw, 600px\" \/><\/p>\n<p>Die <b>Weberknechte<\/b> oder <b>Schneider<\/b> (Opiliones), gelegentlich auch <i>Schuster<\/i>, <i>Kanker<\/i> oder <i>Opa Langbein<\/i>, insbesondere in der Schweiz und in Vorarlberg auch <i>Zimmerm\u00e4nner<\/i> genannt, stellen eine Ordnung der Spinnentiere dar. Weltweit sind etwa 4000 Arten mit K\u00f6rperl\u00e4ngen von 2 bis 22 Millimetern bekannt. Die Weberknechte enthalten Arten, die gedrungen und milbenf\u00f6rmig sind, daneben aber auch die bekannten langbeinigen Arten. Die gr\u00f6\u00dften Vertreter der Weberknechte sind <i>Trogulus torosus<\/i> mit einer K\u00f6rperl\u00e4nge von 22 Millimetern sowie <i>Mitobates stygnoides<\/i> mit nur 6\u00a0Millimeter K\u00f6rperl\u00e4nge, aber mit 160 Millimeter langen Beinen. In Mitteleuropa sind etliche Arten der Weberknechte zumindest regional gef\u00e4hrdet.<br \/>\nWichtigstes Unterscheidungsmerkmal zu den Webspinnen ist eine sogenannte Verwachsung des Vorder-\u00a0 und Hinterk\u00f6rpers;\u00a0 das Opisthosoma ist stets gegliedert. Weberknechte verf\u00fcgen weder \u00fcber Spinndr\u00fcsen noch \u00fcber Giftdr\u00fcsen im engeren Sinne, allerdings \u00fcber Stinkdr\u00fcsen, die \u00fcblicherweise giftige Substanzen absondern. Sie haben, im Gegensatz zu Webspinnen, mit einem Penis ein echtes Geschlechtsorgan.<\/p>\n<p>zur Galerie <a title=\"Spinnen\" href=\"http:\/\/woerrlein-naturfoto.de\/wordpress\/hauptseite-sonstige-tiere\/sonstige-tiere\/spinnen-2\/\">Spinnen<\/a><\/p>\n<p>&nbsp;<\/p>\n<p><em>Quelle des Textauszuges und weitere Infos bei <\/em><a href=\"http:\/\/de.wikipedia.org\/wiki\/Weberknechte\" target=\"_blank\">Wikipedia<\/a><em> (<\/em><a href=\"http:\/\/www.gnu.org\/licenses\/fdl-1.3.txt\" target=\"_blank\">GNU-Lizenz<\/a><em>)\u2013 mein Dank gilt den <\/em><a href=\"http:\/\/de.wikipedia.org\/w\/index.php?title=Weberknechte&amp;action=history\" target=\"_blank\">Autoren<\/a><em>.<\/em><\/p>\n","protected":false},"excerpt":{"rendered":"<p>sonstige Tiere -&gt; Spinnen sonstige Tiere von A-Z zur Galerie Spinnen Die Weberknechte oder Schneider (Opiliones), gelegentlich auch Schuster, Kanker oder Opa Langbein, insbesondere in der Schweiz und in Vorarlberg auch Zimmerm\u00e4nner genannt, stellen eine Ordnung der Spinnentiere dar. Weltweit sind etwa 4000 Arten mit K\u00f6rperl\u00e4ngen von 2 bis 22 Millimetern bekannt. Die Weberknechte enthalten &hellip; <a href=\"https:\/\/woerrlein-naturfoto.de\/wordpress\/spinnen-a-z\/weberknecht\/\" class=\"more-link\"><span class=\"screen-reader-text\">Weberknecht<\/span> weiterlesen <span class=\"meta-nav\">&rarr;<\/span><\/a><\/p>\n","protected":false},"author":1,"featured_media":0,"parent":5746,"menu_order":0,"comment_status":"closed","ping_status":"closed","template":"page-templates\/full-width.php","meta":{"footnotes":""},"class_list":["post-5764","page","type-page","status-publish","hentry"],"_links":{"self":[{"href":"https:\/\/woerrlein-naturfoto.de\/wordpress\/wp-json\/wp\/v2\/pages\/5764","targetHints":{"allow":["GET"]}}],"collection":[{"href":"https:\/\/woerrlein-naturfoto.de\/wordpress\/wp-json\/wp\/v2\/pages"}],"about":[{"href":"https:\/\/woerrlein-naturfoto.de\/wordpress\/wp-json\/wp\/v2\/types\/page"}],"author":[{"embeddable":true,"href":"https:\/\/woerrlein-naturfoto.de\/wordpress\/wp-json\/wp\/v2\/users\/1"}],"replies":[{"embeddable":true,"href":"https:\/\/woerrlein-naturfoto.de\/wordpress\/wp-json\/wp\/v2\/comments?post=5764"}],"version-history":[{"count":1,"href":"https:\/\/woerrlein-naturfoto.de\/wordpress\/wp-json\/wp\/v2\/pages\/5764\/revisions"}],"predecessor-version":[{"id":5765,"href":"https:\/\/woerrlein-naturfoto.de\/wordpress\/wp-json\/wp\/v2\/pages\/5764\/revisions\/5765"}],"up":[{"embeddable":true,"href":"https:\/\/woerrlein-naturfoto.de\/wordpress\/wp-json\/wp\/v2\/pages\/5746"}],"wp:attachment":[{"href":"https:\/\/woerrlein-naturfoto.de\/wordpress\/wp-json\/wp\/v2\/media?parent=5764"}],"curies":[{"name":"wp","href":"https:\/\/api.w.org\/{rel}","templated":true}]}}