{"id":5757,"date":"2015-02-08T19:29:18","date_gmt":"2015-02-08T18:29:18","guid":{"rendered":"http:\/\/woerrlein-naturfoto.de\/wordpress\/?page_id=5757"},"modified":"2015-02-08T19:34:34","modified_gmt":"2015-02-08T18:34:34","slug":"veraenderliche-krabbenspinne","status":"publish","type":"page","link":"https:\/\/woerrlein-naturfoto.de\/wordpress\/spinnen-a-z\/veraenderliche-krabbenspinne\/","title":{"rendered":"Ver\u00e4nderliche Krabbenspinne"},"content":{"rendered":"<p><a href=\"http:\/\/woerrlein-naturfoto.de\/wordpress\/hauptseite-sonstige-tiere\/sonstige-tiere\/\"><span style=\"color: #ffff66;\">sonstige Tiere<\/span> <\/a>-&gt;<a title=\"Spinnen\" href=\"http:\/\/woerrlein-naturfoto.de\/wordpress\/hauptseite-sonstige-tiere\/sonstige-tiere\/spinnen-2\/\"> <span style=\"color: #ffff66;\">Spinnen<\/span><\/a><br \/>\n<a href=\"http:\/\/woerrlein-naturfoto.de\/wordpress\/sonstige-tiere-von-a-z\/\">sonstige Tiere von A-Z<\/a><br \/>\nzur Galerie <a title=\"Spinnen\" href=\"http:\/\/woerrlein-naturfoto.de\/wordpress\/hauptseite-sonstige-tiere\/sonstige-tiere\/spinnen-2\/\">Spinnen<\/a><\/p>\n<p><img loading=\"lazy\" decoding=\"async\" class=\"alignleft wp-image-5741\" src=\"http:\/\/woerrlein-naturfoto.de\/wordpress\/wp-content\/uploads\/2015\/02\/Krabbenspinne_09408-400x600.jpg\" alt=\"Krabbenspinne_09408.jpg\" width=\"266\" height=\"400\" srcset=\"https:\/\/woerrlein-naturfoto.de\/wordpress\/wp-content\/uploads\/2015\/02\/Krabbenspinne_09408-400x600.jpg 400w, https:\/\/woerrlein-naturfoto.de\/wordpress\/wp-content\/uploads\/2015\/02\/Krabbenspinne_09408.jpg 566w\" sizes=\"auto, (max-width: 266px) 100vw, 266px\" \/>Die <b>Ver\u00e4nderliche Krabbenspinne<\/b> (<i>Misumena vatia<\/i>) ist eine Spinnenart aus der Familie der Krabbenspinnen. Die Art ist in Mitteleuropa weit verbreitet. Die Ver\u00e4nderliche Krabbenspinne wurde zur <a title=\"Spinne des Jahres\" href=\"http:\/\/de.wikipedia.org\/wiki\/Spinne_des_Jahres\" target=\"_blank\">Spinne des Jahres<\/a> 2006 gew\u00e4hlt. Zum Beutefang h\u00e4lt sich die Ver\u00e4nderliche Krabbenspinne auf Bl\u00fcten auf. Sie ist in der Lage, die K\u00f6rperfarbe an die jeweilige Bl\u00fctenfarbe anzupassen. Allerdings sind zu diesem Farbwechsel nur adulte Weibchen bef\u00e4higt. Der Farbwechsel wird dabei \u00fcber den Gesichtssinn gesteuert. Bei einer Gelbf\u00e4rbung wird ein fl\u00fcssiger, gelber Farbstoff in die Epidermiszellen eingelagert, w\u00e4hrend die Wei\u00dff\u00e4rbung auf die Verlagerung des Pigments ins K\u00f6rperinnere zur\u00fcckzuf\u00fchren ist. Der gelbe Farbstoff kann bei einem l\u00e4ngeren Aufenthalt auf wei\u00dfen Bl\u00fcten auch teilweise mit dem Kot ausgeschieden werden.<\/p>\n<p>zur Galerie <a title=\"Spinnen\" href=\"http:\/\/woerrlein-naturfoto.de\/wordpress\/hauptseite-sonstige-tiere\/sonstige-tiere\/spinnen-2\/\">Spinnen<\/a><\/p>\n<p>&nbsp;<\/p>\n<p><em>Quelle des Textauszuges und weitere Infos bei <\/em><a href=\"http:\/\/de.wikipedia.org\/wiki\/Ver%C3%A4nderliche_Krabbenspinne\" target=\"_blank\">Wikipedia<\/a><em> (<\/em><a href=\"http:\/\/www.gnu.org\/licenses\/fdl-1.3.txt\" target=\"_blank\">GNU-Lizenz<\/a><em>)\u2013 mein Dank gilt den <\/em><a href=\"http:\/\/de.wikipedia.org\/w\/index.php?title=Ver%C3%A4nderliche_Krabbenspinne&amp;action=history\" target=\"_blank\">Autoren<\/a><em>.<\/em><\/p>\n","protected":false},"excerpt":{"rendered":"<p>sonstige Tiere -&gt; Spinnen sonstige Tiere von A-Z zur Galerie Spinnen Die Ver\u00e4nderliche Krabbenspinne (Misumena vatia) ist eine Spinnenart aus der Familie der Krabbenspinnen. Die Art ist in Mitteleuropa weit verbreitet. Die Ver\u00e4nderliche Krabbenspinne wurde zur Spinne des Jahres 2006 gew\u00e4hlt. Zum Beutefang h\u00e4lt sich die Ver\u00e4nderliche Krabbenspinne auf Bl\u00fcten auf. Sie ist in der &hellip; <a href=\"https:\/\/woerrlein-naturfoto.de\/wordpress\/spinnen-a-z\/veraenderliche-krabbenspinne\/\" class=\"more-link\"><span class=\"screen-reader-text\">Ver\u00e4nderliche Krabbenspinne<\/span> weiterlesen <span class=\"meta-nav\">&rarr;<\/span><\/a><\/p>\n","protected":false},"author":1,"featured_media":0,"parent":5746,"menu_order":0,"comment_status":"closed","ping_status":"closed","template":"page-templates\/full-width.php","meta":{"footnotes":""},"class_list":["post-5757","page","type-page","status-publish","hentry"],"_links":{"self":[{"href":"https:\/\/woerrlein-naturfoto.de\/wordpress\/wp-json\/wp\/v2\/pages\/5757","targetHints":{"allow":["GET"]}}],"collection":[{"href":"https:\/\/woerrlein-naturfoto.de\/wordpress\/wp-json\/wp\/v2\/pages"}],"about":[{"href":"https:\/\/woerrlein-naturfoto.de\/wordpress\/wp-json\/wp\/v2\/types\/page"}],"author":[{"embeddable":true,"href":"https:\/\/woerrlein-naturfoto.de\/wordpress\/wp-json\/wp\/v2\/users\/1"}],"replies":[{"embeddable":true,"href":"https:\/\/woerrlein-naturfoto.de\/wordpress\/wp-json\/wp\/v2\/comments?post=5757"}],"version-history":[{"count":3,"href":"https:\/\/woerrlein-naturfoto.de\/wordpress\/wp-json\/wp\/v2\/pages\/5757\/revisions"}],"predecessor-version":[{"id":5760,"href":"https:\/\/woerrlein-naturfoto.de\/wordpress\/wp-json\/wp\/v2\/pages\/5757\/revisions\/5760"}],"up":[{"embeddable":true,"href":"https:\/\/woerrlein-naturfoto.de\/wordpress\/wp-json\/wp\/v2\/pages\/5746"}],"wp:attachment":[{"href":"https:\/\/woerrlein-naturfoto.de\/wordpress\/wp-json\/wp\/v2\/media?parent=5757"}],"curies":[{"name":"wp","href":"https:\/\/api.w.org\/{rel}","templated":true}]}}