{"id":5755,"date":"2015-02-08T19:26:47","date_gmt":"2015-02-08T18:26:47","guid":{"rendered":"http:\/\/woerrlein-naturfoto.de\/wordpress\/?page_id=5755"},"modified":"2015-02-08T19:26:47","modified_gmt":"2015-02-08T18:26:47","slug":"gartenkreuzspinne","status":"publish","type":"page","link":"https:\/\/woerrlein-naturfoto.de\/wordpress\/spinnen-a-z\/gartenkreuzspinne\/","title":{"rendered":"Gartenkreuzspinne"},"content":{"rendered":"<p><a href=\"http:\/\/woerrlein-naturfoto.de\/wordpress\/hauptseite-sonstige-tiere\/sonstige-tiere\/\"><span style=\"color: #ffff66;\">sonstige Tiere<\/span> <\/a>-&gt;<a title=\"Spinnen\" href=\"http:\/\/woerrlein-naturfoto.de\/wordpress\/hauptseite-sonstige-tiere\/sonstige-tiere\/spinnen-2\/\"> <span style=\"color: #ffff66;\">Spinnen<\/span><\/a><br \/>\n<a href=\"http:\/\/woerrlein-naturfoto.de\/wordpress\/sonstige-tiere-von-a-z\/\">sonstige Tiere von A-Z<\/a><br \/>\nzur Galerie <a title=\"Spinnen\" href=\"http:\/\/woerrlein-naturfoto.de\/wordpress\/hauptseite-sonstige-tiere\/sonstige-tiere\/spinnen-2\/\">Spinnen<\/a><\/p>\n<p><img loading=\"lazy\" decoding=\"async\" class=\"alignleft wp-image-5743\" src=\"http:\/\/woerrlein-naturfoto.de\/wordpress\/wp-content\/uploads\/2015\/02\/Gartenkreuzspinne_21244-400x600.jpg\" alt=\"Gartenkreuzspinne_21244.jpg\" width=\"267\" height=\"400\" srcset=\"https:\/\/woerrlein-naturfoto.de\/wordpress\/wp-content\/uploads\/2015\/02\/Gartenkreuzspinne_21244-400x600.jpg 400w, https:\/\/woerrlein-naturfoto.de\/wordpress\/wp-content\/uploads\/2015\/02\/Gartenkreuzspinne_21244.jpg 567w\" sizes=\"auto, (max-width: 267px) 100vw, 267px\" \/>Die <b>Gartenkreuzspinne<\/b> (<i>Araneus diadematus<\/i>) ist die in Mitteleuropa h\u00e4ufigste Vertreterin der Gattung der Kreuzspinnen. Die Gartenkreuzspinne war <a title=\"Spinne des Jahres\" href=\"http:\/\/de.wikipedia.org\/wiki\/Spinne_des_Jahres\" target=\"_blank\">Spinne des Jahres<\/a> 2010. Die Gartenkreuzspinne ist leicht an den hellen, zu einem Kreuz zusammengesetzten Flecken zu erkennen. Die Flecken befinden sich auf der oberen Seite des Hinterleibs und setzen sich aus vier l\u00e4nglichen und einem kleinen, kreisf\u00f6rmigen Fleck in der Mitte zusammen. Die Grundfarbe der Spinne ist sehr variabel. Sie kann ihre F\u00e4rbung an die Helligkeit ihrer Umgebung anpassen.<\/p>\n<p>zur Galerie <a title=\"Spinnen\" href=\"http:\/\/woerrlein-naturfoto.de\/wordpress\/hauptseite-sonstige-tiere\/sonstige-tiere\/spinnen-2\/\">Spinnen<\/a><\/p>\n<p>&nbsp;<\/p>\n<p><em>Quelle des Textauszuges und weitere Infos bei <\/em><a href=\"http:\/\/de.wikipedia.org\/wiki\/Gartenkreuzspinne\" target=\"_blank\">Wikipedia<\/a><em> (<\/em><a href=\"http:\/\/www.gnu.org\/licenses\/fdl-1.3.txt\" target=\"_blank\">GNU-Lizenz<\/a><em>)\u2013 mein Dank gilt den <\/em><a href=\"http:\/\/de.wikipedia.org\/w\/index.php?title=Gartenkreuzspinne&amp;action=history\" target=\"_blank\">Autoren<\/a><em>.<\/em><\/p>\n","protected":false},"excerpt":{"rendered":"<p>sonstige Tiere -&gt; Spinnen sonstige Tiere von A-Z zur Galerie Spinnen Die Gartenkreuzspinne (Araneus diadematus) ist die in Mitteleuropa h\u00e4ufigste Vertreterin der Gattung der Kreuzspinnen. Die Gartenkreuzspinne war Spinne des Jahres 2010. Die Gartenkreuzspinne ist leicht an den hellen, zu einem Kreuz zusammengesetzten Flecken zu erkennen. Die Flecken befinden sich auf der oberen Seite des &hellip; <a href=\"https:\/\/woerrlein-naturfoto.de\/wordpress\/spinnen-a-z\/gartenkreuzspinne\/\" class=\"more-link\"><span class=\"screen-reader-text\">Gartenkreuzspinne<\/span> weiterlesen <span class=\"meta-nav\">&rarr;<\/span><\/a><\/p>\n","protected":false},"author":1,"featured_media":0,"parent":5746,"menu_order":0,"comment_status":"closed","ping_status":"closed","template":"page-templates\/full-width.php","meta":{"footnotes":""},"class_list":["post-5755","page","type-page","status-publish","hentry"],"_links":{"self":[{"href":"https:\/\/woerrlein-naturfoto.de\/wordpress\/wp-json\/wp\/v2\/pages\/5755","targetHints":{"allow":["GET"]}}],"collection":[{"href":"https:\/\/woerrlein-naturfoto.de\/wordpress\/wp-json\/wp\/v2\/pages"}],"about":[{"href":"https:\/\/woerrlein-naturfoto.de\/wordpress\/wp-json\/wp\/v2\/types\/page"}],"author":[{"embeddable":true,"href":"https:\/\/woerrlein-naturfoto.de\/wordpress\/wp-json\/wp\/v2\/users\/1"}],"replies":[{"embeddable":true,"href":"https:\/\/woerrlein-naturfoto.de\/wordpress\/wp-json\/wp\/v2\/comments?post=5755"}],"version-history":[{"count":1,"href":"https:\/\/woerrlein-naturfoto.de\/wordpress\/wp-json\/wp\/v2\/pages\/5755\/revisions"}],"predecessor-version":[{"id":5756,"href":"https:\/\/woerrlein-naturfoto.de\/wordpress\/wp-json\/wp\/v2\/pages\/5755\/revisions\/5756"}],"up":[{"embeddable":true,"href":"https:\/\/woerrlein-naturfoto.de\/wordpress\/wp-json\/wp\/v2\/pages\/5746"}],"wp:attachment":[{"href":"https:\/\/woerrlein-naturfoto.de\/wordpress\/wp-json\/wp\/v2\/media?parent=5755"}],"curies":[{"name":"wp","href":"https:\/\/api.w.org\/{rel}","templated":true}]}}