{"id":5748,"date":"2015-02-08T18:38:47","date_gmt":"2015-02-08T17:38:47","guid":{"rendered":"http:\/\/woerrlein-naturfoto.de\/wordpress\/?page_id=5748"},"modified":"2016-07-24T11:02:13","modified_gmt":"2016-07-24T09:02:13","slug":"argiope-lobata","status":"publish","type":"page","link":"https:\/\/woerrlein-naturfoto.de\/wordpress\/spinnen-a-z\/argiope-lobata\/","title":{"rendered":"Argiope Lobata"},"content":{"rendered":"<p><a href=\"http:\/\/woerrlein-naturfoto.de\/wordpress\/hauptseite-sonstige-tiere\/sonstige-tiere\/\"><span style=\"color: #ffff66;\">sonstige Tiere<\/span> <\/a>-&gt;<a title=\"Spinnen\" href=\"http:\/\/woerrlein-naturfoto.de\/wordpress\/hauptseite-sonstige-tiere\/sonstige-tiere\/spinnen-2\/\"> <span style=\"color: #ffff66;\">Spinnen<\/span><\/a><br \/>\n<a href=\"http:\/\/woerrlein-naturfoto.de\/wordpress\/sonstige-tiere-von-a-z\/\">sonstige Tiere von A-Z<\/a><br \/>\nzur Galerie <a title=\"Spinnen\" href=\"http:\/\/woerrlein-naturfoto.de\/wordpress\/hauptseite-sonstige-tiere\/sonstige-tiere\/spinnen-2\/\">Spinnen<\/a><\/p>\n<p><img loading=\"lazy\" decoding=\"async\" class=\"alignleft wp-image-8108\" src=\"http:\/\/woerrlein-naturfoto.de\/wordpress\/wp-content\/uploads\/2015\/02\/Argiope_lobata_18128L_v-400x600.jpg\" alt=\"Argiope_lobata_18128L_v\" width=\"267\" height=\"400\" srcset=\"https:\/\/woerrlein-naturfoto.de\/wordpress\/wp-content\/uploads\/2015\/02\/Argiope_lobata_18128L_v-400x600.jpg 400w, https:\/\/woerrlein-naturfoto.de\/wordpress\/wp-content\/uploads\/2015\/02\/Argiope_lobata_18128L_v.jpg 567w\" sizes=\"auto, (max-width: 267px) 100vw, 267px\" \/><i>Argiope lobata<\/i>, eine Radnetzspinne f\u00fcr die ich keinen deutschen Trivialnamen gefunden habe, ist eine enge Verwandte der Wespenspinne. Sie ist eine mediterrane Art und nur in der Alten Welt verbreitet, liebt trockene und stark besonnte Fl\u00e4chen mit l\u00fcckig stehendem Geb\u00fcsch und karger Bodenvegetation.<br \/>\n<i>Argiope lobata<\/i> baut ihr Netz gerne dicht \u00fcber dem Boden, kann aber auch in einer H\u00f6he von ungef\u00e4hr 60 bis 120\u00a0cm gefunden werden. Netze in diesem Bereich werden regelm\u00e4\u00dfig zwischen Agaven konstruiert. Falls n\u00f6tig, kann die Spinne daf\u00fcr einen sehr langen Br\u00fcckenfaden anbringen. Oftmals ist in den Netzen ein \u00e4hnliches Stabiliment wie bei der Wespenspinne vorhanden.<\/p>\n<p>zur Galerie <a title=\"Spinnen\" href=\"http:\/\/woerrlein-naturfoto.de\/wordpress\/hauptseite-sonstige-tiere\/sonstige-tiere\/spinnen-2\/\">Spinnen<\/a><\/p>\n","protected":false},"excerpt":{"rendered":"<p>sonstige Tiere -&gt; Spinnen sonstige Tiere von A-Z zur Galerie Spinnen Argiope lobata, eine Radnetzspinne f\u00fcr die ich keinen deutschen Trivialnamen gefunden habe, ist eine enge Verwandte der Wespenspinne. Sie ist eine mediterrane Art und nur in der Alten Welt verbreitet, liebt trockene und stark besonnte Fl\u00e4chen mit l\u00fcckig stehendem Geb\u00fcsch und karger Bodenvegetation. Argiope &hellip; <a href=\"https:\/\/woerrlein-naturfoto.de\/wordpress\/spinnen-a-z\/argiope-lobata\/\" class=\"more-link\"><span class=\"screen-reader-text\">Argiope Lobata<\/span> weiterlesen <span class=\"meta-nav\">&rarr;<\/span><\/a><\/p>\n","protected":false},"author":1,"featured_media":0,"parent":5746,"menu_order":0,"comment_status":"closed","ping_status":"closed","template":"page-templates\/full-width.php","meta":{"footnotes":""},"class_list":["post-5748","page","type-page","status-publish","hentry"],"_links":{"self":[{"href":"https:\/\/woerrlein-naturfoto.de\/wordpress\/wp-json\/wp\/v2\/pages\/5748","targetHints":{"allow":["GET"]}}],"collection":[{"href":"https:\/\/woerrlein-naturfoto.de\/wordpress\/wp-json\/wp\/v2\/pages"}],"about":[{"href":"https:\/\/woerrlein-naturfoto.de\/wordpress\/wp-json\/wp\/v2\/types\/page"}],"author":[{"embeddable":true,"href":"https:\/\/woerrlein-naturfoto.de\/wordpress\/wp-json\/wp\/v2\/users\/1"}],"replies":[{"embeddable":true,"href":"https:\/\/woerrlein-naturfoto.de\/wordpress\/wp-json\/wp\/v2\/comments?post=5748"}],"version-history":[{"count":5,"href":"https:\/\/woerrlein-naturfoto.de\/wordpress\/wp-json\/wp\/v2\/pages\/5748\/revisions"}],"predecessor-version":[{"id":8109,"href":"https:\/\/woerrlein-naturfoto.de\/wordpress\/wp-json\/wp\/v2\/pages\/5748\/revisions\/8109"}],"up":[{"embeddable":true,"href":"https:\/\/woerrlein-naturfoto.de\/wordpress\/wp-json\/wp\/v2\/pages\/5746"}],"wp:attachment":[{"href":"https:\/\/woerrlein-naturfoto.de\/wordpress\/wp-json\/wp\/v2\/media?parent=5748"}],"curies":[{"name":"wp","href":"https:\/\/api.w.org\/{rel}","templated":true}]}}