{"id":566,"date":"2014-05-03T18:45:29","date_gmt":"2014-05-03T16:45:29","guid":{"rendered":"http:\/\/woerrlein-naturfoto.de\/wordpress\/?page_id=566"},"modified":"2015-02-23T12:59:38","modified_gmt":"2015-02-23T11:59:38","slug":"rosaflamingo","status":"publish","type":"page","link":"https:\/\/woerrlein-naturfoto.de\/wordpress\/flamingos-a-z\/rosaflamingo\/","title":{"rendered":"Rosaflamingo"},"content":{"rendered":"<p><a href=\"http:\/\/woerrlein-naturfoto.de\/wordpress\/voegel\/\"><span style=\"color: #ffff66;\">V\u00f6gel<\/span><\/a><br \/>\n<a title=\"V\u00f6gel von A-Z\" href=\"http:\/\/woerrlein-naturfoto.de\/wordpress\/voegel\/voegel_von_a-z\/\">V\u00f6gel von A-Z<\/a><br \/>\nZur Galerie <a title=\"Flamingos\" href=\"http:\/\/woerrlein-naturfoto.de\/wordpress\/hautseite-voegel\/voegel\/flamingos\/\">Flamingos<\/a><\/p>\n<p><img loading=\"lazy\" decoding=\"async\" class=\"alignleft wp-image-550\" src=\"http:\/\/woerrlein-naturfoto.de\/wordpress\/wp-content\/uploads\/Flamingos_13830L_v-600x400.jpg\" alt=\"Flamingos_13830L_v.jpg\" width=\"600\" height=\"400\" \/><\/p>\n<p>Der<b>Rosaflamingo<\/b> (<i>Phoenicopterus roseus<\/i>) ist eine Art aus der Familie der Flamingos. Er kommt in Teilen von Afrika, Asien und S\u00fcd-Europa vor. Rosaflamingos br\u00fcten in individuenreichen Kolonien auf flachen Inseln an ausgedehnten, flachen, schlammigen Str\u00e4nden an Salzseen oder Meeresbuchten. Geeignete Standorte m\u00fcssen einen Schutz vor St\u00f6rungen und dem Eindringen von Pr\u00e4datoren und gleichzeitig Zugang zu Nahrungsgr\u00fcnden bieten. Die Zahl der international bedeutsamen Brutkolonien betr\u00e4gt auf Grund dieser hohen Anforderungen weltweit nicht mehr als 30. Rosaflamingos m\u00fcssen in der Regel mehrere Meter laufen, bevor sie sich in die Luft erheben k\u00f6nnen. Nur bei st\u00e4rkerem Gegenwind k\u00f6nnen sie ohne Anlauf starten. Im Flug sind Hals und F\u00fc\u00dfe ausgestreckt. Die Flugh\u00f6he ist abh\u00e4ngig von der Windrichtung. Bei Gegenwind fliegen sie h\u00e4ufig nur knapp \u00fcber der Wasseroberfl\u00e4che, bei R\u00fcckenwind dagegen fliegen sie in gro\u00dfer H\u00f6he.<\/p>\n<p>L\u00e4nge: 125-145 cm\u00a0\u00a0 Spannweite: 140-165 cm\u00a0\u00a0 Gewicht: 3000-4000 g\u00a0\u00a0 Gelege: 1 Ei<\/p>\n<p>Zur Galerie <a title=\"Flamingos\" href=\"http:\/\/woerrlein-naturfoto.de\/wordpress\/hautseite-voegel\/voegel\/flamingos\/\">Flamingos<\/a><\/p>\n<p>&nbsp;<\/p>\n<p><em>Quelle des Textauszuges und weitere Infos bei <\/em><a href=\"http:\/\/de.wikipedia.org\/wiki\/Rosaflamingo\" target=\"_blank\">Wikipedia<\/a> <em>(<\/em><a href=\"http:\/\/www.gnu.org\/licenses\/fdl-1.3.txt\" target=\"_blank\">GNU-Lizenz<\/a><em>)<\/em> \u2013 <em>mein Dank gilt den<\/em> <a href=\"http:\/\/de.wikipedia.org\/w\/index.php?title=Rosaflamingo&amp;action=history\" target=\"_blank\">Autoren<\/a>.<\/p>\n","protected":false},"excerpt":{"rendered":"<p>V\u00f6gel V\u00f6gel von A-Z Zur Galerie Flamingos DerRosaflamingo (Phoenicopterus roseus) ist eine Art aus der Familie der Flamingos. Er kommt in Teilen von Afrika, Asien und S\u00fcd-Europa vor. Rosaflamingos br\u00fcten in individuenreichen Kolonien auf flachen Inseln an ausgedehnten, flachen, schlammigen Str\u00e4nden an Salzseen oder Meeresbuchten. Geeignete Standorte m\u00fcssen einen Schutz vor St\u00f6rungen und dem Eindringen &hellip; <a href=\"https:\/\/woerrlein-naturfoto.de\/wordpress\/flamingos-a-z\/rosaflamingo\/\" class=\"more-link\"><span class=\"screen-reader-text\">Rosaflamingo<\/span> weiterlesen <span class=\"meta-nav\">&rarr;<\/span><\/a><\/p>\n","protected":false},"author":1,"featured_media":0,"parent":572,"menu_order":0,"comment_status":"closed","ping_status":"closed","template":"page-templates\/full-width.php","meta":{"footnotes":""},"class_list":["post-566","page","type-page","status-publish","hentry"],"_links":{"self":[{"href":"https:\/\/woerrlein-naturfoto.de\/wordpress\/wp-json\/wp\/v2\/pages\/566","targetHints":{"allow":["GET"]}}],"collection":[{"href":"https:\/\/woerrlein-naturfoto.de\/wordpress\/wp-json\/wp\/v2\/pages"}],"about":[{"href":"https:\/\/woerrlein-naturfoto.de\/wordpress\/wp-json\/wp\/v2\/types\/page"}],"author":[{"embeddable":true,"href":"https:\/\/woerrlein-naturfoto.de\/wordpress\/wp-json\/wp\/v2\/users\/1"}],"replies":[{"embeddable":true,"href":"https:\/\/woerrlein-naturfoto.de\/wordpress\/wp-json\/wp\/v2\/comments?post=566"}],"version-history":[{"count":16,"href":"https:\/\/woerrlein-naturfoto.de\/wordpress\/wp-json\/wp\/v2\/pages\/566\/revisions"}],"predecessor-version":[{"id":6536,"href":"https:\/\/woerrlein-naturfoto.de\/wordpress\/wp-json\/wp\/v2\/pages\/566\/revisions\/6536"}],"up":[{"embeddable":true,"href":"https:\/\/woerrlein-naturfoto.de\/wordpress\/wp-json\/wp\/v2\/pages\/572"}],"wp:attachment":[{"href":"https:\/\/woerrlein-naturfoto.de\/wordpress\/wp-json\/wp\/v2\/media?parent=566"}],"curies":[{"name":"wp","href":"https:\/\/api.w.org\/{rel}","templated":true}]}}