{"id":5650,"date":"2015-02-08T14:58:13","date_gmt":"2015-02-08T13:58:13","guid":{"rendered":"http:\/\/woerrlein-naturfoto.de\/wordpress\/?page_id=5650"},"modified":"2015-02-11T12:43:07","modified_gmt":"2015-02-11T11:43:07","slug":"mauswiesel","status":"publish","type":"page","link":"https:\/\/woerrlein-naturfoto.de\/wordpress\/saeugetiere-iii-a-z\/mauswiesel\/","title":{"rendered":"Mauswiesel"},"content":{"rendered":"<p><a href=\"http:\/\/woerrlein-naturfoto.de\/wordpress\/hauptseite-sonstige-tiere\/sonstige-tiere\/\"><span style=\"color: #ffff66;\">sonstige Tiere<\/span> <\/a>-&gt;<a title=\"S\u00e4ugetiere III (sonstige S\u00e4ugetiere)\" href=\"http:\/\/woerrlein-naturfoto.de\/wordpress\/hauptseite-sonstige-tiere\/sonstige-tiere\/saeugetiere-iii-sonstige-saeugetiere\/\"> <span style=\"color: #ffff66;\">S\u00e4ugetiere III (sonstige S\u00e4ugetiere)<\/span><\/a><br \/>\n<a href=\"http:\/\/woerrlein-naturfoto.de\/wordpress\/sonstige-tiere-von-a-z\/\">sonstige Tiere von A-Z<\/a><br \/>\nzur Galerie <a title=\"S\u00e4ugetiere III (sonstige S\u00e4ugetiere)\" href=\"http:\/\/woerrlein-naturfoto.de\/wordpress\/hauptseite-sonstige-tiere\/sonstige-tiere\/saeugetiere-iii-sonstige-saeugetiere\/\">sonstige S\u00e4ugetiere<\/a><\/p>\n<p><img loading=\"lazy\" decoding=\"async\" class=\"alignleft wp-image-5601\" src=\"http:\/\/woerrlein-naturfoto.de\/wordpress\/wp-content\/uploads\/2015\/02\/Mauswiesel_AW43821_v-600x400.jpg\" alt=\"Mauswiesel_AW43821_v.jpg\" width=\"600\" height=\"400\" srcset=\"https:\/\/woerrlein-naturfoto.de\/wordpress\/wp-content\/uploads\/2015\/02\/Mauswiesel_AW43821_v-600x400.jpg 600w, https:\/\/woerrlein-naturfoto.de\/wordpress\/wp-content\/uploads\/2015\/02\/Mauswiesel_AW43821_v-120x80.jpg 120w, https:\/\/woerrlein-naturfoto.de\/wordpress\/wp-content\/uploads\/2015\/02\/Mauswiesel_AW43821_v.jpg 1000w\" sizes=\"auto, (max-width: 600px) 100vw, 600px\" \/>Das <b>Mauswiesel<\/b> (<i>Mustela nivalis<\/i>), auch <b>Zwerg-<\/b> oder <b>Kleinwiesel<\/b> oder volkst\u00fcmlich <b>Herm\u00e4nnchen<\/b> genannt, ist eine Raubtierart aus der Familie der Marder. Neben dem Hermelin ist es die zweite in Mitteleuropa heimische Art der Wiesel.<br \/>\nMauswiesel k\u00f6nnen sowohl bei Tag als auch bei Nacht unterwegs sein, in den meisten F\u00e4llen sind sie allerdings tag- oder d\u00e4mmerungsaktiv. Als Deckung und Unterschlupf nutzen sie dichte Vegetation, Felsspalten, hohle Baumst\u00e4mme, Steinhaufen oder Baue anderer Tiere. Die Nester, meist ehemals von M\u00e4usen genutzt, werden mit trockener Vegetation, Haaren oder Federn ausgekleidet.<\/p>\n<p>Zur Galerie <a title=\"S\u00e4ugetiere III (sonstige S\u00e4ugetiere)\" href=\"http:\/\/woerrlein-naturfoto.de\/wordpress\/hauptseite-sonstige-tiere\/sonstige-tiere\/saeugetiere-iii-sonstige-saeugetiere\/\">sonstige S\u00e4ugetiere<\/a><\/p>\n<p>&nbsp;<\/p>\n<p><em>Quelle des Textauszuges und weitere Infos bei <\/em><a href=\"http:\/\/de.wikipedia.org\/wiki\/Mauswiesel\" target=\"_blank\">Wikipedia<\/a><em> (<\/em><a href=\"http:\/\/www.gnu.org\/licenses\/fdl-1.3.txt\" target=\"_blank\">GNU-Lizenz<\/a><em>)\u2013 mein Dank gilt den <\/em><a href=\"http:\/\/de.wikipedia.org\/w\/index.php?title=Mauswiesel&amp;action=history\" target=\"_blank\">Autoren<\/a><em>.<\/em><\/p>\n","protected":false},"excerpt":{"rendered":"<p>sonstige Tiere -&gt; S\u00e4ugetiere III (sonstige S\u00e4ugetiere) sonstige Tiere von A-Z zur Galerie sonstige S\u00e4ugetiere Das Mauswiesel (Mustela nivalis), auch Zwerg- oder Kleinwiesel oder volkst\u00fcmlich Herm\u00e4nnchen genannt, ist eine Raubtierart aus der Familie der Marder. Neben dem Hermelin ist es die zweite in Mitteleuropa heimische Art der Wiesel. Mauswiesel k\u00f6nnen sowohl bei Tag als auch &hellip; <a href=\"https:\/\/woerrlein-naturfoto.de\/wordpress\/saeugetiere-iii-a-z\/mauswiesel\/\" class=\"more-link\"><span class=\"screen-reader-text\">Mauswiesel<\/span> weiterlesen <span class=\"meta-nav\">&rarr;<\/span><\/a><\/p>\n","protected":false},"author":1,"featured_media":0,"parent":5629,"menu_order":0,"comment_status":"closed","ping_status":"closed","template":"page-templates\/full-width.php","meta":{"footnotes":""},"class_list":["post-5650","page","type-page","status-publish","hentry"],"_links":{"self":[{"href":"https:\/\/woerrlein-naturfoto.de\/wordpress\/wp-json\/wp\/v2\/pages\/5650","targetHints":{"allow":["GET"]}}],"collection":[{"href":"https:\/\/woerrlein-naturfoto.de\/wordpress\/wp-json\/wp\/v2\/pages"}],"about":[{"href":"https:\/\/woerrlein-naturfoto.de\/wordpress\/wp-json\/wp\/v2\/types\/page"}],"author":[{"embeddable":true,"href":"https:\/\/woerrlein-naturfoto.de\/wordpress\/wp-json\/wp\/v2\/users\/1"}],"replies":[{"embeddable":true,"href":"https:\/\/woerrlein-naturfoto.de\/wordpress\/wp-json\/wp\/v2\/comments?post=5650"}],"version-history":[{"count":2,"href":"https:\/\/woerrlein-naturfoto.de\/wordpress\/wp-json\/wp\/v2\/pages\/5650\/revisions"}],"predecessor-version":[{"id":5814,"href":"https:\/\/woerrlein-naturfoto.de\/wordpress\/wp-json\/wp\/v2\/pages\/5650\/revisions\/5814"}],"up":[{"embeddable":true,"href":"https:\/\/woerrlein-naturfoto.de\/wordpress\/wp-json\/wp\/v2\/pages\/5629"}],"wp:attachment":[{"href":"https:\/\/woerrlein-naturfoto.de\/wordpress\/wp-json\/wp\/v2\/media?parent=5650"}],"curies":[{"name":"wp","href":"https:\/\/api.w.org\/{rel}","templated":true}]}}