{"id":5642,"date":"2015-02-08T14:36:24","date_gmt":"2015-02-08T13:36:24","guid":{"rendered":"http:\/\/woerrlein-naturfoto.de\/wordpress\/?page_id=5642"},"modified":"2015-02-11T12:40:05","modified_gmt":"2015-02-11T11:40:05","slug":"feldhase","status":"publish","type":"page","link":"https:\/\/woerrlein-naturfoto.de\/wordpress\/saeugetiere-iii-a-z\/feldhase\/","title":{"rendered":"Feldhase"},"content":{"rendered":"<p><a href=\"http:\/\/woerrlein-naturfoto.de\/wordpress\/hauptseite-sonstige-tiere\/sonstige-tiere\/\"><span style=\"color: #ffff66;\">sonstige Tiere<\/span> <\/a>-&gt;<a title=\"S\u00e4ugetiere III (sonstige S\u00e4ugetiere)\" href=\"http:\/\/woerrlein-naturfoto.de\/wordpress\/hauptseite-sonstige-tiere\/sonstige-tiere\/saeugetiere-iii-sonstige-saeugetiere\/\"> <span style=\"color: #ffff66;\">S\u00e4ugetiere III (sonstige S\u00e4ugetiere)<\/span><\/a><br \/>\n<a href=\"http:\/\/woerrlein-naturfoto.de\/wordpress\/sonstige-tiere-von-a-z\/\">sonstige Tiere von A-Z<\/a><br \/>\nzur Galerie <a title=\"S\u00e4ugetiere III (sonstige S\u00e4ugetiere)\" href=\"http:\/\/woerrlein-naturfoto.de\/wordpress\/hauptseite-sonstige-tiere\/sonstige-tiere\/saeugetiere-iii-sonstige-saeugetiere\/\">sonstige S\u00e4ugetiere<\/a><\/p>\n<p><img loading=\"lazy\" decoding=\"async\" class=\"alignleft wp-image-5584\" src=\"http:\/\/woerrlein-naturfoto.de\/wordpress\/wp-content\/uploads\/2015\/02\/Feldhase_21074L_v-600x400.jpg\" alt=\"Feldhase_21074L_v.jpg\" width=\"600\" height=\"400\" srcset=\"https:\/\/woerrlein-naturfoto.de\/wordpress\/wp-content\/uploads\/2015\/02\/Feldhase_21074L_v-600x400.jpg 600w, https:\/\/woerrlein-naturfoto.de\/wordpress\/wp-content\/uploads\/2015\/02\/Feldhase_21074L_v-120x80.jpg 120w, https:\/\/woerrlein-naturfoto.de\/wordpress\/wp-content\/uploads\/2015\/02\/Feldhase_21074L_v.jpg 1000w\" sizes=\"auto, (max-width: 600px) 100vw, 600px\" \/>Der <b>Feldhase<\/b> (<i>Lepus europaeus<\/i>) ist ein S\u00e4ugetier aus der Familie der Hasen (Leporidae). Die Art besiedelt offene und halboffene Landschaften. Das nat\u00fcrliche Verbreitungsgebiet umfasst weite Teile der s\u00fcdwestlichen <a title=\"Pal\u00e4arktis\" href=\"http:\/\/de.wikipedia.org\/wiki\/Pal%C3%A4arktis\" target=\"_blank\">Pal\u00e4arktis<\/a>; durch zahlreiche Einb\u00fcrgerungen kommt die Art heute jedoch auf fast allen Kontinenten vor. Aufgrund der starken Intensivierung der Landwirtschaft ist der Bestand des Feldhasen in vielen Regionen Europas r\u00fcckl\u00e4ufig. Die Schutzgemeinschaft Deutsches Wild erkl\u00e4rte den Feldhasen f\u00fcr das Jahr 2015 zum <a title=\"Tier des Jahres\" href=\"http:\/\/de.wikipedia.org\/wiki\/Tier_des_Jahres#Tier_des_Jahres_in_Deutschland\" target=\"_blank\">Tier des Jahres<\/a>.<sup id=\"cite_ref-1\" class=\"reference\"><\/sup><\/p>\n<p>Zur Galerie <a title=\"S\u00e4ugetiere III (sonstige S\u00e4ugetiere)\" href=\"http:\/\/woerrlein-naturfoto.de\/wordpress\/hauptseite-sonstige-tiere\/sonstige-tiere\/saeugetiere-iii-sonstige-saeugetiere\/\">sonstige S\u00e4ugetiere<\/a><\/p>\n<p>&nbsp;<\/p>\n<p><em>Quelle des Textauszuges und weitere Infos bei <\/em><a href=\"http:\/\/de.wikipedia.org\/wiki\/Feldhase\" target=\"_blank\">Wikipedia<\/a><em> (<\/em><a href=\"http:\/\/www.gnu.org\/licenses\/fdl-1.3.txt\" target=\"_blank\">GNU-Lizenz<\/a><em>)\u2013 mein Dank gilt den <\/em><a href=\"http:\/\/de.wikipedia.org\/w\/index.php?title=Feldhase&amp;action=history\" target=\"_blank\">Autoren<\/a><em>.<\/em><\/p>\n","protected":false},"excerpt":{"rendered":"<p>sonstige Tiere -&gt; S\u00e4ugetiere III (sonstige S\u00e4ugetiere) sonstige Tiere von A-Z zur Galerie sonstige S\u00e4ugetiere Der Feldhase (Lepus europaeus) ist ein S\u00e4ugetier aus der Familie der Hasen (Leporidae). Die Art besiedelt offene und halboffene Landschaften. Das nat\u00fcrliche Verbreitungsgebiet umfasst weite Teile der s\u00fcdwestlichen Pal\u00e4arktis; durch zahlreiche Einb\u00fcrgerungen kommt die Art heute jedoch auf fast allen &hellip; <a href=\"https:\/\/woerrlein-naturfoto.de\/wordpress\/saeugetiere-iii-a-z\/feldhase\/\" class=\"more-link\"><span class=\"screen-reader-text\">Feldhase<\/span> weiterlesen <span class=\"meta-nav\">&rarr;<\/span><\/a><\/p>\n","protected":false},"author":1,"featured_media":0,"parent":5629,"menu_order":0,"comment_status":"closed","ping_status":"closed","template":"page-templates\/full-width.php","meta":{"footnotes":""},"class_list":["post-5642","page","type-page","status-publish","hentry"],"_links":{"self":[{"href":"https:\/\/woerrlein-naturfoto.de\/wordpress\/wp-json\/wp\/v2\/pages\/5642","targetHints":{"allow":["GET"]}}],"collection":[{"href":"https:\/\/woerrlein-naturfoto.de\/wordpress\/wp-json\/wp\/v2\/pages"}],"about":[{"href":"https:\/\/woerrlein-naturfoto.de\/wordpress\/wp-json\/wp\/v2\/types\/page"}],"author":[{"embeddable":true,"href":"https:\/\/woerrlein-naturfoto.de\/wordpress\/wp-json\/wp\/v2\/users\/1"}],"replies":[{"embeddable":true,"href":"https:\/\/woerrlein-naturfoto.de\/wordpress\/wp-json\/wp\/v2\/comments?post=5642"}],"version-history":[{"count":2,"href":"https:\/\/woerrlein-naturfoto.de\/wordpress\/wp-json\/wp\/v2\/pages\/5642\/revisions"}],"predecessor-version":[{"id":5810,"href":"https:\/\/woerrlein-naturfoto.de\/wordpress\/wp-json\/wp\/v2\/pages\/5642\/revisions\/5810"}],"up":[{"embeddable":true,"href":"https:\/\/woerrlein-naturfoto.de\/wordpress\/wp-json\/wp\/v2\/pages\/5629"}],"wp:attachment":[{"href":"https:\/\/woerrlein-naturfoto.de\/wordpress\/wp-json\/wp\/v2\/media?parent=5642"}],"curies":[{"name":"wp","href":"https:\/\/api.w.org\/{rel}","templated":true}]}}