{"id":5640,"date":"2015-02-08T14:32:09","date_gmt":"2015-02-08T13:32:09","guid":{"rendered":"http:\/\/woerrlein-naturfoto.de\/wordpress\/?page_id=5640"},"modified":"2015-02-11T12:39:43","modified_gmt":"2015-02-11T11:39:43","slug":"eichhoernchen","status":"publish","type":"page","link":"https:\/\/woerrlein-naturfoto.de\/wordpress\/saeugetiere-iii-a-z\/eichhoernchen\/","title":{"rendered":"Eichh\u00f6rnchen"},"content":{"rendered":"<p><a href=\"http:\/\/woerrlein-naturfoto.de\/wordpress\/hauptseite-sonstige-tiere\/sonstige-tiere\/\"><span style=\"color: #ffff66;\">sonstige Tiere<\/span> <\/a>-&gt;<a title=\"S\u00e4ugetiere III (sonstige S\u00e4ugetiere)\" href=\"http:\/\/woerrlein-naturfoto.de\/wordpress\/hauptseite-sonstige-tiere\/sonstige-tiere\/saeugetiere-iii-sonstige-saeugetiere\/\"> <span style=\"color: #ffff66;\">S\u00e4ugetiere III (sonstige S\u00e4ugetiere)<\/span><\/a><br \/>\n<a href=\"http:\/\/woerrlein-naturfoto.de\/wordpress\/sonstige-tiere-von-a-z\/\">sonstige Tiere von A-Z<\/a><br \/>\nzur Galerie <a title=\"S\u00e4ugetiere III (sonstige S\u00e4ugetiere)\" href=\"http:\/\/woerrlein-naturfoto.de\/wordpress\/hauptseite-sonstige-tiere\/sonstige-tiere\/saeugetiere-iii-sonstige-saeugetiere\/\">sonstige S\u00e4ugetiere<\/a><\/p>\n<p><img loading=\"lazy\" decoding=\"async\" class=\"alignleft wp-image-5614\" src=\"http:\/\/woerrlein-naturfoto.de\/wordpress\/wp-content\/uploads\/2015\/02\/Eichhoernchen_12023-600x400.jpg\" alt=\"Eichhoernchen_12023.jpg\" width=\"600\" height=\"400\" \/>Das <b>Eichh\u00f6rnchen<\/b> (<i>Sciurus vulgaris<\/i>), regional auch <b>Eichk\u00e4tzchen<\/b>, <b>Eichkater<\/b> oder niederdeutsch <b>Katteker<\/b>, ist ein Nagetier aus der Familie der H\u00f6rnchen. Es ist der einzige nat\u00fcrlich in Mitteleuropa vorkommende Vertreter aus der Gattung der Eichh\u00f6rnchen und wird zur Unterscheidung von anderen Arten wie dem Kaukasischen Eichh\u00f6rnchen und dem in Europa eingeb\u00fcrgerten Grauh\u00f6rnchen auch als <b>Europ\u00e4isches Eichh\u00f6rnchen<\/b> bezeichnet.<\/p>\n<p>Zur Galerie <a title=\"S\u00e4ugetiere III (sonstige S\u00e4ugetiere)\" href=\"http:\/\/woerrlein-naturfoto.de\/wordpress\/hauptseite-sonstige-tiere\/sonstige-tiere\/saeugetiere-iii-sonstige-saeugetiere\/\">sonstige S\u00e4ugetiere<\/a><\/p>\n<p>&nbsp;<\/p>\n<p><em>Quelle des Textauszuges und weitere Infos bei <\/em><a href=\"http:\/\/de.wikipedia.org\/wiki\/Eichh%C3%B6rnchen\" target=\"_blank\">Wikipedia<\/a><em> (<\/em><a href=\"http:\/\/www.gnu.org\/licenses\/fdl-1.3.txt\" target=\"_blank\">GNU-Lizenz<\/a><em>)\u2013 mein Dank gilt den <\/em><a href=\"http:\/\/de.wikipedia.org\/w\/index.php?title=Eichh%C3%B6rnchen&amp;action=history\" target=\"_blank\">Autoren<\/a><em>.<\/em><\/p>\n","protected":false},"excerpt":{"rendered":"<p>sonstige Tiere -&gt; S\u00e4ugetiere III (sonstige S\u00e4ugetiere) sonstige Tiere von A-Z zur Galerie sonstige S\u00e4ugetiere Das Eichh\u00f6rnchen (Sciurus vulgaris), regional auch Eichk\u00e4tzchen, Eichkater oder niederdeutsch Katteker, ist ein Nagetier aus der Familie der H\u00f6rnchen. Es ist der einzige nat\u00fcrlich in Mitteleuropa vorkommende Vertreter aus der Gattung der Eichh\u00f6rnchen und wird zur Unterscheidung von anderen Arten &hellip; <a href=\"https:\/\/woerrlein-naturfoto.de\/wordpress\/saeugetiere-iii-a-z\/eichhoernchen\/\" class=\"more-link\"><span class=\"screen-reader-text\">Eichh\u00f6rnchen<\/span> weiterlesen <span class=\"meta-nav\">&rarr;<\/span><\/a><\/p>\n","protected":false},"author":1,"featured_media":0,"parent":5629,"menu_order":0,"comment_status":"closed","ping_status":"closed","template":"page-templates\/full-width.php","meta":{"footnotes":""},"class_list":["post-5640","page","type-page","status-publish","hentry"],"_links":{"self":[{"href":"https:\/\/woerrlein-naturfoto.de\/wordpress\/wp-json\/wp\/v2\/pages\/5640","targetHints":{"allow":["GET"]}}],"collection":[{"href":"https:\/\/woerrlein-naturfoto.de\/wordpress\/wp-json\/wp\/v2\/pages"}],"about":[{"href":"https:\/\/woerrlein-naturfoto.de\/wordpress\/wp-json\/wp\/v2\/types\/page"}],"author":[{"embeddable":true,"href":"https:\/\/woerrlein-naturfoto.de\/wordpress\/wp-json\/wp\/v2\/users\/1"}],"replies":[{"embeddable":true,"href":"https:\/\/woerrlein-naturfoto.de\/wordpress\/wp-json\/wp\/v2\/comments?post=5640"}],"version-history":[{"count":2,"href":"https:\/\/woerrlein-naturfoto.de\/wordpress\/wp-json\/wp\/v2\/pages\/5640\/revisions"}],"predecessor-version":[{"id":5809,"href":"https:\/\/woerrlein-naturfoto.de\/wordpress\/wp-json\/wp\/v2\/pages\/5640\/revisions\/5809"}],"up":[{"embeddable":true,"href":"https:\/\/woerrlein-naturfoto.de\/wordpress\/wp-json\/wp\/v2\/pages\/5629"}],"wp:attachment":[{"href":"https:\/\/woerrlein-naturfoto.de\/wordpress\/wp-json\/wp\/v2\/media?parent=5640"}],"curies":[{"name":"wp","href":"https:\/\/api.w.org\/{rel}","templated":true}]}}