{"id":5638,"date":"2015-02-08T14:07:47","date_gmt":"2015-02-08T13:07:47","guid":{"rendered":"http:\/\/woerrlein-naturfoto.de\/wordpress\/?page_id=5638"},"modified":"2015-02-11T12:39:21","modified_gmt":"2015-02-11T11:39:21","slug":"dachs","status":"publish","type":"page","link":"https:\/\/woerrlein-naturfoto.de\/wordpress\/saeugetiere-iii-a-z\/dachs\/","title":{"rendered":"Dachs"},"content":{"rendered":"<p><a href=\"http:\/\/woerrlein-naturfoto.de\/wordpress\/hauptseite-sonstige-tiere\/sonstige-tiere\/\"><span style=\"color: #ffff66;\">sonstige Tiere<\/span> <\/a>-&gt;<a title=\"S\u00e4ugetiere III (sonstige S\u00e4ugetiere)\" href=\"http:\/\/woerrlein-naturfoto.de\/wordpress\/hauptseite-sonstige-tiere\/sonstige-tiere\/saeugetiere-iii-sonstige-saeugetiere\/\"> <span style=\"color: #ffff66;\">S\u00e4ugetiere III (sonstige S\u00e4ugetiere)<\/span><\/a><br \/>\n<a href=\"http:\/\/woerrlein-naturfoto.de\/wordpress\/sonstige-tiere-von-a-z\/\">sonstige Tiere von A-Z<\/a><br \/>\nzur Galerie <a title=\"S\u00e4ugetiere III (sonstige S\u00e4ugetiere)\" href=\"http:\/\/woerrlein-naturfoto.de\/wordpress\/hauptseite-sonstige-tiere\/sonstige-tiere\/saeugetiere-iii-sonstige-saeugetiere\/\">sonstige S\u00e4ugetiere<\/a><\/p>\n<p><img loading=\"lazy\" decoding=\"async\" class=\"alignleft wp-image-5580\" src=\"http:\/\/woerrlein-naturfoto.de\/wordpress\/wp-content\/uploads\/2015\/02\/Dachs_D130707_496_v-600x400.jpg\" alt=\"Dachs_D130707_496_v.jpg\" width=\"600\" height=\"400\" srcset=\"https:\/\/woerrlein-naturfoto.de\/wordpress\/wp-content\/uploads\/2015\/02\/Dachs_D130707_496_v-600x400.jpg 600w, https:\/\/woerrlein-naturfoto.de\/wordpress\/wp-content\/uploads\/2015\/02\/Dachs_D130707_496_v-120x80.jpg 120w, https:\/\/woerrlein-naturfoto.de\/wordpress\/wp-content\/uploads\/2015\/02\/Dachs_D130707_496_v.jpg 1000w\" sizes=\"auto, (max-width: 600px) 100vw, 600px\" \/><\/p>\n<p>Der <b>Europ\u00e4ische Dachs<\/b> (<i>Meles meles<\/i>) ist ein Raubtier aus der Familie der Marder und eine von vier Arten der Gattung <i>Meles<\/i>, die noch bis Anfang der 2000er Jahre in einer Art zusammengefasst waren. Volkst\u00fcmlich wird der <strong>Dachs<\/strong> auch \u2013 vor allem in der Fabel \u2013 als \u201eGrimbart\u201c bezeichnet. Er war das <a class=\"mw-redirect\" title=\"Wildtier des Jahres\" href=\"http:\/\/de.wikipedia.org\/wiki\/Wildtier_des_Jahres\" target=\"_blank\">Wildtier des Jahres<\/a> 2010 in Deutschland und \u00d6sterreich.<br \/>\nDas Verbreitungsgebiet erstreckt sich \u00fcber ganz Europa sowie ostw\u00e4rts bis zur Wolga, zum Kaukasus und bis nach Afghanistan. Dachsen in anderen Gebieten Asiens, die lange als Unterarten gef\u00fchrt wurden, wurde mittlerweile Artstatus zugewiesen. Der Dachs bewohnt meist h\u00fcgelige, wald- und geh\u00f6lzbestandene Landschaften, wo er seine umfangreichen Baue meist an H\u00e4ngen anlegt. Er zeigt ein sehr breites Nahrungsspektrum, das je nach Jahreszeit mehr aus tierischer oder aus pflanzlicher Kost bestehen kann. Einen gro\u00dfen Anteil machen Regenw\u00fcrmer aus, aber auch Insekten, Kleins\u00e4uger, Feldfr\u00fcchte oder Beeren werden gefressen.<\/p>\n<p>Zur Galerie <a title=\"S\u00e4ugetiere III (sonstige S\u00e4ugetiere)\" href=\"http:\/\/woerrlein-naturfoto.de\/wordpress\/hauptseite-sonstige-tiere\/sonstige-tiere\/saeugetiere-iii-sonstige-saeugetiere\/\">sonstige S\u00e4ugetiere<\/a><\/p>\n<p>&nbsp;<\/p>\n<p><em>Quelle des Textauszuges und weitere Infos bei <\/em><a href=\"http:\/\/de.wikipedia.org\/wiki\/Europ%C3%A4ischer_Dachs\" target=\"_blank\">Wikipedia<\/a><em> (<\/em><a href=\"http:\/\/www.gnu.org\/licenses\/fdl-1.3.txt\" target=\"_blank\">GNU-Lizenz<\/a><em>)\u2013 mein Dank gilt den <\/em><a href=\"http:\/\/de.wikipedia.org\/w\/index.php?title=Europ%C3%A4ischer_Dachs&amp;action=history\" target=\"_blank\">Autoren<\/a><em>.<\/em><\/p>\n","protected":false},"excerpt":{"rendered":"<p>sonstige Tiere -&gt; S\u00e4ugetiere III (sonstige S\u00e4ugetiere) sonstige Tiere von A-Z zur Galerie sonstige S\u00e4ugetiere Der Europ\u00e4ische Dachs (Meles meles) ist ein Raubtier aus der Familie der Marder und eine von vier Arten der Gattung Meles, die noch bis Anfang der 2000er Jahre in einer Art zusammengefasst waren. Volkst\u00fcmlich wird der Dachs auch \u2013 vor &hellip; <a href=\"https:\/\/woerrlein-naturfoto.de\/wordpress\/saeugetiere-iii-a-z\/dachs\/\" class=\"more-link\"><span class=\"screen-reader-text\">Dachs<\/span> weiterlesen <span class=\"meta-nav\">&rarr;<\/span><\/a><\/p>\n","protected":false},"author":1,"featured_media":0,"parent":5629,"menu_order":0,"comment_status":"closed","ping_status":"closed","template":"page-templates\/full-width.php","meta":{"footnotes":""},"class_list":["post-5638","page","type-page","status-publish","hentry"],"_links":{"self":[{"href":"https:\/\/woerrlein-naturfoto.de\/wordpress\/wp-json\/wp\/v2\/pages\/5638","targetHints":{"allow":["GET"]}}],"collection":[{"href":"https:\/\/woerrlein-naturfoto.de\/wordpress\/wp-json\/wp\/v2\/pages"}],"about":[{"href":"https:\/\/woerrlein-naturfoto.de\/wordpress\/wp-json\/wp\/v2\/types\/page"}],"author":[{"embeddable":true,"href":"https:\/\/woerrlein-naturfoto.de\/wordpress\/wp-json\/wp\/v2\/users\/1"}],"replies":[{"embeddable":true,"href":"https:\/\/woerrlein-naturfoto.de\/wordpress\/wp-json\/wp\/v2\/comments?post=5638"}],"version-history":[{"count":2,"href":"https:\/\/woerrlein-naturfoto.de\/wordpress\/wp-json\/wp\/v2\/pages\/5638\/revisions"}],"predecessor-version":[{"id":5808,"href":"https:\/\/woerrlein-naturfoto.de\/wordpress\/wp-json\/wp\/v2\/pages\/5638\/revisions\/5808"}],"up":[{"embeddable":true,"href":"https:\/\/woerrlein-naturfoto.de\/wordpress\/wp-json\/wp\/v2\/pages\/5629"}],"wp:attachment":[{"href":"https:\/\/woerrlein-naturfoto.de\/wordpress\/wp-json\/wp\/v2\/media?parent=5638"}],"curies":[{"name":"wp","href":"https:\/\/api.w.org\/{rel}","templated":true}]}}