{"id":5635,"date":"2015-02-08T14:02:37","date_gmt":"2015-02-08T13:02:37","guid":{"rendered":"http:\/\/woerrlein-naturfoto.de\/wordpress\/?page_id=5635"},"modified":"2023-08-12T17:45:31","modified_gmt":"2023-08-12T15:45:31","slug":"braunbaer","status":"publish","type":"page","link":"https:\/\/woerrlein-naturfoto.de\/wordpress\/saeugetiere-iii-a-z\/braunbaer\/","title":{"rendered":"Braunb\u00e4r"},"content":{"rendered":"<p><a href=\"http:\/\/woerrlein-naturfoto.de\/wordpress\/hauptseite-sonstige-tiere\/sonstige-tiere\/\"><span style=\"color: #ffff66;\">sonstige Tiere<\/span> <\/a>-&gt;<a title=\"S\u00e4ugetiere III (sonstige S\u00e4ugetiere)\" href=\"http:\/\/woerrlein-naturfoto.de\/wordpress\/hauptseite-sonstige-tiere\/sonstige-tiere\/saeugetiere-iii-sonstige-saeugetiere\/\"> <span style=\"color: #ffff66;\">S\u00e4ugetiere III (sonstige S\u00e4ugetiere)<\/span><\/a><br \/>\n<a href=\"http:\/\/woerrlein-naturfoto.de\/wordpress\/sonstige-tiere-von-a-z\/\">sonstige Tiere von A-Z<\/a><br \/>\nzur Galerie <a title=\"S\u00e4ugetiere III (sonstige S\u00e4ugetiere)\" href=\"http:\/\/woerrlein-naturfoto.de\/wordpress\/hauptseite-sonstige-tiere\/sonstige-tiere\/saeugetiere-iii-sonstige-saeugetiere\/\">sonstige S\u00e4ugetiere<\/a><\/p>\n<p><img loading=\"lazy\" decoding=\"async\" class=\"alignleft wp-image-5573\" src=\"http:\/\/woerrlein-naturfoto.de\/wordpress\/wp-content\/uploads\/2015\/02\/BaerenMW33501_gros-600x400.jpg\" alt=\"BaerenMW33501_gros.jpg\" width=\"600\" height=\"400\" \/><\/p>\n<p>Der <b>Braunb\u00e4r<\/b> <i>(Ursus arctos)<\/i> ist eine S\u00e4ugetierart aus der Familie der B\u00e4ren. In Eurasien und Nordamerika kommt er in mehreren Unterarten vor, darunter Europ\u00e4ischer Braunb\u00e4r (<i>U.\u00a0a. arctos<\/i>), Grizzlyb\u00e4r (<i>U.\u00a0a. horribilis<\/i>) und Kodiakb\u00e4r (<i>U.\u00a0a. middendorffi<\/i>).<br \/>\nAls eines der gr\u00f6\u00dften an Land lebenden Raubtiere der Erde spielt er in zahlreichen Mythen und Sagen eine wichtige Rolle, gleichzeitig wurde er als (zumindest vermeintlicher) Nahrungskonkurrent und potenzieller Gef\u00e4hrder des Menschen vielerorts dezimiert oder ausgerottet. So gibt es in West- und Mitteleuropa nur mehr Reliktpopulationen. Innerhalb des deutschen Sprachraums lebt nur in \u00d6sterreich dauerhaft eine kleine Gruppe, in anderen Regionen des Alpenraums wandern gelegentlich Exemplare umher.<\/p>\n<p>Zur Galerie <a title=\"S\u00e4ugetiere III (sonstige S\u00e4ugetiere)\" href=\"http:\/\/woerrlein-naturfoto.de\/wordpress\/hauptseite-sonstige-tiere\/sonstige-tiere\/saeugetiere-iii-sonstige-saeugetiere\/\">sonstige S\u00e4ugetiere<\/a><\/p>\n<p>&nbsp;<\/p>\n<p><em>Quelle des Textauszuges und weitere Infos bei <\/em><a href=\"http:\/\/de.wikipedia.org\/wiki\/Braunb%C3%A4r\" target=\"_blank\" rel=\"noopener\">Wikipedia<\/a><em> (<\/em><a href=\"http:\/\/www.gnu.org\/licenses\/fdl-1.3.txt\" target=\"_blank\" rel=\"noopener\">GNU-Lizenz<\/a><em>)\u2013 mein Dank gilt den <\/em><a href=\"http:\/\/de.wikipedia.org\/w\/index.php?title=Braunb%C3%A4r&amp;action=history\" target=\"_blank\" rel=\"noopener\">Autoren<\/a><em>.<\/em><\/p>\n","protected":false},"excerpt":{"rendered":"<p>sonstige Tiere -&gt; S\u00e4ugetiere III (sonstige S\u00e4ugetiere) sonstige Tiere von A-Z zur Galerie sonstige S\u00e4ugetiere Der Braunb\u00e4r (Ursus arctos) ist eine S\u00e4ugetierart aus der Familie der B\u00e4ren. In Eurasien und Nordamerika kommt er in mehreren Unterarten vor, darunter Europ\u00e4ischer Braunb\u00e4r (U.\u00a0a. arctos), Grizzlyb\u00e4r (U.\u00a0a. horribilis) und Kodiakb\u00e4r (U.\u00a0a. middendorffi). Als eines der gr\u00f6\u00dften an Land &hellip; <a href=\"https:\/\/woerrlein-naturfoto.de\/wordpress\/saeugetiere-iii-a-z\/braunbaer\/\" class=\"more-link\"><span class=\"screen-reader-text\">Braunb\u00e4r<\/span> weiterlesen <span class=\"meta-nav\">&rarr;<\/span><\/a><\/p>\n","protected":false},"author":1,"featured_media":0,"parent":5629,"menu_order":0,"comment_status":"closed","ping_status":"closed","template":"page-templates\/full-width.php","meta":{"footnotes":""},"class_list":["post-5635","page","type-page","status-publish","hentry"],"_links":{"self":[{"href":"https:\/\/woerrlein-naturfoto.de\/wordpress\/wp-json\/wp\/v2\/pages\/5635","targetHints":{"allow":["GET"]}}],"collection":[{"href":"https:\/\/woerrlein-naturfoto.de\/wordpress\/wp-json\/wp\/v2\/pages"}],"about":[{"href":"https:\/\/woerrlein-naturfoto.de\/wordpress\/wp-json\/wp\/v2\/types\/page"}],"author":[{"embeddable":true,"href":"https:\/\/woerrlein-naturfoto.de\/wordpress\/wp-json\/wp\/v2\/users\/1"}],"replies":[{"embeddable":true,"href":"https:\/\/woerrlein-naturfoto.de\/wordpress\/wp-json\/wp\/v2\/comments?post=5635"}],"version-history":[{"count":5,"href":"https:\/\/woerrlein-naturfoto.de\/wordpress\/wp-json\/wp\/v2\/pages\/5635\/revisions"}],"predecessor-version":[{"id":17288,"href":"https:\/\/woerrlein-naturfoto.de\/wordpress\/wp-json\/wp\/v2\/pages\/5635\/revisions\/17288"}],"up":[{"embeddable":true,"href":"https:\/\/woerrlein-naturfoto.de\/wordpress\/wp-json\/wp\/v2\/pages\/5629"}],"wp:attachment":[{"href":"https:\/\/woerrlein-naturfoto.de\/wordpress\/wp-json\/wp\/v2\/media?parent=5635"}],"curies":[{"name":"wp","href":"https:\/\/api.w.org\/{rel}","templated":true}]}}