{"id":5513,"date":"2015-02-07T17:36:31","date_gmt":"2015-02-07T16:36:31","guid":{"rendered":"http:\/\/woerrlein-naturfoto.de\/wordpress\/?page_id=5513"},"modified":"2021-01-29T14:42:40","modified_gmt":"2021-01-29T13:42:40","slug":"kegelrobbe","status":"publish","type":"page","link":"https:\/\/woerrlein-naturfoto.de\/wordpress\/meeressaeuger-a-z\/kegelrobbe\/","title":{"rendered":"Kegelrobbe"},"content":{"rendered":"<p><a href=\"http:\/\/woerrlein-naturfoto.de\/wordpress\/hauptseite-sonstige-tiere\/sonstige-tiere\/\"><span style=\"color: #ffff66;\">sonstige Tiere<\/span> <\/a>-&gt;<a title=\"S\u00e4ugetiere I (Meeress\u00e4uger)\" href=\"http:\/\/woerrlein-naturfoto.de\/wordpress\/hauptseite-sonstige-tiere\/sonstige-tiere\/saeugetiere-i-meeressaeuger\/\"> <span style=\"color: #ffff66;\">S\u00e4ugetiere I (Meeress\u00e4uger)<\/span><\/a><br \/>\n<a href=\"http:\/\/woerrlein-naturfoto.de\/wordpress\/sonstige-tiere-von-a-z\/\">sonstige Tiere von A-Z<\/a><br \/>\nzur Gallerie <a title=\"S\u00e4ugetiere I (Meeress\u00e4uger)\" href=\"http:\/\/woerrlein-naturfoto.de\/wordpress\/hauptseite-sonstige-tiere\/sonstige-tiere\/saeugetiere-i-meeressaeuger\/\">Meeress\u00e4uger<\/a><\/p>\n<p><img loading=\"lazy\" decoding=\"async\" class=\"alignleft wp-image-5486\" src=\"http:\/\/woerrlein-naturfoto.de\/wordpress\/wp-content\/uploads\/2015\/02\/Kegelrobbe_26617L_v-600x400.jpg\" alt=\"Kegelrobbe_26617L_v.jpg\" width=\"600\" height=\"400\" srcset=\"https:\/\/woerrlein-naturfoto.de\/wordpress\/wp-content\/uploads\/2015\/02\/Kegelrobbe_26617L_v-600x400.jpg 600w, https:\/\/woerrlein-naturfoto.de\/wordpress\/wp-content\/uploads\/2015\/02\/Kegelrobbe_26617L_v-120x80.jpg 120w, https:\/\/woerrlein-naturfoto.de\/wordpress\/wp-content\/uploads\/2015\/02\/Kegelrobbe_26617L_v.jpg 1000w\" sizes=\"auto, (max-width: 600px) 100vw, 600px\" \/>Die <b>Kegelrobbe<\/b> (<i>Halichoerus grypus<\/i>) ist neben dem <a href=\"https:\/\/woerrlein-naturfoto.de\/wordpress\/meeressaeuger-a-z\/seehund\/\" target=\"_blank\" rel=\"noopener noreferrer\">Seehund<\/a> die zweite an deutschen K\u00fcsten verbreitete Robbenart und daneben das gr\u00f6\u00dfte in Deutschland freilebend vorkommende Raubtier (bis zu 300\u00a0kg). Der Name leitet sich nicht wie weitl\u00e4ufig behauptet von der kegelf\u00f6rmigen Kopfform der Robbe ab, sondern von der kegelf\u00f6rmigen Zahnform. Mit einer Gr\u00f6\u00dfe von 230 Zentimetern und einem Gewicht von 220 Kilogramm ist eine m\u00e4nnliche Kegelrobbe deutlich gr\u00f6\u00dfer als ein Seehund, aber auch als eine weibliche Kegelrobbe (180\u00a0cm, 150\u00a0kg). M\u00e4nnchen haben au\u00dferdem eine gr\u00f6\u00dfere Nase als Weibchen. Der Geschlechtsdimorphismus ist nur bei wenigen Hundsrobben so ausgepr\u00e4gt.<\/p>\n<p>Zur Galerie <a title=\"S\u00e4ugetiere I (Meeress\u00e4uger)\" href=\"http:\/\/woerrlein-naturfoto.de\/wordpress\/hauptseite-sonstige-tiere\/sonstige-tiere\/saeugetiere-i-meeressaeuger\/\">Meeress\u00e4uger<\/a><\/p>\n<p>&nbsp;<\/p>\n<p><em>Quelle des Textauszuges und weitere Infos bei <\/em><a href=\"http:\/\/de.wikipedia.org\/wiki\/Kegelrobbe\" target=\"_blank\" rel=\"noopener noreferrer\">Wikipedia<\/a><em> (<\/em><a href=\"http:\/\/www.gnu.org\/licenses\/fdl-1.3.txt\" target=\"_blank\" rel=\"noopener noreferrer\">GNU-Lizenz<\/a><em>)\u2013 mein Dank gilt den <\/em><a href=\"http:\/\/de.wikipedia.org\/w\/index.php?title=Kegelrobbe&amp;action=history\" target=\"_blank\" rel=\"noopener noreferrer\">Autoren<\/a><em>.<\/em><\/p>\n","protected":false},"excerpt":{"rendered":"<p>sonstige Tiere -&gt; S\u00e4ugetiere I (Meeress\u00e4uger) sonstige Tiere von A-Z zur Gallerie Meeress\u00e4uger Die Kegelrobbe (Halichoerus grypus) ist neben dem Seehund die zweite an deutschen K\u00fcsten verbreitete Robbenart und daneben das gr\u00f6\u00dfte in Deutschland freilebend vorkommende Raubtier (bis zu 300\u00a0kg). Der Name leitet sich nicht wie weitl\u00e4ufig behauptet von der kegelf\u00f6rmigen Kopfform der Robbe ab, &hellip; <a href=\"https:\/\/woerrlein-naturfoto.de\/wordpress\/meeressaeuger-a-z\/kegelrobbe\/\" class=\"more-link\"><span class=\"screen-reader-text\">Kegelrobbe<\/span> weiterlesen <span class=\"meta-nav\">&rarr;<\/span><\/a><\/p>\n","protected":false},"author":1,"featured_media":0,"parent":5511,"menu_order":0,"comment_status":"closed","ping_status":"closed","template":"page-templates\/full-width.php","meta":{"footnotes":""},"class_list":["post-5513","page","type-page","status-publish","hentry"],"_links":{"self":[{"href":"https:\/\/woerrlein-naturfoto.de\/wordpress\/wp-json\/wp\/v2\/pages\/5513","targetHints":{"allow":["GET"]}}],"collection":[{"href":"https:\/\/woerrlein-naturfoto.de\/wordpress\/wp-json\/wp\/v2\/pages"}],"about":[{"href":"https:\/\/woerrlein-naturfoto.de\/wordpress\/wp-json\/wp\/v2\/types\/page"}],"author":[{"embeddable":true,"href":"https:\/\/woerrlein-naturfoto.de\/wordpress\/wp-json\/wp\/v2\/users\/1"}],"replies":[{"embeddable":true,"href":"https:\/\/woerrlein-naturfoto.de\/wordpress\/wp-json\/wp\/v2\/comments?post=5513"}],"version-history":[{"count":4,"href":"https:\/\/woerrlein-naturfoto.de\/wordpress\/wp-json\/wp\/v2\/pages\/5513\/revisions"}],"predecessor-version":[{"id":12911,"href":"https:\/\/woerrlein-naturfoto.de\/wordpress\/wp-json\/wp\/v2\/pages\/5513\/revisions\/12911"}],"up":[{"embeddable":true,"href":"https:\/\/woerrlein-naturfoto.de\/wordpress\/wp-json\/wp\/v2\/pages\/5511"}],"wp:attachment":[{"href":"https:\/\/woerrlein-naturfoto.de\/wordpress\/wp-json\/wp\/v2\/media?parent=5513"}],"curies":[{"name":"wp","href":"https:\/\/api.w.org\/{rel}","templated":true}]}}