{"id":5462,"date":"2015-02-07T14:10:49","date_gmt":"2015-02-07T13:10:49","guid":{"rendered":"http:\/\/woerrlein-naturfoto.de\/wordpress\/?page_id=5462"},"modified":"2015-02-11T12:49:20","modified_gmt":"2015-02-11T11:49:20","slug":"zauneidechse","status":"publish","type":"page","link":"https:\/\/woerrlein-naturfoto.de\/wordpress\/reptilien-a-z\/zauneidechse\/","title":{"rendered":"Zauneidechse"},"content":{"rendered":"<p><a href=\"http:\/\/woerrlein-naturfoto.de\/wordpress\/hauptseite-sonstige-tiere\/sonstige-tiere\/\"><span style=\"color: #ffff66;\">sonstige Tiere<\/span> <\/a>-&gt;<a title=\"Reptilien\" href=\"http:\/\/woerrlein-naturfoto.de\/wordpress\/hauptseite-sonstige-tiere\/sonstige-tiere\/reptilien-2\/\"> <span style=\"color: #ffff66;\">Reptilien<\/span><\/a><br \/>\n<a href=\"http:\/\/woerrlein-naturfoto.de\/wordpress\/sonstige-tiere-von-a-z\/\">sonstige Tiere von A-Z<\/a><br \/>\nzur Galerie <a title=\"Reptilien\" href=\"http:\/\/woerrlein-naturfoto.de\/wordpress\/hauptseite-sonstige-tiere\/sonstige-tiere\/reptilien-2\/\">Reptilien<\/a><\/p>\n<p><img loading=\"lazy\" decoding=\"async\" class=\"alignleft wp-image-5449\" src=\"http:\/\/woerrlein-naturfoto.de\/wordpress\/wp-content\/uploads\/2015\/02\/Zauneidechse_MW21914_gros-600x400.jpg\" alt=\"Zauneidechse_MW21914_gros.jpg\" width=\"600\" height=\"400\" srcset=\"https:\/\/woerrlein-naturfoto.de\/wordpress\/wp-content\/uploads\/2015\/02\/Zauneidechse_MW21914_gros-600x400.jpg 600w, https:\/\/woerrlein-naturfoto.de\/wordpress\/wp-content\/uploads\/2015\/02\/Zauneidechse_MW21914_gros-120x80.jpg 120w, https:\/\/woerrlein-naturfoto.de\/wordpress\/wp-content\/uploads\/2015\/02\/Zauneidechse_MW21914_gros.jpg 1000w\" sizes=\"auto, (max-width: 600px) 100vw, 600px\" \/>Die <b>Zauneidechse<\/b> <i>(Lacerta agilis)<\/i> ist ein vor allem in Mittel- und Osteuropa sowie Vorderasien verbreitetes Reptil aus der Familie der Echten Eidechsen. Zauneidechsen, als bez\u00fcglich ihrer Lebensraumstrukturen stark anthropogen gepr\u00e4gte Lebewesen, besiedeln Magerbiotope wie trockene Waldr\u00e4nder, Bahnd\u00e4mme, Heidefl\u00e4chen, D\u00fcnen, Steinbr\u00fcche, Kiesgruben, Wildg\u00e4rten und \u00e4hnliche Lebensr\u00e4ume mit einem Wechsel aus offenen, lockerb\u00f6digen Abschnitten und dichter bewachsenen Bereichen. In k\u00fchleren Gegenden beschr\u00e4nken sich die Vorkommen auf w\u00e4rmebeg\u00fcnstigte Standorte. Wichtig sind auch Elemente wie Totholz und Altgras.<\/p>\n<p>Zur Galerie <a title=\"Reptilien\" href=\"http:\/\/woerrlein-naturfoto.de\/wordpress\/hauptseite-sonstige-tiere\/sonstige-tiere\/reptilien-2\/\">Reptilien<\/a><\/p>\n<p>&nbsp;<\/p>\n<p><em>Quelle des Textauszuges und weitere Infos bei <\/em><a href=\"http:\/\/de.wikipedia.org\/wiki\/Zauneidechse\" target=\"_blank\">Wikipedia<\/a><em> (<\/em><a href=\"http:\/\/www.gnu.org\/licenses\/fdl-1.3.txt\" target=\"_blank\">GNU-Lizenz<\/a><em>)\u2013 mein Dank gilt den <\/em><a href=\"http:\/\/de.wikipedia.org\/w\/index.php?title=Zauneidechse&amp;action=history\" target=\"_blank\">Autoren<\/a><em>.<\/em><\/p>\n","protected":false},"excerpt":{"rendered":"<p>sonstige Tiere -&gt; Reptilien sonstige Tiere von A-Z zur Galerie Reptilien Die Zauneidechse (Lacerta agilis) ist ein vor allem in Mittel- und Osteuropa sowie Vorderasien verbreitetes Reptil aus der Familie der Echten Eidechsen. Zauneidechsen, als bez\u00fcglich ihrer Lebensraumstrukturen stark anthropogen gepr\u00e4gte Lebewesen, besiedeln Magerbiotope wie trockene Waldr\u00e4nder, Bahnd\u00e4mme, Heidefl\u00e4chen, D\u00fcnen, Steinbr\u00fcche, Kiesgruben, Wildg\u00e4rten und \u00e4hnliche &hellip; <a href=\"https:\/\/woerrlein-naturfoto.de\/wordpress\/reptilien-a-z\/zauneidechse\/\" class=\"more-link\"><span class=\"screen-reader-text\">Zauneidechse<\/span> weiterlesen <span class=\"meta-nav\">&rarr;<\/span><\/a><\/p>\n","protected":false},"author":1,"featured_media":0,"parent":5452,"menu_order":0,"comment_status":"closed","ping_status":"closed","template":"page-templates\/full-width.php","meta":{"footnotes":""},"class_list":["post-5462","page","type-page","status-publish","hentry"],"_links":{"self":[{"href":"https:\/\/woerrlein-naturfoto.de\/wordpress\/wp-json\/wp\/v2\/pages\/5462","targetHints":{"allow":["GET"]}}],"collection":[{"href":"https:\/\/woerrlein-naturfoto.de\/wordpress\/wp-json\/wp\/v2\/pages"}],"about":[{"href":"https:\/\/woerrlein-naturfoto.de\/wordpress\/wp-json\/wp\/v2\/types\/page"}],"author":[{"embeddable":true,"href":"https:\/\/woerrlein-naturfoto.de\/wordpress\/wp-json\/wp\/v2\/users\/1"}],"replies":[{"embeddable":true,"href":"https:\/\/woerrlein-naturfoto.de\/wordpress\/wp-json\/wp\/v2\/comments?post=5462"}],"version-history":[{"count":2,"href":"https:\/\/woerrlein-naturfoto.de\/wordpress\/wp-json\/wp\/v2\/pages\/5462\/revisions"}],"predecessor-version":[{"id":5826,"href":"https:\/\/woerrlein-naturfoto.de\/wordpress\/wp-json\/wp\/v2\/pages\/5462\/revisions\/5826"}],"up":[{"embeddable":true,"href":"https:\/\/woerrlein-naturfoto.de\/wordpress\/wp-json\/wp\/v2\/pages\/5452"}],"wp:attachment":[{"href":"https:\/\/woerrlein-naturfoto.de\/wordpress\/wp-json\/wp\/v2\/media?parent=5462"}],"curies":[{"name":"wp","href":"https:\/\/api.w.org\/{rel}","templated":true}]}}