{"id":5459,"date":"2015-02-07T14:05:45","date_gmt":"2015-02-07T13:05:45","guid":{"rendered":"http:\/\/woerrlein-naturfoto.de\/wordpress\/?page_id=5459"},"modified":"2015-02-11T12:48:58","modified_gmt":"2015-02-11T11:48:58","slug":"ringelnatter","status":"publish","type":"page","link":"https:\/\/woerrlein-naturfoto.de\/wordpress\/reptilien-a-z\/ringelnatter\/","title":{"rendered":"Ringelnatter"},"content":{"rendered":"<p><a href=\"http:\/\/woerrlein-naturfoto.de\/wordpress\/hauptseite-sonstige-tiere\/sonstige-tiere\/\"><span style=\"color: #ffff66;\">sonstige Tiere<\/span> <\/a>-&gt;<a title=\"Reptilien\" href=\"http:\/\/woerrlein-naturfoto.de\/wordpress\/hauptseite-sonstige-tiere\/sonstige-tiere\/reptilien-2\/\"> <span style=\"color: #ffff66;\">Reptilien<\/span><\/a><br \/>\n<a href=\"http:\/\/woerrlein-naturfoto.de\/wordpress\/sonstige-tiere-von-a-z\/\">sonstige Tiere von A-Z<\/a><br \/>\nzur Galerie <a title=\"Reptilien\" href=\"http:\/\/woerrlein-naturfoto.de\/wordpress\/hauptseite-sonstige-tiere\/sonstige-tiere\/reptilien-2\/\">Reptilien<\/a><\/p>\n<p><img loading=\"lazy\" decoding=\"async\" class=\"alignleft wp-image-5447\" src=\"http:\/\/woerrlein-naturfoto.de\/wordpress\/wp-content\/uploads\/2015\/02\/Ringelnatter_21999L_v-600x400.jpg\" alt=\"Ringelnatter_21999L_v.jpg\" width=\"600\" height=\"400\" srcset=\"https:\/\/woerrlein-naturfoto.de\/wordpress\/wp-content\/uploads\/2015\/02\/Ringelnatter_21999L_v-600x400.jpg 600w, https:\/\/woerrlein-naturfoto.de\/wordpress\/wp-content\/uploads\/2015\/02\/Ringelnatter_21999L_v-120x80.jpg 120w, https:\/\/woerrlein-naturfoto.de\/wordpress\/wp-content\/uploads\/2015\/02\/Ringelnatter_21999L_v.jpg 1000w\" sizes=\"auto, (max-width: 600px) 100vw, 600px\" \/>Die <b>Ringelnatter<\/b> (<i>Natrix natrix<\/i>) ist eine zur Familie der Nattern<i> <\/i>geh\u00f6rende Schlangenart. Sie ist mit mehreren Unterarten in gro\u00dfen Teilen Europas und Asiens verbreitet und kommt reliktartig in Teilen von Nordafrika vor. Die Art lebt meist in der N\u00e4he von Gew\u00e4ssern und ern\u00e4hrt sich \u00fcberwiegend von Amphibien. Wie die anderen (in Mitteleuropa heimischen) Arten der Nattern ist die Ringelnatter f\u00fcr Menschen vollkommen ungef\u00e4hrlich.<\/p>\n<p>Zur Galerie <a title=\"Reptilien\" href=\"http:\/\/woerrlein-naturfoto.de\/wordpress\/hauptseite-sonstige-tiere\/sonstige-tiere\/reptilien-2\/\">Reptilien<\/a><\/p>\n<p>&nbsp;<\/p>\n<p><em>Quelle des Textauszuges und weitere Infos bei <\/em><a href=\"http:\/\/de.wikipedia.org\/wiki\/Ringelnatter\" target=\"_blank\">Wikipedia<\/a><em> (<\/em><a href=\"http:\/\/www.gnu.org\/licenses\/fdl-1.3.txt\" target=\"_blank\">GNU-Lizenz<\/a><em>)\u2013 mein Dank gilt den <\/em><a href=\"http:\/\/de.wikipedia.org\/w\/index.php?title=Ringelnatter&amp;action=history\" target=\"_blank\">Autoren<\/a><em>.<\/em><\/p>\n","protected":false},"excerpt":{"rendered":"<p>sonstige Tiere -&gt; Reptilien sonstige Tiere von A-Z zur Galerie Reptilien Die Ringelnatter (Natrix natrix) ist eine zur Familie der Nattern geh\u00f6rende Schlangenart. Sie ist mit mehreren Unterarten in gro\u00dfen Teilen Europas und Asiens verbreitet und kommt reliktartig in Teilen von Nordafrika vor. Die Art lebt meist in der N\u00e4he von Gew\u00e4ssern und ern\u00e4hrt sich &hellip; <a href=\"https:\/\/woerrlein-naturfoto.de\/wordpress\/reptilien-a-z\/ringelnatter\/\" class=\"more-link\"><span class=\"screen-reader-text\">Ringelnatter<\/span> weiterlesen <span class=\"meta-nav\">&rarr;<\/span><\/a><\/p>\n","protected":false},"author":1,"featured_media":0,"parent":5452,"menu_order":0,"comment_status":"closed","ping_status":"closed","template":"page-templates\/full-width.php","meta":{"footnotes":""},"class_list":["post-5459","page","type-page","status-publish","hentry"],"_links":{"self":[{"href":"https:\/\/woerrlein-naturfoto.de\/wordpress\/wp-json\/wp\/v2\/pages\/5459","targetHints":{"allow":["GET"]}}],"collection":[{"href":"https:\/\/woerrlein-naturfoto.de\/wordpress\/wp-json\/wp\/v2\/pages"}],"about":[{"href":"https:\/\/woerrlein-naturfoto.de\/wordpress\/wp-json\/wp\/v2\/types\/page"}],"author":[{"embeddable":true,"href":"https:\/\/woerrlein-naturfoto.de\/wordpress\/wp-json\/wp\/v2\/users\/1"}],"replies":[{"embeddable":true,"href":"https:\/\/woerrlein-naturfoto.de\/wordpress\/wp-json\/wp\/v2\/comments?post=5459"}],"version-history":[{"count":3,"href":"https:\/\/woerrlein-naturfoto.de\/wordpress\/wp-json\/wp\/v2\/pages\/5459\/revisions"}],"predecessor-version":[{"id":5825,"href":"https:\/\/woerrlein-naturfoto.de\/wordpress\/wp-json\/wp\/v2\/pages\/5459\/revisions\/5825"}],"up":[{"embeddable":true,"href":"https:\/\/woerrlein-naturfoto.de\/wordpress\/wp-json\/wp\/v2\/pages\/5452"}],"wp:attachment":[{"href":"https:\/\/woerrlein-naturfoto.de\/wordpress\/wp-json\/wp\/v2\/media?parent=5459"}],"curies":[{"name":"wp","href":"https:\/\/api.w.org\/{rel}","templated":true}]}}