{"id":5421,"date":"2015-02-05T12:56:46","date_gmt":"2015-02-05T11:56:46","guid":{"rendered":"http:\/\/woerrlein-naturfoto.de\/wordpress\/?page_id=5421"},"modified":"2015-02-11T12:51:28","modified_gmt":"2015-02-11T11:51:28","slug":"teichmolch","status":"publish","type":"page","link":"https:\/\/woerrlein-naturfoto.de\/wordpress\/molche-salamander-a-z\/teichmolch\/","title":{"rendered":"Teichmolch"},"content":{"rendered":"<p><a href=\"http:\/\/woerrlein-naturfoto.de\/wordpress\/hauptseite-sonstige-tiere\/sonstige-tiere\/\"><span style=\"color: #ffff66;\">sonstige Tiere<\/span> <\/a>-&gt;<a title=\"Amphibien III (Molche, Salamander)\" href=\"http:\/\/woerrlein-naturfoto.de\/wordpress\/hauptseite-sonstige-tiere\/sonstige-tiere\/amphibien-iii-molche-salamander\/\"> <span style=\"color: #ffff66;\">Amphibien III (Molche, Salamander)<\/span><\/a><br \/>\n<a href=\"http:\/\/woerrlein-naturfoto.de\/wordpress\/sonstige-tiere-von-a-z\/\">sonstige Tiere von A-Z<\/a><br \/>\nzur Galerie <a title=\"Amphibien III (Molche, Salamander)\" href=\"http:\/\/woerrlein-naturfoto.de\/wordpress\/hauptseite-sonstige-tiere\/sonstige-tiere\/amphibien-iii-molche-salamander\/\">Molche, Salamander<\/a><\/p>\n<p><img loading=\"lazy\" decoding=\"async\" class=\"alignleft wp-image-5356\" src=\"http:\/\/woerrlein-naturfoto.de\/wordpress\/wp-content\/uploads\/2015\/02\/Teichmolch_MW28662_gros-600x400.jpg\" alt=\"Teichmolch_MW28662_gros.jpg\" width=\"600\" height=\"400\" srcset=\"https:\/\/woerrlein-naturfoto.de\/wordpress\/wp-content\/uploads\/2015\/02\/Teichmolch_MW28662_gros-600x400.jpg 600w, https:\/\/woerrlein-naturfoto.de\/wordpress\/wp-content\/uploads\/2015\/02\/Teichmolch_MW28662_gros-120x80.jpg 120w, https:\/\/woerrlein-naturfoto.de\/wordpress\/wp-content\/uploads\/2015\/02\/Teichmolch_MW28662_gros.jpg 1000w\" sizes=\"auto, (max-width: 600px) 100vw, 600px\" \/>Der <b>Teichmolch<\/b> (<i>Lissotriton vulgaris;<\/i> Syn.: <i>Triturus vulgaris;<\/i> vgl.: <i>Triturus<\/i>) geh\u00f6rt zur Klasse der Amphibien und Ordnung der Schwanzlurche. In Deutschland stellt er die h\u00e4ufigste der bis zu f\u00fcnf vorkommenden Arten von Wassermolchen dar; in der Schweiz ist er vergleichsweise selten. Von der DGHT wurde der Teichmolch zum \u201e<a class=\"mw-redirect\" title=\"Lurch des Jahres\" href=\"http:\/\/de.wikipedia.org\/wiki\/Lurch_des_Jahres\" target=\"_blank\">Lurch des Jahres<\/a> 2010\u201c ausgerufen.<\/p>\n<p>Zur Galerie <a title=\"Amphibien III (Molche, Salamander)\" href=\"http:\/\/woerrlein-naturfoto.de\/wordpress\/hauptseite-sonstige-tiere\/sonstige-tiere\/amphibien-iii-molche-salamander\/\">Molche, Salamander<\/a><\/p>\n<p>&nbsp;<\/p>\n<p><em>Quelle des Textauszuges und weitere Infos bei <\/em><a href=\"http:\/\/de.wikipedia.org\/wiki\/Teichmolch\" target=\"_blank\">Wikipedia<\/a><em> (<\/em><a href=\"http:\/\/www.gnu.org\/licenses\/fdl-1.3.txt\" target=\"_blank\">GNU-Lizenz<\/a><em>)\u2013 mein Dank gilt den <\/em><a href=\"http:\/\/de.wikipedia.org\/w\/index.php?title=Teichmolch&amp;action=history\" target=\"_blank\">Autoren<\/a><em>.<\/em><\/p>\n","protected":false},"excerpt":{"rendered":"<p>sonstige Tiere -&gt; Amphibien III (Molche, Salamander) sonstige Tiere von A-Z zur Galerie Molche, Salamander Der Teichmolch (Lissotriton vulgaris; Syn.: Triturus vulgaris; vgl.: Triturus) geh\u00f6rt zur Klasse der Amphibien und Ordnung der Schwanzlurche. In Deutschland stellt er die h\u00e4ufigste der bis zu f\u00fcnf vorkommenden Arten von Wassermolchen dar; in der Schweiz ist er vergleichsweise selten. &hellip; <a href=\"https:\/\/woerrlein-naturfoto.de\/wordpress\/molche-salamander-a-z\/teichmolch\/\" class=\"more-link\"><span class=\"screen-reader-text\">Teichmolch<\/span> weiterlesen <span class=\"meta-nav\">&rarr;<\/span><\/a><\/p>\n","protected":false},"author":1,"featured_media":0,"parent":5408,"menu_order":0,"comment_status":"closed","ping_status":"closed","template":"page-templates\/full-width.php","meta":{"footnotes":""},"class_list":["post-5421","page","type-page","status-publish","hentry"],"_links":{"self":[{"href":"https:\/\/woerrlein-naturfoto.de\/wordpress\/wp-json\/wp\/v2\/pages\/5421","targetHints":{"allow":["GET"]}}],"collection":[{"href":"https:\/\/woerrlein-naturfoto.de\/wordpress\/wp-json\/wp\/v2\/pages"}],"about":[{"href":"https:\/\/woerrlein-naturfoto.de\/wordpress\/wp-json\/wp\/v2\/types\/page"}],"author":[{"embeddable":true,"href":"https:\/\/woerrlein-naturfoto.de\/wordpress\/wp-json\/wp\/v2\/users\/1"}],"replies":[{"embeddable":true,"href":"https:\/\/woerrlein-naturfoto.de\/wordpress\/wp-json\/wp\/v2\/comments?post=5421"}],"version-history":[{"count":4,"href":"https:\/\/woerrlein-naturfoto.de\/wordpress\/wp-json\/wp\/v2\/pages\/5421\/revisions"}],"predecessor-version":[{"id":5830,"href":"https:\/\/woerrlein-naturfoto.de\/wordpress\/wp-json\/wp\/v2\/pages\/5421\/revisions\/5830"}],"up":[{"embeddable":true,"href":"https:\/\/woerrlein-naturfoto.de\/wordpress\/wp-json\/wp\/v2\/pages\/5408"}],"wp:attachment":[{"href":"https:\/\/woerrlein-naturfoto.de\/wordpress\/wp-json\/wp\/v2\/media?parent=5421"}],"curies":[{"name":"wp","href":"https:\/\/api.w.org\/{rel}","templated":true}]}}