{"id":5415,"date":"2015-02-05T12:48:32","date_gmt":"2015-02-05T11:48:32","guid":{"rendered":"http:\/\/woerrlein-naturfoto.de\/wordpress\/?page_id=5415"},"modified":"2024-08-16T18:06:29","modified_gmt":"2024-08-16T16:06:29","slug":"feuersalamander","status":"publish","type":"page","link":"https:\/\/woerrlein-naturfoto.de\/wordpress\/molche-salamander-a-z\/feuersalamander\/","title":{"rendered":"Feuersalamander"},"content":{"rendered":"<p><a href=\"http:\/\/woerrlein-naturfoto.de\/wordpress\/hauptseite-sonstige-tiere\/sonstige-tiere\/\"><span style=\"color: #ffff66;\">sonstige Tiere<\/span> <\/a>-&gt;<a title=\"Amphibien III (Molche, Salamander)\" href=\"http:\/\/woerrlein-naturfoto.de\/wordpress\/hauptseite-sonstige-tiere\/sonstige-tiere\/amphibien-iii-molche-salamander\/\"> <span style=\"color: #ffff66;\">Amphibien III (Molche, Salamander)<\/span><\/a><br \/>\n<a href=\"http:\/\/woerrlein-naturfoto.de\/wordpress\/sonstige-tiere-von-a-z\/\">sonstige Tiere von A-Z<\/a><br \/>\nzur Galerie <a title=\"Amphibien III (Molche, Salamander)\" href=\"http:\/\/woerrlein-naturfoto.de\/wordpress\/hauptseite-sonstige-tiere\/sonstige-tiere\/amphibien-iii-molche-salamander\/\">Molche, Salamander<\/a><\/p>\n<p><img loading=\"lazy\" decoding=\"async\" class=\"alignleft wp-image-5343\" src=\"http:\/\/woerrlein-naturfoto.de\/wordpress\/wp-content\/uploads\/2015\/02\/Feuersalamander_54162_v-400x600.jpg\" alt=\"Feuersalamander_54162_v.jpg\" width=\"267\" height=\"400\" srcset=\"https:\/\/woerrlein-naturfoto.de\/wordpress\/wp-content\/uploads\/2015\/02\/Feuersalamander_54162_v-400x600.jpg 400w, https:\/\/woerrlein-naturfoto.de\/wordpress\/wp-content\/uploads\/2015\/02\/Feuersalamander_54162_v.jpg 567w\" sizes=\"auto, (max-width: 267px) 100vw, 267px\" \/><\/p>\n<p>Der <b>Feuersalamander<\/b> (<i>Salamandra salamandra<\/i>) ist eine europ\u00e4ische Amphibienart aus der Familie der Echten Salamander. Die Spezies wurde erstmals 1758 von dem schwedischen Naturforscher Carl von Linn\u00e9 beschrieben. Je nach regionaler Mundart wird sie unter anderem auch als Feuermolch, Erdmolch, Erdsalamander, Regenmolch, Regenm\u00e4nnchen, Gelber Schneider, Bergnarr, Wegnarr, Regemolli oder Tattermandl bezeichnet. Diese volkst\u00fcmlichen Namen unterscheiden allerdings teilweise nicht eindeutig zwischen Feuer- und Alpensalamandern. Typischerweise leben Feuersalamander in gr\u00f6\u00dferen Laub- und Mischwaldgebieten mit naturnahen Bachl\u00e4ufen und sind vor allem bei Regenwetter und nachts aktiv. Anders als bei vielen anderen mitteleurop\u00e4ischen Lurchen werden keine Eier, sondern in der Regel weit entwickelte, kiementragende Larven ins Wasser abgesetzt.<\/p>\n<p>Zur Galerie <a title=\"Amphibien III (Molche, Salamander)\" href=\"http:\/\/woerrlein-naturfoto.de\/wordpress\/hauptseite-sonstige-tiere\/sonstige-tiere\/amphibien-iii-molche-salamander\/\">Molche, Salamander<\/a><\/p>\n<p>&nbsp;<\/p>\n<p><em>Quelle des Textauszuges und weitere Infos bei <\/em><a href=\"https:\/\/de.wikipedia.org\/wiki\/Feuersalamander\" target=\"_blank\" rel=\"noopener\">Wikipedia<\/a><em> (<\/em><a href=\"http:\/\/www.gnu.org\/licenses\/fdl-1.3.txt\" target=\"_blank\" rel=\"noopener\">GNU-Lizenz<\/a><em>)\u2013 mein Dank gilt den <\/em><a href=\"http:\/\/de.wikipedia.org\/w\/index.php?title=Bergmolch&amp;action=history\" target=\"_blank\" rel=\"noopener\">Autoren<\/a><em>.<\/em><\/p>\n","protected":false},"excerpt":{"rendered":"<p>sonstige Tiere -&gt; Amphibien III (Molche, Salamander) sonstige Tiere von A-Z zur Galerie Molche, Salamander Der Feuersalamander (Salamandra salamandra) ist eine europ\u00e4ische Amphibienart aus der Familie der Echten Salamander. Die Spezies wurde erstmals 1758 von dem schwedischen Naturforscher Carl von Linn\u00e9 beschrieben. Je nach regionaler Mundart wird sie unter anderem auch als Feuermolch, Erdmolch, Erdsalamander, &hellip; <a href=\"https:\/\/woerrlein-naturfoto.de\/wordpress\/molche-salamander-a-z\/feuersalamander\/\" class=\"more-link\"><span class=\"screen-reader-text\">Feuersalamander<\/span> weiterlesen <span class=\"meta-nav\">&rarr;<\/span><\/a><\/p>\n","protected":false},"author":1,"featured_media":0,"parent":5408,"menu_order":0,"comment_status":"closed","ping_status":"closed","template":"page-templates\/full-width.php","meta":{"footnotes":""},"class_list":["post-5415","page","type-page","status-publish","hentry"],"_links":{"self":[{"href":"https:\/\/woerrlein-naturfoto.de\/wordpress\/wp-json\/wp\/v2\/pages\/5415","targetHints":{"allow":["GET"]}}],"collection":[{"href":"https:\/\/woerrlein-naturfoto.de\/wordpress\/wp-json\/wp\/v2\/pages"}],"about":[{"href":"https:\/\/woerrlein-naturfoto.de\/wordpress\/wp-json\/wp\/v2\/types\/page"}],"author":[{"embeddable":true,"href":"https:\/\/woerrlein-naturfoto.de\/wordpress\/wp-json\/wp\/v2\/users\/1"}],"replies":[{"embeddable":true,"href":"https:\/\/woerrlein-naturfoto.de\/wordpress\/wp-json\/wp\/v2\/comments?post=5415"}],"version-history":[{"count":4,"href":"https:\/\/woerrlein-naturfoto.de\/wordpress\/wp-json\/wp\/v2\/pages\/5415\/revisions"}],"predecessor-version":[{"id":18723,"href":"https:\/\/woerrlein-naturfoto.de\/wordpress\/wp-json\/wp\/v2\/pages\/5415\/revisions\/18723"}],"up":[{"embeddable":true,"href":"https:\/\/woerrlein-naturfoto.de\/wordpress\/wp-json\/wp\/v2\/pages\/5408"}],"wp:attachment":[{"href":"https:\/\/woerrlein-naturfoto.de\/wordpress\/wp-json\/wp\/v2\/media?parent=5415"}],"curies":[{"name":"wp","href":"https:\/\/api.w.org\/{rel}","templated":true}]}}