{"id":5386,"date":"2015-02-04T12:36:43","date_gmt":"2015-02-04T11:36:43","guid":{"rendered":"http:\/\/woerrlein-naturfoto.de\/wordpress\/?page_id=5386"},"modified":"2015-02-11T12:52:10","modified_gmt":"2015-02-11T11:52:10","slug":"erdkroete","status":"publish","type":"page","link":"https:\/\/woerrlein-naturfoto.de\/wordpress\/kroeten-a-z\/erdkroete\/","title":{"rendered":"Erdkr\u00f6te"},"content":{"rendered":"<p><a href=\"http:\/\/woerrlein-naturfoto.de\/wordpress\/hauptseite-sonstige-tiere\/sonstige-tiere\/\"><span style=\"color: #ffff66;\">sonstige Tiere<\/span> <\/a>-&gt;<a title=\"Amphibien II (Kr\u00f6ten)\" href=\"http:\/\/woerrlein-naturfoto.de\/wordpress\/hauptseite-sonstige-tiere\/sonstige-tiere\/amphibien-ii-kroeten\/\"> <span style=\"color: #ffff66;\">Amphibien II (Kr\u00f6ten, Unken)<\/span><\/a><br \/>\n<a href=\"http:\/\/woerrlein-naturfoto.de\/wordpress\/sonstige-tiere-von-a-z\/\">sonstige Tiere von A-Z<\/a><br \/>\nzur Galerie <a title=\"Amphibien II (Kr\u00f6ten)\" href=\"http:\/\/woerrlein-naturfoto.de\/wordpress\/hauptseite-sonstige-tiere\/sonstige-tiere\/amphibien-ii-kroeten\/\">Kr\u00f6ten, Unken<\/a><\/p>\n<p><img loading=\"lazy\" decoding=\"async\" class=\"alignleft wp-image-5328\" src=\"http:\/\/woerrlein-naturfoto.de\/wordpress\/wp-content\/uploads\/2015\/02\/Erdkroete_AW25136_v-600x401.jpg\" alt=\"Erdkroete_AW25136_v.jpg\" width=\"600\" height=\"401\" \/>Die <b>Erdkr\u00f6te<\/b> (<i>Bufo bufo<\/i>) ist ein h\u00e4ufiger und im pal\u00e4arktischen Raum weit verbreiteter Froschlurch aus der Gattung der Echten Kr\u00f6ten innerhalb der Familie der Kr\u00f6ten. Die Erdkr\u00f6te wurde von der Deutschen Gesellschaft f\u00fcr Herpetologie und Terrarienkunde zum <a class=\"mw-redirect\" title=\"Lurch des Jahres\" href=\"http:\/\/de.wikipedia.org\/wiki\/Lurch_des_Jahres\" target=\"_blank\">Lurch des Jahres<\/a> 2012 gek\u00fcrt. Die Erdkr\u00f6te ist neben dem <a title=\"Grasfrosch\" href=\"http:\/\/woerrlein-naturfoto.de\/wordpress\/froesche-a-z\/grasfrosch\/\" target=\"_blank\">Grasfrosch<\/a>, dem <a title=\"Teichfrosch\" href=\"http:\/\/woerrlein-naturfoto.de\/wordpress\/froesche-a-z\/teichfrosch\/\" target=\"_blank\">Teichfrosch<\/a> und dem <a title=\"Teichmolch\" href=\"http:\/\/woerrlein-naturfoto.de\/wordpress\/molche-salamander-a-z\/teichmolch\/\" target=\"_blank\">Teichmolch<\/a> die h\u00e4ufigste Amphibienart in Europa.<\/p>\n<p>Zur Galerie <a title=\"Amphibien II (Kr\u00f6ten)\" href=\"http:\/\/woerrlein-naturfoto.de\/wordpress\/hauptseite-sonstige-tiere\/sonstige-tiere\/amphibien-ii-kroeten\/\">Kr\u00f6ten, Unken<code><\/code><\/a><\/p>\n<p>&nbsp;<\/p>\n<p><em>Quelle des Textauszuges und weitere Infos bei <\/em><a href=\"de.wikipedia.org\/wiki\/Erdkr\u00f6te\" target=\"_blank\">Wikipedia<\/a><em> (<\/em><a href=\"http:\/\/www.gnu.org\/licenses\/fdl-1.3.txt\" target=\"_blank\">GNU-Lizenz<\/a><em>)\u2013 mein Dank gilt den <\/em><a href=\"http:\/\/de.wikipedia.org\/w\/index.php?title=Erdkr%C3%B6te&amp;action=history\" target=\"_blank\">Autoren<\/a><em>.<\/em><\/p>\n<p>&nbsp;<\/p>\n","protected":false},"excerpt":{"rendered":"<p>sonstige Tiere -&gt; Amphibien II (Kr\u00f6ten, Unken) sonstige Tiere von A-Z zur Galerie Kr\u00f6ten, Unken Die Erdkr\u00f6te (Bufo bufo) ist ein h\u00e4ufiger und im pal\u00e4arktischen Raum weit verbreiteter Froschlurch aus der Gattung der Echten Kr\u00f6ten innerhalb der Familie der Kr\u00f6ten. Die Erdkr\u00f6te wurde von der Deutschen Gesellschaft f\u00fcr Herpetologie und Terrarienkunde zum Lurch des Jahres &hellip; <a href=\"https:\/\/woerrlein-naturfoto.de\/wordpress\/kroeten-a-z\/erdkroete\/\" class=\"more-link\"><span class=\"screen-reader-text\">Erdkr\u00f6te<\/span> weiterlesen <span class=\"meta-nav\">&rarr;<\/span><\/a><\/p>\n","protected":false},"author":1,"featured_media":0,"parent":5384,"menu_order":0,"comment_status":"closed","ping_status":"closed","template":"page-templates\/full-width.php","meta":{"footnotes":""},"class_list":["post-5386","page","type-page","status-publish","hentry"],"_links":{"self":[{"href":"https:\/\/woerrlein-naturfoto.de\/wordpress\/wp-json\/wp\/v2\/pages\/5386","targetHints":{"allow":["GET"]}}],"collection":[{"href":"https:\/\/woerrlein-naturfoto.de\/wordpress\/wp-json\/wp\/v2\/pages"}],"about":[{"href":"https:\/\/woerrlein-naturfoto.de\/wordpress\/wp-json\/wp\/v2\/types\/page"}],"author":[{"embeddable":true,"href":"https:\/\/woerrlein-naturfoto.de\/wordpress\/wp-json\/wp\/v2\/users\/1"}],"replies":[{"embeddable":true,"href":"https:\/\/woerrlein-naturfoto.de\/wordpress\/wp-json\/wp\/v2\/comments?post=5386"}],"version-history":[{"count":9,"href":"https:\/\/woerrlein-naturfoto.de\/wordpress\/wp-json\/wp\/v2\/pages\/5386\/revisions"}],"predecessor-version":[{"id":5831,"href":"https:\/\/woerrlein-naturfoto.de\/wordpress\/wp-json\/wp\/v2\/pages\/5386\/revisions\/5831"}],"up":[{"embeddable":true,"href":"https:\/\/woerrlein-naturfoto.de\/wordpress\/wp-json\/wp\/v2\/pages\/5384"}],"wp:attachment":[{"href":"https:\/\/woerrlein-naturfoto.de\/wordpress\/wp-json\/wp\/v2\/media?parent=5386"}],"curies":[{"name":"wp","href":"https:\/\/api.w.org\/{rel}","templated":true}]}}