{"id":5373,"date":"2015-02-02T12:58:38","date_gmt":"2015-02-02T11:58:38","guid":{"rendered":"http:\/\/woerrlein-naturfoto.de\/wordpress\/?page_id=5373"},"modified":"2015-02-11T12:55:26","modified_gmt":"2015-02-11T11:55:26","slug":"teichfrosch","status":"publish","type":"page","link":"https:\/\/woerrlein-naturfoto.de\/wordpress\/froesche-a-z\/teichfrosch\/","title":{"rendered":"Teichfrosch"},"content":{"rendered":"<p><a href=\"http:\/\/woerrlein-naturfoto.de\/wordpress\/hauptseite-sonstige-tiere\/sonstige-tiere\/\"><span style=\"color: #ffff66;\">sonstige Tiere<\/span> <\/a>-&gt;<a title=\"Amphibien I (Fr\u00f6sche)\" href=\"http:\/\/woerrlein-naturfoto.de\/wordpress\/hauptseite-sonstige-tiere\/sonstige-tiere\/amphibien-i-froesche\/\"> <span style=\"color: #ffff66;\">Amphibien I (Fr\u00f6sche)<\/span><\/a><br \/>\n<a href=\"http:\/\/woerrlein-naturfoto.de\/wordpress\/sonstige-tiere-von-a-z\/\">sonstige Tiere von A-Z<\/a><br \/>\nzur Galerie <a title=\"Amphibien I (Fr\u00f6sche)\" href=\"http:\/\/woerrlein-naturfoto.de\/wordpress\/hauptseite-sonstige-tiere\/sonstige-tiere\/amphibien-i-froesche\/\">Fr\u00f6sche<code><\/code><\/a><\/p>\n<p><img loading=\"lazy\" decoding=\"async\" class=\"alignleft wp-image-5284\" src=\"http:\/\/woerrlein-naturfoto.de\/wordpress\/wp-content\/uploads\/2015\/02\/Gruenfrosch_MW15754L_gross-600x400.jpg\" alt=\"Gruenfrosch_MW15754L_gross.jpg\" width=\"600\" height=\"400\" srcset=\"https:\/\/woerrlein-naturfoto.de\/wordpress\/wp-content\/uploads\/2015\/02\/Gruenfrosch_MW15754L_gross-600x400.jpg 600w, https:\/\/woerrlein-naturfoto.de\/wordpress\/wp-content\/uploads\/2015\/02\/Gruenfrosch_MW15754L_gross-120x80.jpg 120w, https:\/\/woerrlein-naturfoto.de\/wordpress\/wp-content\/uploads\/2015\/02\/Gruenfrosch_MW15754L_gross.jpg 1000w\" sizes=\"auto, (max-width: 600px) 100vw, 600px\" \/>Der <b>Teichfrosch<\/b> (<i>Pelophylax<\/i> kl. <i>esculentus<\/i>, <i>Pelophylax &#8222;esculentus&#8220;<\/i> oder <i>Rana &#8222;esculenta&#8220;<\/i>), ungenauer auch <b>Wasserfrosch<\/b> genannt, geh\u00f6rt innerhalb der Ordnung der Froschlurche zur Familie der Echten Fr\u00f6sche. Au\u00dferdem wird er nach Aussehen, Lebensweise und Verwandtschaftsbeziehungen zu den Wasserfr\u00f6schen gerechnet, die neuerdings von vielen Autoren in eine eigene Gattung <i>Pelophylax<\/i> gestellt werden. Innerhalb dieses schwer zu \u00fcberschauenden taxonomischen Komplexes handelt es sich beim Teichfrosch nicht um eine biologische Art im klassischen Sinn, sondern um eine hybridogenetische Hybride aus dem Seefrosch (<i>Pelophylax ridibundus<\/i>) und dem Kleinen Wasserfrosch (<i>Pelophylax lessonae<\/i>). Aufgrund besonderer genetischer Sachverhalte kann der Teichfrosch jedoch auch ohne R\u00fcckkreuzung mit den Elternarten existieren und sich fortpflanzen.<\/p>\n<p>Zur Galerie <a title=\"Amphibien I (Fr\u00f6sche)\" href=\"http:\/\/woerrlein-naturfoto.de\/wordpress\/hauptseite-sonstige-tiere\/sonstige-tiere\/amphibien-i-froesche\/\">Fr\u00f6sche<code><\/code><\/a><\/p>\n<p>&nbsp;<\/p>\n<p><em>Quelle des Textauszuges und weitere Infos bei <\/em><a href=\"http:\/\/de.wikipedia.org\/wiki\/Teichfrosch\" target=\"_blank\">Wikipedia<\/a><em> (<\/em><a href=\"http:\/\/www.gnu.org\/licenses\/fdl-1.3.txt\" target=\"_blank\">GNU-Lizenz<\/a><em>)\u2013 mein Dank gilt den <\/em><a href=\"http:\/\/de.wikipedia.org\/w\/index.php?title=Teichfrosch&amp;action=history\" target=\"_blank\">Autoren<\/a><em>.<\/em><\/p>\n","protected":false},"excerpt":{"rendered":"<p>sonstige Tiere -&gt; Amphibien I (Fr\u00f6sche) sonstige Tiere von A-Z zur Galerie Fr\u00f6sche Der Teichfrosch (Pelophylax kl. esculentus, Pelophylax &#8222;esculentus&#8220; oder Rana &#8222;esculenta&#8220;), ungenauer auch Wasserfrosch genannt, geh\u00f6rt innerhalb der Ordnung der Froschlurche zur Familie der Echten Fr\u00f6sche. Au\u00dferdem wird er nach Aussehen, Lebensweise und Verwandtschaftsbeziehungen zu den Wasserfr\u00f6schen gerechnet, die neuerdings von vielen Autoren &hellip; <a href=\"https:\/\/woerrlein-naturfoto.de\/wordpress\/froesche-a-z\/teichfrosch\/\" class=\"more-link\"><span class=\"screen-reader-text\">Teichfrosch<\/span> weiterlesen <span class=\"meta-nav\">&rarr;<\/span><\/a><\/p>\n","protected":false},"author":1,"featured_media":0,"parent":5366,"menu_order":0,"comment_status":"closed","ping_status":"closed","template":"page-templates\/full-width.php","meta":{"footnotes":""},"class_list":["post-5373","page","type-page","status-publish","hentry"],"_links":{"self":[{"href":"https:\/\/woerrlein-naturfoto.de\/wordpress\/wp-json\/wp\/v2\/pages\/5373","targetHints":{"allow":["GET"]}}],"collection":[{"href":"https:\/\/woerrlein-naturfoto.de\/wordpress\/wp-json\/wp\/v2\/pages"}],"about":[{"href":"https:\/\/woerrlein-naturfoto.de\/wordpress\/wp-json\/wp\/v2\/types\/page"}],"author":[{"embeddable":true,"href":"https:\/\/woerrlein-naturfoto.de\/wordpress\/wp-json\/wp\/v2\/users\/1"}],"replies":[{"embeddable":true,"href":"https:\/\/woerrlein-naturfoto.de\/wordpress\/wp-json\/wp\/v2\/comments?post=5373"}],"version-history":[{"count":2,"href":"https:\/\/woerrlein-naturfoto.de\/wordpress\/wp-json\/wp\/v2\/pages\/5373\/revisions"}],"predecessor-version":[{"id":5837,"href":"https:\/\/woerrlein-naturfoto.de\/wordpress\/wp-json\/wp\/v2\/pages\/5373\/revisions\/5837"}],"up":[{"embeddable":true,"href":"https:\/\/woerrlein-naturfoto.de\/wordpress\/wp-json\/wp\/v2\/pages\/5366"}],"wp:attachment":[{"href":"https:\/\/woerrlein-naturfoto.de\/wordpress\/wp-json\/wp\/v2\/media?parent=5373"}],"curies":[{"name":"wp","href":"https:\/\/api.w.org\/{rel}","templated":true}]}}