{"id":5317,"date":"2015-02-01T13:03:42","date_gmt":"2015-02-01T12:03:42","guid":{"rendered":"http:\/\/woerrlein-naturfoto.de\/wordpress\/?page_id=5317"},"modified":"2024-06-16T13:56:44","modified_gmt":"2024-06-16T11:56:44","slug":"sonstige-tiere-von-a-z","status":"publish","type":"page","link":"https:\/\/woerrlein-naturfoto.de\/wordpress\/hauptseite-sonstige-tiere\/sonstige-tiere\/sonstige-tiere-von-a-z\/","title":{"rendered":"A bis Z"},"content":{"rendered":"<h3>Die Seiten der &#8222;Sonstigen Tiere&#8220; sind auch taxonomisch sortiert \u201c<a href=\"http:\/\/woerrlein-naturfoto.de\/wordpress\/hauptseite-sonstige-tiere\/sonstige-tiere\/\">\u00a0Ordnung, Familie und Gattung <\/a>\u201cabrufbar.<\/h3>\n<p><a href=\"http:\/\/woerrlein-naturfoto.de\/wordpress\/paarhufer-unpaarhufer-a-z\/alpensteinbock\/\">Alpensteinbock<\/a><a href=\"http:\/\/woerrlein-naturfoto.de\/wordpress\/spinnen-a-z\/argiope-lobata\/\"><br \/>\nArgiope Lobata<\/a><br \/>\n<a href=\"http:\/\/woerrlein-naturfoto.de\/wordpress\/saeugetiere-iii-a-z\/berglemming\/\">Berglemming<\/a><br \/>\n<a href=\"http:\/\/woerrlein-naturfoto.de\/wordpress\/molche-salamander-a-z\/bergmolch\/\">Bergmolch\u00a0<\/a><br \/>\n<a href=\"https:\/\/woerrlein-naturfoto.de\/wordpress\/saeugetiere-iii-a-z\/bisamratte\/\">Bisamratte<\/a><br \/>\n<a href=\"https:\/\/woerrlein-naturfoto.de\/wordpress\/reptilien-a-z\/blindschleiche\/\">Blindschleiche<\/a><br \/>\n<a title=\"Braunb\u00e4r\" href=\"http:\/\/woerrlein-naturfoto.de\/wordpress\/saeugetiere-iii-a-z\/braunbaer\/\">Braunb\u00e4r<\/a><br \/>\n<a title=\"Dachs\" href=\"http:\/\/woerrlein-naturfoto.de\/wordpress\/saeugetiere-iii-a-z\/dachs\/\">Dachs<\/a><br \/>\n<a href=\"http:\/\/woerrlein-naturfoto.de\/wordpress\/saeugetiere-iii-a-z\/eichhoernchen\/\">Eichh\u00f6rnchen<\/a><br \/>\n<a href=\"https:\/\/woerrlein-naturfoto.de\/wordpress\/paarhufer-unpaarhufer-a-z\/elch\/\">Elch<\/a><br \/>\n<a title=\"Erdkr\u00f6te\" href=\"http:\/\/woerrlein-naturfoto.de\/wordpress\/kroeten-a-z\/erdkroete\/\">Erdkr\u00f6te<br \/>\n<\/a><a href=\"http:\/\/woerrlein-naturfoto.de\/wordpress\/reptilien-a-z\/europaeische-sumpfschildkroete\/\">Europ\u00e4ische Sumpfschildkr\u00f6te<\/a><br \/>\n<a href=\"http:\/\/woerrlein-naturfoto.de\/wordpress\/saeugetiere-iii-a-z\/feldhase\/\">Feldhase<\/a><br \/>\n<a title=\"Feuersalamander\" href=\"http:\/\/woerrlein-naturfoto.de\/wordpress\/molche-salamander-a-z\/feuersalamander\/\">Feuersalamander<\/a><br \/>\n<a href=\"http:\/\/woerrlein-naturfoto.de\/wordpress\/saeugetiere-iii-a-z\/fischotter\/\">Fischotter<\/a><br \/>\n<a href=\"http:\/\/woerrlein-naturfoto.de\/wordpress\/spinnen-a-z\/gartenkreuzspinne\/\">Gartenkreuzspinne<\/a><br \/>\n<a href=\"http:\/\/woerrlein-naturfoto.de\/wordpress\/kroeten-a-z\/geburtshelferkroete\/\">Geburtshelferkr\u00f6te<\/a><br \/>\n<a title=\"Gelbbauchunke\" href=\"http:\/\/woerrlein-naturfoto.de\/wordpress\/kroeten-a-z\/gelbbauchunke\/\">Gelbbauchunke<\/a><br \/>\n<a title=\"Grasfrosch\" href=\"http:\/\/woerrlein-naturfoto.de\/wordpress\/froesche-a-z\/grasfrosch\/\">Grasfrosch<\/a><br \/>\n<a href=\"http:\/\/woerrlein-naturfoto.de\/wordpress\/saeugetiere-iii-a-z\/igel\/\">Igel<\/a><br \/>\n<a title=\"Kammmolch\" href=\"http:\/\/woerrlein-naturfoto.de\/wordpress\/molche-salamander-a-z\/kammmolch\/\">Kammmolch<\/a><br \/>\n<a title=\"Kegelrobbe\" href=\"http:\/\/woerrlein-naturfoto.de\/wordpress\/meeressaeuger-a-z\/kegelrobbe\/\">Kegelrobbe<br \/>\n<\/a><a href=\"https:\/\/woerrlein-naturfoto.de\/wordpress\/paarhufer-unpaarhufer-a-z\/konikpferde\/\">Konik-Pferd<\/a><br \/>\n<a title=\"Kreuzkr\u00f6te\" href=\"http:\/\/woerrlein-naturfoto.de\/wordpress\/kroeten-a-z\/kreuzkroete\/\">Kreuzkr\u00f6te<\/a><br \/>\n<a href=\"https:\/\/woerrlein-naturfoto.de\/wordpress\/spinnen-a-z\/kuerbisspinne\/\">K\u00fcrbisspinne<\/a><br \/>\n<a title=\"Laubfrosch\" href=\"http:\/\/woerrlein-naturfoto.de\/wordpress\/froesche-a-z\/laubfrosch\/\">Laubrosch<\/a><br \/>\n<a href=\"http:\/\/woerrlein-naturfoto.de\/wordpress\/saeugetiere-iii-a-z\/luchs\/\">Luchs<\/a><br \/>\n<a title=\"Mauereidechse\" href=\"http:\/\/woerrlein-naturfoto.de\/wordpress\/reptilien-a-z\/mauereidechse\/\">Mauereidechse<\/a><br \/>\n<a href=\"http:\/\/woerrlein-naturfoto.de\/wordpress\/saeugetiere-iii-a-z\/mauswiesel\/\">Mauswiesel<\/a><br \/>\n<a title=\"Moorfrosch\" href=\"http:\/\/woerrlein-naturfoto.de\/wordpress\/froesche-a-z\/moorfrosch\/\">Moorfrosch<br \/>\n<\/a><a href=\"http:\/\/woerrlein-naturfoto.de\/wordpress\/paarhufer-unpaarhufer-a-z\/moschusochse\/\">Moschusochse<\/a><br \/>\n<a href=\"https:\/\/woerrlein-naturfoto.de\/wordpress\/saeugetiere-iii-a-z\/polarfuchs\/\">Polarfuchs<\/a><br \/>\n<a href=\"http:\/\/woerrlein-naturfoto.de\/wordpress\/paarhufer-unpaarhufer-a-z\/przewalski-pferd\/\">Przewalski-Pferd<br \/>\n<\/a><a href=\"http:\/\/woerrlein-naturfoto.de\/wordpress\/paarhufer-unpaarhufer-a-z\/reh\/\">Reh<\/a><br \/>\n<a href=\"http:\/\/woerrlein-naturfoto.de\/wordpress\/paarhufer-unpaarhufer-a-z\/rentier\/\">Rentier<\/a><br \/>\n<a title=\"Ringelnatter\" href=\"http:\/\/woerrlein-naturfoto.de\/wordpress\/reptilien-a-z\/ringelnatter\/\">Ringelnatter<\/a><br \/>\n<a href=\"https:\/\/woerrlein-naturfoto.de\/wordpress\/saeugetiere-iii-a-z\/roetelmaus\/\">R\u00f6telmaus<\/a><br \/>\n<a href=\"http:\/\/woerrlein-naturfoto.de\/wordpress\/paarhufer-unpaarhufer-a-z\/rothirsch\/\">Rothirsch<\/a><br \/>\n<a href=\"https:\/\/woerrlein-naturfoto.de\/wordpress\/meeressaeuger-a-z\/seehund\/\">Seehund<\/a><br \/>\n<a href=\"http:\/\/woerrlein-naturfoto.de\/wordpress\/saeugetiere-iii-a-z\/siebenschlaefer\/\">Siebenschl\u00e4fer<\/a><br \/>\n<a title=\"Teichfrosch\" href=\"http:\/\/woerrlein-naturfoto.de\/wordpress\/froesche-a-z\/teichfrosch\/\">Teichfrosch<\/a><br \/>\n<a title=\"Teichmolch\" href=\"http:\/\/woerrlein-naturfoto.de\/wordpress\/molche-salamander-a-z\/teichmolch\/\">Teichmolch<\/a><br \/>\n<a href=\"http:\/\/woerrlein-naturfoto.de\/wordpress\/spinnen-a-z\/veraenderliche-krabbenspinne\/\">Ver\u00e4nderliche Krabbenspinne<br \/>\n<\/a><a href=\"https:\/\/woerrlein-naturfoto.de\/wordpress\/saeugetiere-iii-a-z\/vielfrass\/\">Vielfra\u00df<\/a><br \/>\n<a href=\"http:\/\/woerrlein-naturfoto.de\/wordpress\/reptilien-a-z\/waldeidechse\/\">Waldeidechse<\/a><br \/>\n<a href=\"http:\/\/woerrlein-naturfoto.de\/wordpress\/spinnen-a-z\/waldkrabbenspinne\/\">Waldkrabbenspinne<br \/>\n<\/a><a href=\"http:\/\/woerrlein-naturfoto.de\/wordpress\/spinnen-a-z\/weberknecht\/\">Weberknecht<\/a><a href=\"http:\/\/woerrlein-naturfoto.de\/wordpress\/spinnen-a-z\/waldkrabbenspinne\/\"><br \/>\n<\/a><a href=\"http:\/\/woerrlein-naturfoto.de\/wordpress\/spinnen-a-z\/wespenspinne\/\">Wespenspinne<\/a><a href=\"http:\/\/woerrlein-naturfoto.de\/wordpress\/spinnen-a-z\/waldkrabbenspinne\/\"><br \/>\n<\/a><a href=\"http:\/\/woerrlein-naturfoto.de\/wordpress\/saeugetiere-iii-a-z\/wildkaninchen\/\">Wildkaninchen<\/a><br \/>\n<a href=\"http:\/\/woerrlein-naturfoto.de\/wordpress\/saeugetiere-iii-a-z\/wildkatze\/\">Wildkatze<\/a><br \/>\n<a title=\"Zauneidechse\" href=\"http:\/\/woerrlein-naturfoto.de\/wordpress\/reptilien-a-z\/zauneidechse\/\">Zauneidechse<\/a><br \/>\n<a href=\"http:\/\/woerrlein-naturfoto.de\/wordpress\/saeugetiere-iii-a-z\/ziesel\/\">Ziesel<\/a><br \/>\n<a href=\"https:\/\/woerrlein-naturfoto.de\/wordpress\/saeugetiere-iii-a-z\/zwergmaus\/\">Zwergmaus<\/a><\/p>\n","protected":false},"excerpt":{"rendered":"<p>Die Seiten der &#8222;Sonstigen Tiere&#8220; sind auch taxonomisch sortiert \u201c\u00a0Ordnung, Familie und Gattung \u201cabrufbar. Alpensteinbock Argiope Lobata Berglemming Bergmolch\u00a0 Bisamratte Blindschleiche Braunb\u00e4r Dachs Eichh\u00f6rnchen Elch Erdkr\u00f6te Europ\u00e4ische Sumpfschildkr\u00f6te Feldhase Feuersalamander Fischotter Gartenkreuzspinne Geburtshelferkr\u00f6te Gelbbauchunke Grasfrosch Igel Kammmolch Kegelrobbe Konik-Pferd Kreuzkr\u00f6te K\u00fcrbisspinne Laubrosch Luchs Mauereidechse Mauswiesel Moorfrosch Moschusochse Polarfuchs Przewalski-Pferd Reh Rentier Ringelnatter R\u00f6telmaus Rothirsch Seehund &hellip; <a href=\"https:\/\/woerrlein-naturfoto.de\/wordpress\/hauptseite-sonstige-tiere\/sonstige-tiere\/sonstige-tiere-von-a-z\/\" class=\"more-link\"><span class=\"screen-reader-text\">A bis Z<\/span> weiterlesen <span class=\"meta-nav\">&rarr;<\/span><\/a><\/p>\n","protected":false},"author":1,"featured_media":0,"parent":68,"menu_order":0,"comment_status":"closed","ping_status":"closed","template":"page-templates\/full-width.php","meta":{"footnotes":""},"class_list":["post-5317","page","type-page","status-publish","hentry"],"_links":{"self":[{"href":"https:\/\/woerrlein-naturfoto.de\/wordpress\/wp-json\/wp\/v2\/pages\/5317","targetHints":{"allow":["GET"]}}],"collection":[{"href":"https:\/\/woerrlein-naturfoto.de\/wordpress\/wp-json\/wp\/v2\/pages"}],"about":[{"href":"https:\/\/woerrlein-naturfoto.de\/wordpress\/wp-json\/wp\/v2\/types\/page"}],"author":[{"embeddable":true,"href":"https:\/\/woerrlein-naturfoto.de\/wordpress\/wp-json\/wp\/v2\/users\/1"}],"replies":[{"embeddable":true,"href":"https:\/\/woerrlein-naturfoto.de\/wordpress\/wp-json\/wp\/v2\/comments?post=5317"}],"version-history":[{"count":26,"href":"https:\/\/woerrlein-naturfoto.de\/wordpress\/wp-json\/wp\/v2\/pages\/5317\/revisions"}],"predecessor-version":[{"id":18427,"href":"https:\/\/woerrlein-naturfoto.de\/wordpress\/wp-json\/wp\/v2\/pages\/5317\/revisions\/18427"}],"up":[{"embeddable":true,"href":"https:\/\/woerrlein-naturfoto.de\/wordpress\/wp-json\/wp\/v2\/pages\/68"}],"wp:attachment":[{"href":"https:\/\/woerrlein-naturfoto.de\/wordpress\/wp-json\/wp\/v2\/media?parent=5317"}],"curies":[{"name":"wp","href":"https:\/\/api.w.org\/{rel}","templated":true}]}}