{"id":5186,"date":"2015-01-31T16:27:57","date_gmt":"2015-01-31T15:27:57","guid":{"rendered":"http:\/\/woerrlein-naturfoto.de\/wordpress\/?page_id=5186"},"modified":"2022-10-19T14:17:23","modified_gmt":"2022-10-19T12:17:23","slug":"ziegelroter-schwefelkopf","status":"publish","type":"page","link":"https:\/\/woerrlein-naturfoto.de\/wordpress\/pilze-a-z\/ziegelroter-schwefelkopf\/","title":{"rendered":"Ziegelroter Schwefelkopf"},"content":{"rendered":"<p><a href=\"http:\/\/woerrlein-naturfoto.de\/wordpress\/hauptseite-pflanzen\/pflanzen\/\"><span style=\"color: #ffff66;\">Pflanzen<\/span> <\/a>-&gt;<a href=\"http:\/\/woerrlein-naturfoto.de\/wordpress\/hauptseite-pflanzen\/pflanzen\/pilze-2\/\"> <span style=\"color: #ffff66;\">Pilze<\/span><\/a><br \/>\n<a href=\"http:\/\/woerrlein-naturfoto.de\/wordpress\/pflanzen-von-a-z\/\">Pflanzen von A-Z<\/a><br \/>\nzur Galerie <a href=\"https:\/\/woerrlein-naturfoto.de\/wordpress\/hauptseite-pflanzen\/pflanzen\/pilze-2\/pilze-iii-s-bis-z\/\">Pilze III<\/a><\/p>\n<p><img loading=\"lazy\" decoding=\"async\" class=\"alignleft wp-image-4779\" src=\"http:\/\/woerrlein-naturfoto.de\/wordpress\/wp-content\/uploads\/ZiegelroterSchwefelkopf_63073_v-600x400.jpg\" alt=\"ZiegelroterSchwefelkopf_63073_v.jpg\" width=\"600\" height=\"400\" \/>Der <b>Ziegelrote Schwefelkopf<\/b> (<i>Hypholoma lateritium<\/i> syn. <i>H.\u00a0sublateritium<\/i>, <i>Naematoloma sublateritium<\/i>) ist eine Pilzart aus der Familie der Tr\u00e4uschlingsverwandten. Er ist seltener und weniger bekannt als seine beiden Verwandten, der essbare Graubl\u00e4ttrige Schwefelkopf und der giftige Gr\u00fcnbl\u00e4ttrige Schwefelkopf. Von diesen unterscheidet er sich unter anderem durch die meist gr\u00f6\u00dferen Fruchtk\u00f6rper. Der Ziegelrote Schwefelkopf besitzt einen 3,5\u201310 cm breiten, recht fleischigen Hut. Dieser ist erst halbkugelig, dann abgeflacht bis konvex geformt und weist einen stumpfen Buckel auf. Er hat eine fuchsige bis ziegelrote F\u00e4rbung. Zum Rand hin ist er zunehmend schwefelgelb bis hellgelb get\u00f6nt. Er lebt als Schw\u00e4cheparasit an oder neben St\u00fcmpfen und liegenden St\u00e4mmen von Laub- und seltener Nadelholz.<\/p>\n<p><strong>Vorkommen:<\/strong>\u00a0\u00a0\u00a0\u00a0\u00a0\u00a0\u00a0 August bis November<\/p>\n<p>zur Galerie <a href=\"https:\/\/woerrlein-naturfoto.de\/wordpress\/hauptseite-pflanzen\/pflanzen\/pilze-2\/pilze-iii-s-bis-z\/\">Pilze III<\/a><\/p>\n<p>&nbsp;<\/p>\n<p><em>Quelle des Textauszuges und weitere Infos bei <\/em><a href=\"http:\/\/de.wikipedia.org\/wiki\/Ziegelroter_Schwefelkopf\" target=\"_blank\" rel=\"noopener noreferrer\">Wikipedia<\/a><em> (<\/em><a href=\"http:\/\/www.gnu.org\/licenses\/fdl-1.3.txt\" target=\"_blank\" rel=\"noopener noreferrer\">GNU-Lizenz<\/a><em>)\u2013 mein Dank gilt den <\/em><a href=\"http:\/\/de.wikipedia.org\/w\/index.php?title=Ziegelroter_Schwefelkopf&amp;action=history\" target=\"_blank\" rel=\"noopener noreferrer\">Autoren<\/a><em>.<\/em><\/p>\n","protected":false},"excerpt":{"rendered":"<p>Pflanzen -&gt; Pilze Pflanzen von A-Z zur Galerie Pilze III Der Ziegelrote Schwefelkopf (Hypholoma lateritium syn. H.\u00a0sublateritium, Naematoloma sublateritium) ist eine Pilzart aus der Familie der Tr\u00e4uschlingsverwandten. Er ist seltener und weniger bekannt als seine beiden Verwandten, der essbare Graubl\u00e4ttrige Schwefelkopf und der giftige Gr\u00fcnbl\u00e4ttrige Schwefelkopf. Von diesen unterscheidet er sich unter anderem durch die &hellip; <a href=\"https:\/\/woerrlein-naturfoto.de\/wordpress\/pilze-a-z\/ziegelroter-schwefelkopf\/\" class=\"more-link\"><span class=\"screen-reader-text\">Ziegelroter Schwefelkopf<\/span> weiterlesen <span class=\"meta-nav\">&rarr;<\/span><\/a><\/p>\n","protected":false},"author":1,"featured_media":0,"parent":5118,"menu_order":0,"comment_status":"closed","ping_status":"closed","template":"page-templates\/full-width.php","meta":{"footnotes":""},"class_list":["post-5186","page","type-page","status-publish","hentry"],"_links":{"self":[{"href":"https:\/\/woerrlein-naturfoto.de\/wordpress\/wp-json\/wp\/v2\/pages\/5186","targetHints":{"allow":["GET"]}}],"collection":[{"href":"https:\/\/woerrlein-naturfoto.de\/wordpress\/wp-json\/wp\/v2\/pages"}],"about":[{"href":"https:\/\/woerrlein-naturfoto.de\/wordpress\/wp-json\/wp\/v2\/types\/page"}],"author":[{"embeddable":true,"href":"https:\/\/woerrlein-naturfoto.de\/wordpress\/wp-json\/wp\/v2\/users\/1"}],"replies":[{"embeddable":true,"href":"https:\/\/woerrlein-naturfoto.de\/wordpress\/wp-json\/wp\/v2\/comments?post=5186"}],"version-history":[{"count":6,"href":"https:\/\/woerrlein-naturfoto.de\/wordpress\/wp-json\/wp\/v2\/pages\/5186\/revisions"}],"predecessor-version":[{"id":15574,"href":"https:\/\/woerrlein-naturfoto.de\/wordpress\/wp-json\/wp\/v2\/pages\/5186\/revisions\/15574"}],"up":[{"embeddable":true,"href":"https:\/\/woerrlein-naturfoto.de\/wordpress\/wp-json\/wp\/v2\/pages\/5118"}],"wp:attachment":[{"href":"https:\/\/woerrlein-naturfoto.de\/wordpress\/wp-json\/wp\/v2\/media?parent=5186"}],"curies":[{"name":"wp","href":"https:\/\/api.w.org\/{rel}","templated":true}]}}