{"id":5184,"date":"2015-01-31T16:19:23","date_gmt":"2015-01-31T15:19:23","guid":{"rendered":"http:\/\/woerrlein-naturfoto.de\/wordpress\/?page_id=5184"},"modified":"2022-10-19T14:16:14","modified_gmt":"2022-10-19T12:16:14","slug":"weissvioletter-dickfuss","status":"publish","type":"page","link":"https:\/\/woerrlein-naturfoto.de\/wordpress\/pilze-a-z\/weissvioletter-dickfuss\/","title":{"rendered":"Wei\u00dfvioletter Dickfu\u00df"},"content":{"rendered":"<p><a href=\"http:\/\/woerrlein-naturfoto.de\/wordpress\/hauptseite-pflanzen\/pflanzen\/\"><span style=\"color: #ffff66;\">Pflanzen<\/span> <\/a>-&gt;<a href=\"http:\/\/woerrlein-naturfoto.de\/wordpress\/hauptseite-pflanzen\/pflanzen\/pilze-2\/\"> <span style=\"color: #ffff66;\">Pilze<\/span><\/a><br \/>\n<a href=\"http:\/\/woerrlein-naturfoto.de\/wordpress\/pflanzen-von-a-z\/\">Pflanzen von A-Z<\/a><br \/>\nzur Galerie <a href=\"https:\/\/woerrlein-naturfoto.de\/wordpress\/hauptseite-pflanzen\/pflanzen\/pilze-2\/pilze-iii-s-bis-z\/\">Pilze III<\/a><\/p>\n<p><img loading=\"lazy\" decoding=\"async\" class=\"alignleft wp-image-4778\" src=\"http:\/\/woerrlein-naturfoto.de\/wordpress\/wp-content\/uploads\/WeissvioletterDickfuss_D140906_8885_v-600x400.jpg\" alt=\"WeissvioletterDickfuss_D140906_8885_v.jpg\" width=\"600\" height=\"400\" \/>Der <strong>Wei\u00dfviolette Dickfu\u00df<\/strong> <em>(Cortinarius alboviolaceus)<\/em> geh\u00f6rt zur Familie der Schleierlingsverwandten. Sein Hut ist 3-7 cm breit, jung sehr blass violett, sp\u00e4ter wei\u00dflich mit violettem Hauch und schlie\u00dflich blass ocker. Er ist im Laub- und Mischwald unter Eichen, Rotbuchen und Birken zu finden.<\/p>\n<p><strong>Vorkommen:<\/strong>\u00a0\u00a0\u00a0\u00a0\u00a0\u00a0\u00a0 August bis Oktober<\/p>\n<p>zur Galerie <a href=\"https:\/\/woerrlein-naturfoto.de\/wordpress\/hauptseite-pflanzen\/pflanzen\/pilze-2\/pilze-iii-s-bis-z\/\">Pilze III<\/a><\/p>\n<p>&nbsp;<\/p>\n<p><em>Quelle<\/em> Ewald Gerhardt: <i>Pilze<\/i>. BLV Verlag, M\u00fcnchen 2001. ISBN 3-405-15147-3<\/p>\n","protected":false},"excerpt":{"rendered":"<p>Pflanzen -&gt; Pilze Pflanzen von A-Z zur Galerie Pilze III Der Wei\u00dfviolette Dickfu\u00df (Cortinarius alboviolaceus) geh\u00f6rt zur Familie der Schleierlingsverwandten. Sein Hut ist 3-7 cm breit, jung sehr blass violett, sp\u00e4ter wei\u00dflich mit violettem Hauch und schlie\u00dflich blass ocker. Er ist im Laub- und Mischwald unter Eichen, Rotbuchen und Birken zu finden. Vorkommen:\u00a0\u00a0\u00a0\u00a0\u00a0\u00a0\u00a0 August bis &hellip; <a href=\"https:\/\/woerrlein-naturfoto.de\/wordpress\/pilze-a-z\/weissvioletter-dickfuss\/\" class=\"more-link\"><span class=\"screen-reader-text\">Wei\u00dfvioletter Dickfu\u00df<\/span> weiterlesen <span class=\"meta-nav\">&rarr;<\/span><\/a><\/p>\n","protected":false},"author":1,"featured_media":0,"parent":5118,"menu_order":0,"comment_status":"closed","ping_status":"closed","template":"page-templates\/full-width.php","meta":{"footnotes":""},"class_list":["post-5184","page","type-page","status-publish","hentry"],"_links":{"self":[{"href":"https:\/\/woerrlein-naturfoto.de\/wordpress\/wp-json\/wp\/v2\/pages\/5184","targetHints":{"allow":["GET"]}}],"collection":[{"href":"https:\/\/woerrlein-naturfoto.de\/wordpress\/wp-json\/wp\/v2\/pages"}],"about":[{"href":"https:\/\/woerrlein-naturfoto.de\/wordpress\/wp-json\/wp\/v2\/types\/page"}],"author":[{"embeddable":true,"href":"https:\/\/woerrlein-naturfoto.de\/wordpress\/wp-json\/wp\/v2\/users\/1"}],"replies":[{"embeddable":true,"href":"https:\/\/woerrlein-naturfoto.de\/wordpress\/wp-json\/wp\/v2\/comments?post=5184"}],"version-history":[{"count":6,"href":"https:\/\/woerrlein-naturfoto.de\/wordpress\/wp-json\/wp\/v2\/pages\/5184\/revisions"}],"predecessor-version":[{"id":15572,"href":"https:\/\/woerrlein-naturfoto.de\/wordpress\/wp-json\/wp\/v2\/pages\/5184\/revisions\/15572"}],"up":[{"embeddable":true,"href":"https:\/\/woerrlein-naturfoto.de\/wordpress\/wp-json\/wp\/v2\/pages\/5118"}],"wp:attachment":[{"href":"https:\/\/woerrlein-naturfoto.de\/wordpress\/wp-json\/wp\/v2\/media?parent=5184"}],"curies":[{"name":"wp","href":"https:\/\/api.w.org\/{rel}","templated":true}]}}