{"id":5178,"date":"2015-01-31T15:50:34","date_gmt":"2015-01-31T14:50:34","guid":{"rendered":"http:\/\/woerrlein-naturfoto.de\/wordpress\/?page_id=5178"},"modified":"2022-10-19T14:11:33","modified_gmt":"2022-10-19T12:11:33","slug":"viersporiger-nitrathelmling","status":"publish","type":"page","link":"https:\/\/woerrlein-naturfoto.de\/wordpress\/pilze-a-z\/viersporiger-nitrathelmling\/","title":{"rendered":"Viersporiger Nitrathelmling"},"content":{"rendered":"<p><a href=\"http:\/\/woerrlein-naturfoto.de\/wordpress\/hauptseite-pflanzen\/pflanzen\/\"><span style=\"color: #ffff66;\">Pflanzen<\/span> <\/a>-&gt;<a href=\"http:\/\/woerrlein-naturfoto.de\/wordpress\/hauptseite-pflanzen\/pflanzen\/pilze-2\/\"> <span style=\"color: #ffff66;\">Pilze<\/span><\/a><br \/>\n<a href=\"http:\/\/woerrlein-naturfoto.de\/wordpress\/pflanzen-von-a-z\/\">Pflanzen von A-Z<\/a><br \/>\nzur Galerie <a href=\"https:\/\/woerrlein-naturfoto.de\/wordpress\/hauptseite-pflanzen\/pflanzen\/pilze-2\/pilze-iii-s-bis-z\/\">Pilze III<\/a><\/p>\n<p><img loading=\"lazy\" decoding=\"async\" class=\"alignleft wp-image-4759\" src=\"http:\/\/woerrlein-naturfoto.de\/wordpress\/wp-content\/uploads\/NitratHelmling_62895_v54c3ae241d0e0-400x600.jpg\" alt=\"NitratHelmling_62895_v54c3ae241d0e0.jpg\" width=\"267\" height=\"400\" srcset=\"https:\/\/woerrlein-naturfoto.de\/wordpress\/wp-content\/uploads\/NitratHelmling_62895_v54c3ae241d0e0-400x600.jpg 400w, https:\/\/woerrlein-naturfoto.de\/wordpress\/wp-content\/uploads\/NitratHelmling_62895_v54c3ae241d0e0.jpg 567w\" sizes=\"auto, (max-width: 267px) 100vw, 267px\" \/>Der <strong>Viersporige Nitrathelmling<\/strong><em> (Mycena stipata)<\/em> geh\u00f6rt zur Familie der Helmlingsverwandten. Sein Hut hat eine Breite von 1-3 cm und ist graubraun, ru\u00dfbraun oder dunkel rozbraun gef\u00e4rbt. Er ist h\u00e4ufig an abgestorbenen Nadelholz (Fichte, Kiefer) zu finden.<\/p>\n<p><strong>Vorkommen:<\/strong>\u00a0\u00a0\u00a0\u00a0\u00a0\u00a0\u00a0 August bis November<\/p>\n<p>zur Galerie <a href=\"https:\/\/woerrlein-naturfoto.de\/wordpress\/hauptseite-pflanzen\/pflanzen\/pilze-2\/pilze-iii-s-bis-z\/\">Pilze III<\/a><\/p>\n<p>&nbsp;<\/p>\n<p><em>Quelle<\/em> Ewald Gerhardt: <i>Pilze<\/i>. BLV Verlag, M\u00fcnchen 2001. ISBN 3-405-15147-3<\/p>\n","protected":false},"excerpt":{"rendered":"<p>Pflanzen -&gt; Pilze Pflanzen von A-Z zur Galerie Pilze III Der Viersporige Nitrathelmling (Mycena stipata) geh\u00f6rt zur Familie der Helmlingsverwandten. Sein Hut hat eine Breite von 1-3 cm und ist graubraun, ru\u00dfbraun oder dunkel rozbraun gef\u00e4rbt. Er ist h\u00e4ufig an abgestorbenen Nadelholz (Fichte, Kiefer) zu finden. Vorkommen:\u00a0\u00a0\u00a0\u00a0\u00a0\u00a0\u00a0 August bis November zur Galerie Pilze III &nbsp; &hellip; <a href=\"https:\/\/woerrlein-naturfoto.de\/wordpress\/pilze-a-z\/viersporiger-nitrathelmling\/\" class=\"more-link\"><span class=\"screen-reader-text\">Viersporiger Nitrathelmling<\/span> weiterlesen <span class=\"meta-nav\">&rarr;<\/span><\/a><\/p>\n","protected":false},"author":1,"featured_media":0,"parent":5118,"menu_order":0,"comment_status":"closed","ping_status":"closed","template":"page-templates\/full-width.php","meta":{"footnotes":""},"class_list":["post-5178","page","type-page","status-publish","hentry"],"_links":{"self":[{"href":"https:\/\/woerrlein-naturfoto.de\/wordpress\/wp-json\/wp\/v2\/pages\/5178","targetHints":{"allow":["GET"]}}],"collection":[{"href":"https:\/\/woerrlein-naturfoto.de\/wordpress\/wp-json\/wp\/v2\/pages"}],"about":[{"href":"https:\/\/woerrlein-naturfoto.de\/wordpress\/wp-json\/wp\/v2\/types\/page"}],"author":[{"embeddable":true,"href":"https:\/\/woerrlein-naturfoto.de\/wordpress\/wp-json\/wp\/v2\/users\/1"}],"replies":[{"embeddable":true,"href":"https:\/\/woerrlein-naturfoto.de\/wordpress\/wp-json\/wp\/v2\/comments?post=5178"}],"version-history":[{"count":7,"href":"https:\/\/woerrlein-naturfoto.de\/wordpress\/wp-json\/wp\/v2\/pages\/5178\/revisions"}],"predecessor-version":[{"id":15566,"href":"https:\/\/woerrlein-naturfoto.de\/wordpress\/wp-json\/wp\/v2\/pages\/5178\/revisions\/15566"}],"up":[{"embeddable":true,"href":"https:\/\/woerrlein-naturfoto.de\/wordpress\/wp-json\/wp\/v2\/pages\/5118"}],"wp:attachment":[{"href":"https:\/\/woerrlein-naturfoto.de\/wordpress\/wp-json\/wp\/v2\/media?parent=5178"}],"curies":[{"name":"wp","href":"https:\/\/api.w.org\/{rel}","templated":true}]}}