{"id":5165,"date":"2015-01-31T13:44:09","date_gmt":"2015-01-31T12:44:09","guid":{"rendered":"http:\/\/woerrlein-naturfoto.de\/wordpress\/?page_id=5165"},"modified":"2022-10-19T14:05:13","modified_gmt":"2022-10-19T12:05:13","slug":"sparriger-schueppling","status":"publish","type":"page","link":"https:\/\/woerrlein-naturfoto.de\/wordpress\/pilze-a-z\/sparriger-schueppling\/","title":{"rendered":"Sparriger Sch\u00fcppling"},"content":{"rendered":"<p><a href=\"http:\/\/woerrlein-naturfoto.de\/wordpress\/hauptseite-pflanzen\/pflanzen\/\"><span style=\"color: #ffff66;\">Pflanzen<\/span> <\/a>-&gt;<a href=\"http:\/\/woerrlein-naturfoto.de\/wordpress\/hauptseite-pflanzen\/pflanzen\/pilze-2\/\"> <span style=\"color: #ffff66;\">Pilze<\/span><\/a><br \/>\n<a href=\"http:\/\/woerrlein-naturfoto.de\/wordpress\/pflanzen-von-a-z\/\">Pflanzen von A-Z<\/a><br \/>\nzur Galerie <a href=\"https:\/\/woerrlein-naturfoto.de\/wordpress\/hauptseite-pflanzen\/pflanzen\/pilze-2\/pilze-iii-s-bis-z\/\">Pilze III<\/a><\/p>\n<p><img loading=\"lazy\" decoding=\"async\" class=\"alignleft wp-image-4781\" src=\"http:\/\/woerrlein-naturfoto.de\/wordpress\/wp-content\/uploads\/SparrigerSchueppling_05245-600x400.jpg\" alt=\"SparrigerSchueppling_05245.jpg\" width=\"600\" height=\"400\" srcset=\"https:\/\/woerrlein-naturfoto.de\/wordpress\/wp-content\/uploads\/SparrigerSchueppling_05245-600x400.jpg 600w, https:\/\/woerrlein-naturfoto.de\/wordpress\/wp-content\/uploads\/SparrigerSchueppling_05245-120x80.jpg 120w, https:\/\/woerrlein-naturfoto.de\/wordpress\/wp-content\/uploads\/SparrigerSchueppling_05245.jpg 1000w\" sizes=\"auto, (max-width: 600px) 100vw, 600px\" \/>Der <b>Sparrige Sch\u00fcppling<\/b> (<i>Pholiota squarrosa<\/i>) ist eine Pilzart aus der Familie der Tr\u00e4uschlingsverwandten. Er gilt in der j\u00fcngeren Literatur als giftig, soll aber in der Vergangenheit als Speisepilz verwendet worden sein. Der Sparrige Sch\u00fcppling w\u00e4chst in gro\u00dfen B\u00fcscheln aus totem oder lebendem Laubholz (h\u00e4ufiger Apfelb\u00e4ume, am Stammfu\u00df), selten auch an Nadelholz. Die Art ist in Mitteleuropa sehr h\u00e4ufig und besonders an Stra\u00dfen-, Park- und Obstb\u00e4umen zu finden. Sparrige Sch\u00fcpplinge verursachen eine <a title=\"Wei\u00dff\u00e4ule\" href=\"http:\/\/de.wikipedia.org\/wiki\/Wei%C3%9Ff%C3%A4ule\" target=\"_blank\" rel=\"noopener noreferrer\">Wei\u00dff\u00e4ule<\/a>, der Abbau von lebendem Holz erfolgt eher langsam. Die Fruchtk\u00f6rper erscheinen meistens erst im Herbst und Sp\u00e4therbst.<\/p>\n<p><strong>Vorkommen:<\/strong>\u00a0\u00a0\u00a0\u00a0\u00a0\u00a0\u00a0 September bis November<\/p>\n<p>zur Galerie <a href=\"https:\/\/woerrlein-naturfoto.de\/wordpress\/hauptseite-pflanzen\/pflanzen\/pilze-2\/pilze-iii-s-bis-z\/\">Pilze III<\/a><br \/>\n&nbsp;<\/p>\n<p><em>Quelle des Textauszuges und weitere Infos bei <\/em><a href=\"http:\/\/de.wikipedia.org\/wiki\/Sparriger_Sch%C3%BCppling\" target=\"_blank\" rel=\"noopener noreferrer\">Wikipedia<\/a><em> (<\/em><a href=\"http:\/\/www.gnu.org\/licenses\/fdl-1.3.txt\" target=\"_blank\" rel=\"noopener noreferrer\">GNU-Lizenz<\/a><em>)\u2013 mein Dank gilt den <\/em><a href=\"http:\/\/de.wikipedia.org\/w\/index.php?title=Sparriger_Sch%C3%BCppling&amp;action=history\" target=\"_blank\" rel=\"noopener noreferrer\">Autoren<\/a><em>.<\/em><\/p>\n","protected":false},"excerpt":{"rendered":"<p>Pflanzen -&gt; Pilze Pflanzen von A-Z zur Galerie Pilze III Der Sparrige Sch\u00fcppling (Pholiota squarrosa) ist eine Pilzart aus der Familie der Tr\u00e4uschlingsverwandten. Er gilt in der j\u00fcngeren Literatur als giftig, soll aber in der Vergangenheit als Speisepilz verwendet worden sein. Der Sparrige Sch\u00fcppling w\u00e4chst in gro\u00dfen B\u00fcscheln aus totem oder lebendem Laubholz (h\u00e4ufiger Apfelb\u00e4ume, &hellip; <a href=\"https:\/\/woerrlein-naturfoto.de\/wordpress\/pilze-a-z\/sparriger-schueppling\/\" class=\"more-link\"><span class=\"screen-reader-text\">Sparriger Sch\u00fcppling<\/span> weiterlesen <span class=\"meta-nav\">&rarr;<\/span><\/a><\/p>\n","protected":false},"author":1,"featured_media":0,"parent":5118,"menu_order":0,"comment_status":"closed","ping_status":"closed","template":"page-templates\/full-width.php","meta":{"footnotes":""},"class_list":["post-5165","page","type-page","status-publish","hentry"],"_links":{"self":[{"href":"https:\/\/woerrlein-naturfoto.de\/wordpress\/wp-json\/wp\/v2\/pages\/5165","targetHints":{"allow":["GET"]}}],"collection":[{"href":"https:\/\/woerrlein-naturfoto.de\/wordpress\/wp-json\/wp\/v2\/pages"}],"about":[{"href":"https:\/\/woerrlein-naturfoto.de\/wordpress\/wp-json\/wp\/v2\/types\/page"}],"author":[{"embeddable":true,"href":"https:\/\/woerrlein-naturfoto.de\/wordpress\/wp-json\/wp\/v2\/users\/1"}],"replies":[{"embeddable":true,"href":"https:\/\/woerrlein-naturfoto.de\/wordpress\/wp-json\/wp\/v2\/comments?post=5165"}],"version-history":[{"count":7,"href":"https:\/\/woerrlein-naturfoto.de\/wordpress\/wp-json\/wp\/v2\/pages\/5165\/revisions"}],"predecessor-version":[{"id":15558,"href":"https:\/\/woerrlein-naturfoto.de\/wordpress\/wp-json\/wp\/v2\/pages\/5165\/revisions\/15558"}],"up":[{"embeddable":true,"href":"https:\/\/woerrlein-naturfoto.de\/wordpress\/wp-json\/wp\/v2\/pages\/5118"}],"wp:attachment":[{"href":"https:\/\/woerrlein-naturfoto.de\/wordpress\/wp-json\/wp\/v2\/media?parent=5165"}],"curies":[{"name":"wp","href":"https:\/\/api.w.org\/{rel}","templated":true}]}}