{"id":5162,"date":"2015-01-31T13:32:11","date_gmt":"2015-01-31T12:32:11","guid":{"rendered":"http:\/\/woerrlein-naturfoto.de\/wordpress\/?page_id=5162"},"modified":"2022-10-19T19:04:43","modified_gmt":"2022-10-19T17:04:43","slug":"schopf-tindling","status":"publish","type":"page","link":"https:\/\/woerrlein-naturfoto.de\/wordpress\/pilze-a-z\/schopf-tindling\/","title":{"rendered":"Schopf-Tintling"},"content":{"rendered":"<p><a href=\"http:\/\/woerrlein-naturfoto.de\/wordpress\/hauptseite-pflanzen\/pflanzen\/\"><span style=\"color: #ffff66;\">Pflanzen<\/span> <\/a>-&gt;<a href=\"http:\/\/woerrlein-naturfoto.de\/wordpress\/hauptseite-pflanzen\/pflanzen\/pilze-2\/\"> <span style=\"color: #ffff66;\">Pilze<\/span><\/a><br \/>\n<a href=\"http:\/\/woerrlein-naturfoto.de\/wordpress\/pflanzen-von-a-z\/\">Pflanzen von A-Z<\/a><br \/>\nzur Galerie <a href=\"https:\/\/woerrlein-naturfoto.de\/wordpress\/hauptseite-pflanzen\/pflanzen\/pilze-2\/pilze-iii-s-bis-z\/\">Pilze III<\/a><\/p>\n<p><img loading=\"lazy\" decoding=\"async\" class=\"alignleft wp-image-4766\" src=\"http:\/\/woerrlein-naturfoto.de\/wordpress\/wp-content\/uploads\/SchopfTindling_57950_v-400x600.jpg\" alt=\"SchopfTindling_57950_v.jpg\" width=\"267\" height=\"400\" \/>Der <b>Schopf-Tintling<\/b> (<i>Coprinus comatus<\/i>), auch <b>Spargelpilz<\/b>, <b>Porzellantintling<\/b>, <b>Tintenpilz<\/b> oder inkorrekt <b>Tintenschopfling<\/b> genannt, ist eine Pilzart aus der Familie der Champignonverwandten. Er ist in Europa heimisch, h\u00e4ufig und jung ein ausgezeichneter, wenngleich nicht sehr haltbarer Speisepilz. Denn alte Exemplare zerflie\u00dfen zu einer tintenartigen Fl\u00fcssigkeit.\u00a0Der Hut ist 5\u201310\u00a0cm hoch und 3\u20136\u00a0cm breit. Bei jungen Exemplaren ist der Hut ei- bis walzenf\u00f6rmig, mit zunehmendem Alter \u00f6ffnet er sich und wird allm\u00e4hlich glockenf\u00f6rmig. Die anfangs fast reinwei\u00dfe, nur am Rand schwach beige bis rosa und an der Spitze r\u00f6tlich bis br\u00e4unliche Huthaut der Au\u00dfenseite rei\u00dft mit dem Wachstum zu Schuppen auf. Der Schopf-Tintling kommt an Wegr\u00e4ndern und auf Wiesen vor. Im Lebensraum Stadt ist er einer der charakteristischsten Pilze, der oft in gro\u00dfen Gruppen auf ged\u00fcngten Rasenfl\u00e4chen mitten in Wohnsiedlungen w\u00e4chst.<\/p>\n<p><strong>Vorkommen:<\/strong>\u00a0\u00a0\u00a0\u00a0\u00a0\u00a0\u00a0 Mai bis November<\/p>\n<p>zur Galerie <a href=\"https:\/\/woerrlein-naturfoto.de\/wordpress\/hauptseite-pflanzen\/pflanzen\/pilze-2\/pilze-iii-s-bis-z\/\">Pilze III<\/a><\/p>\n<p>&nbsp;<\/p>\n<p><em>Quelle des Textauszuges und weitere Infos bei <\/em><a href=\"http:\/\/de.wikipedia.org\/wiki\/Schopf-Tintling\" target=\"_blank\" rel=\"noopener noreferrer\">Wikipedia<\/a><em> (<\/em><a href=\"http:\/\/www.gnu.org\/licenses\/fdl-1.3.txt\" target=\"_blank\" rel=\"noopener noreferrer\">GNU-Lizenz<\/a><em>)\u2013 mein Dank gilt den <\/em><a href=\"http:\/\/de.wikipedia.org\/w\/index.php?title=Schopf-Tintling&amp;action=history\" target=\"_blank\" rel=\"noopener noreferrer\">Autoren<\/a><em>.<\/em><\/p>\n","protected":false},"excerpt":{"rendered":"<p>Pflanzen -&gt; Pilze Pflanzen von A-Z zur Galerie Pilze III Der Schopf-Tintling (Coprinus comatus), auch Spargelpilz, Porzellantintling, Tintenpilz oder inkorrekt Tintenschopfling genannt, ist eine Pilzart aus der Familie der Champignonverwandten. Er ist in Europa heimisch, h\u00e4ufig und jung ein ausgezeichneter, wenngleich nicht sehr haltbarer Speisepilz. Denn alte Exemplare zerflie\u00dfen zu einer tintenartigen Fl\u00fcssigkeit.\u00a0Der Hut ist &hellip; <a href=\"https:\/\/woerrlein-naturfoto.de\/wordpress\/pilze-a-z\/schopf-tindling\/\" class=\"more-link\"><span class=\"screen-reader-text\">Schopf-Tintling<\/span> weiterlesen <span class=\"meta-nav\">&rarr;<\/span><\/a><\/p>\n","protected":false},"author":1,"featured_media":0,"parent":5118,"menu_order":0,"comment_status":"closed","ping_status":"closed","template":"page-templates\/full-width.php","meta":{"footnotes":""},"class_list":["post-5162","page","type-page","status-publish","hentry"],"_links":{"self":[{"href":"https:\/\/woerrlein-naturfoto.de\/wordpress\/wp-json\/wp\/v2\/pages\/5162","targetHints":{"allow":["GET"]}}],"collection":[{"href":"https:\/\/woerrlein-naturfoto.de\/wordpress\/wp-json\/wp\/v2\/pages"}],"about":[{"href":"https:\/\/woerrlein-naturfoto.de\/wordpress\/wp-json\/wp\/v2\/types\/page"}],"author":[{"embeddable":true,"href":"https:\/\/woerrlein-naturfoto.de\/wordpress\/wp-json\/wp\/v2\/users\/1"}],"replies":[{"embeddable":true,"href":"https:\/\/woerrlein-naturfoto.de\/wordpress\/wp-json\/wp\/v2\/comments?post=5162"}],"version-history":[{"count":10,"href":"https:\/\/woerrlein-naturfoto.de\/wordpress\/wp-json\/wp\/v2\/pages\/5162\/revisions"}],"predecessor-version":[{"id":15625,"href":"https:\/\/woerrlein-naturfoto.de\/wordpress\/wp-json\/wp\/v2\/pages\/5162\/revisions\/15625"}],"up":[{"embeddable":true,"href":"https:\/\/woerrlein-naturfoto.de\/wordpress\/wp-json\/wp\/v2\/pages\/5118"}],"wp:attachment":[{"href":"https:\/\/woerrlein-naturfoto.de\/wordpress\/wp-json\/wp\/v2\/media?parent=5162"}],"curies":[{"name":"wp","href":"https:\/\/api.w.org\/{rel}","templated":true}]}}