{"id":5160,"date":"2015-01-31T13:21:20","date_gmt":"2015-01-31T12:21:20","guid":{"rendered":"http:\/\/woerrlein-naturfoto.de\/wordpress\/?page_id=5160"},"modified":"2022-10-19T13:53:40","modified_gmt":"2022-10-19T11:53:40","slug":"rosshaar-schwindling","status":"publish","type":"page","link":"https:\/\/woerrlein-naturfoto.de\/wordpress\/pilze-a-z\/rosshaar-schwindling\/","title":{"rendered":"Ro\u00dfhaar-Schwindling"},"content":{"rendered":"<p><a href=\"http:\/\/woerrlein-naturfoto.de\/wordpress\/hauptseite-pflanzen\/pflanzen\/\"><span style=\"color: #ffff66;\">Pflanzen<\/span> <\/a>-&gt;<a href=\"http:\/\/woerrlein-naturfoto.de\/wordpress\/hauptseite-pflanzen\/pflanzen\/pilze-2\/\"> <span style=\"color: #ffff66;\">Pilze<\/span><\/a><br \/>\n<a href=\"http:\/\/woerrlein-naturfoto.de\/wordpress\/pflanzen-von-a-z\/\">Pflanzen von A-Z<\/a><br \/>\nzur Galerie <a href=\"https:\/\/woerrlein-naturfoto.de\/wordpress\/hauptseite-pflanzen\/pflanzen\/pilze-2\/pilze-ii-h-bis-r\/\">Pilze II<\/a><\/p>\n<p><img loading=\"lazy\" decoding=\"async\" class=\"alignleft wp-image-4765\" src=\"http:\/\/woerrlein-naturfoto.de\/wordpress\/wp-content\/uploads\/Rosshaarschwindling_AW_44349_v-400x600.jpg\" alt=\"Rosshaarschwindling_AW_44349_v.jpg\" width=\"267\" height=\"400\" \/>Der <b>Rosshaar-Blasssporr\u00fcbling<\/b> (<i>Gymnopus androsaceus<\/i>, syn. <i>Marasmius androsaceus<\/i>, <i>Androsaceus androsaceus<\/i>), bekannter unter dem fr\u00fcheren Namen <b>Rosshaarschwindling<\/b>, ist eine Pilzart aus der Familie der Schwindlingsverwandten. Der kleine Bl\u00e4tterpilz hat einen rosa-braunen bis dunkel rot-braunen, sehr d\u00fcnnfleischigen Hut und einem schw\u00e4rzlichen, haard\u00fcnnen und hornartigen Stiel. Die h\u00e4ufige und weit verbreitete Art lebt <a title=\"Saprobiont\" href=\"http:\/\/de.wikipedia.org\/wiki\/Saprobiont\" target=\"_blank\" rel=\"noopener noreferrer\">saprobiontisch<\/a> in Laub- und Nadelw\u00e4ldern in der Nadel- oder Laubstreu. Der Hut ist 3\u201310\u00a0mm breit, mehr oder weniger gew\u00f6lbt und in der Mitte oft leicht niedergedr\u00fcckt oder flach genabelt. Die Huthaut ist kahl, matt und radial gerunzelt. Sie hat eine rosa-braune bis dunkel rot-braune Farbe, das Zentrum ist meist dunkler als der Rand. Die sehr entfernt stehenden Lamellen sind am Stiel breit angewachsen und haben keinen <a title=\"Collar (Mykologie)\" href=\"http:\/\/de.wikipedia.org\/wiki\/Collar_%28Mykologie%29\" target=\"_blank\" rel=\"noopener noreferrer\">Kollar<\/a>. Sie sind meist mit Zwischenlamellen untermischt und schmutzig braun-rosa.<\/p>\n<p><strong>Vorkommen:<\/strong>\u00a0\u00a0\u00a0\u00a0\u00a0\u00a0\u00a0 Juli bis November<\/p>\n<p>zur Galerie <a href=\"https:\/\/woerrlein-naturfoto.de\/wordpress\/hauptseite-pflanzen\/pflanzen\/pilze-2\/pilze-ii-h-bis-r\/\">Pilze II<\/a><\/p>\n<p>&nbsp;<\/p>\n<p><em>Quelle des Textauszuges und weitere Infos bei <\/em><a href=\"http:\/\/de.wikipedia.org\/wiki\/Rosshaar-Blasssporr%C3%BCbling\" target=\"_blank\" rel=\"noopener noreferrer\">Wikipedia<\/a><em> (<\/em><a href=\"http:\/\/www.gnu.org\/licenses\/fdl-1.3.txt\" target=\"_blank\" rel=\"noopener noreferrer\">GNU-Lizenz<\/a><em>)\u2013 mein Dank gilt den <\/em><a href=\"http:\/\/de.wikipedia.org\/w\/index.php?title=Rosshaar-Blasssporr%C3%BCbling&amp;action=history\" target=\"_blank\" rel=\"noopener noreferrer\">Autoren<\/a><em>.<\/em><\/p>\n","protected":false},"excerpt":{"rendered":"<p>Pflanzen -&gt; Pilze Pflanzen von A-Z zur Galerie Pilze II Der Rosshaar-Blasssporr\u00fcbling (Gymnopus androsaceus, syn. Marasmius androsaceus, Androsaceus androsaceus), bekannter unter dem fr\u00fcheren Namen Rosshaarschwindling, ist eine Pilzart aus der Familie der Schwindlingsverwandten. Der kleine Bl\u00e4tterpilz hat einen rosa-braunen bis dunkel rot-braunen, sehr d\u00fcnnfleischigen Hut und einem schw\u00e4rzlichen, haard\u00fcnnen und hornartigen Stiel. Die h\u00e4ufige und &hellip; <a href=\"https:\/\/woerrlein-naturfoto.de\/wordpress\/pilze-a-z\/rosshaar-schwindling\/\" class=\"more-link\"><span class=\"screen-reader-text\">Ro\u00dfhaar-Schwindling<\/span> weiterlesen <span class=\"meta-nav\">&rarr;<\/span><\/a><\/p>\n","protected":false},"author":1,"featured_media":0,"parent":5118,"menu_order":0,"comment_status":"closed","ping_status":"closed","template":"page-templates\/full-width.php","meta":{"footnotes":""},"class_list":["post-5160","page","type-page","status-publish","hentry"],"_links":{"self":[{"href":"https:\/\/woerrlein-naturfoto.de\/wordpress\/wp-json\/wp\/v2\/pages\/5160","targetHints":{"allow":["GET"]}}],"collection":[{"href":"https:\/\/woerrlein-naturfoto.de\/wordpress\/wp-json\/wp\/v2\/pages"}],"about":[{"href":"https:\/\/woerrlein-naturfoto.de\/wordpress\/wp-json\/wp\/v2\/types\/page"}],"author":[{"embeddable":true,"href":"https:\/\/woerrlein-naturfoto.de\/wordpress\/wp-json\/wp\/v2\/users\/1"}],"replies":[{"embeddable":true,"href":"https:\/\/woerrlein-naturfoto.de\/wordpress\/wp-json\/wp\/v2\/comments?post=5160"}],"version-history":[{"count":6,"href":"https:\/\/woerrlein-naturfoto.de\/wordpress\/wp-json\/wp\/v2\/pages\/5160\/revisions"}],"predecessor-version":[{"id":15547,"href":"https:\/\/woerrlein-naturfoto.de\/wordpress\/wp-json\/wp\/v2\/pages\/5160\/revisions\/15547"}],"up":[{"embeddable":true,"href":"https:\/\/woerrlein-naturfoto.de\/wordpress\/wp-json\/wp\/v2\/pages\/5118"}],"wp:attachment":[{"href":"https:\/\/woerrlein-naturfoto.de\/wordpress\/wp-json\/wp\/v2\/media?parent=5160"}],"curies":[{"name":"wp","href":"https:\/\/api.w.org\/{rel}","templated":true}]}}