{"id":5158,"date":"2015-01-31T13:09:52","date_gmt":"2015-01-31T12:09:52","guid":{"rendered":"http:\/\/woerrlein-naturfoto.de\/wordpress\/?page_id=5158"},"modified":"2022-10-19T13:49:47","modified_gmt":"2022-10-19T11:49:47","slug":"ohrloeffel-stacheling","status":"publish","type":"page","link":"https:\/\/woerrlein-naturfoto.de\/wordpress\/pilze-a-z\/ohrloeffel-stacheling\/","title":{"rendered":"Ohrl\u00f6ffel-Stacheling"},"content":{"rendered":"<p><a href=\"http:\/\/woerrlein-naturfoto.de\/wordpress\/hauptseite-pflanzen\/pflanzen\/\"><span style=\"color: #ffff66;\">Pflanzen<\/span> <\/a>-&gt;<a href=\"http:\/\/woerrlein-naturfoto.de\/wordpress\/hauptseite-pflanzen\/pflanzen\/pilze-2\/\"> <span style=\"color: #ffff66;\">Pilze<\/span><\/a><br \/>\n<a href=\"http:\/\/woerrlein-naturfoto.de\/wordpress\/pflanzen-von-a-z\/\">Pflanzen von A-Z<\/a><br \/>\nzur Galerie <a href=\"https:\/\/woerrlein-naturfoto.de\/wordpress\/hauptseite-pflanzen\/pflanzen\/pilze-2\/pilze-ii-h-bis-r\/\">Pilze II<\/a><\/p>\n<p><img loading=\"lazy\" decoding=\"async\" class=\"alignleft wp-image-4761\" src=\"http:\/\/woerrlein-naturfoto.de\/wordpress\/wp-content\/uploads\/Ohrloeffel-Stacheling_62921_v54c3ae24e2516-400x600.jpg\" alt=\"Ohrloeffel-Stacheling_62921_v54c3ae24e2516.jpg\" width=\"267\" height=\"400\" srcset=\"https:\/\/woerrlein-naturfoto.de\/wordpress\/wp-content\/uploads\/Ohrloeffel-Stacheling_62921_v54c3ae24e2516-400x600.jpg 400w, https:\/\/woerrlein-naturfoto.de\/wordpress\/wp-content\/uploads\/Ohrloeffel-Stacheling_62921_v54c3ae24e2516.jpg 567w\" sizes=\"auto, (max-width: 267px) 100vw, 267px\" \/>Der <b>Ohrl\u00f6ffel-Stacheling<\/b> (<i>Auriscalpium vulgare<\/i>) ist ein Pilz aus der Familie der Ohrl\u00f6ffelstachelingsverwandten (Auriscalpiaceae). Die kleinen, auf Koniferenzapfen wachsenden Fruchtk\u00f6rper sind durch braunfilzige H\u00fcte, ein stacheliges (hydnoides) <a title=\"Hymenophor\" href=\"http:\/\/de.wikipedia.org\/wiki\/Hymenophor\" target=\"_blank\" rel=\"noopener noreferrer\">Hymenophor<\/a> und seitlich ansetzende Stiele gekennzeichnet. Der Art w\u00e4chst <a title=\"Saprobiont\" href=\"http:\/\/de.wikipedia.org\/wiki\/Saprobiont\" target=\"_blank\" rel=\"noopener noreferrer\">saprobiontisch<\/a> auf am Boden liegenden oder vergrabenen Kiefernzapfen; selten besiedelt sie auch Fichtenzapfen. Der Pilz kommt nahezu ganzj\u00e4hrig vor und ist weit verbreitet.<\/p>\n<p><strong>Vorkommen:<\/strong>\u00a0\u00a0\u00a0\u00a0\u00a0\u00a0\u00a0 Ganzj\u00e4hrig; ab Mai frisch wachsend<\/p>\n<p>zur Galerie <a href=\"https:\/\/woerrlein-naturfoto.de\/wordpress\/hauptseite-pflanzen\/pflanzen\/pilze-2\/pilze-ii-h-bis-r\/\">Pilze II<\/a><\/p>\n<p>&nbsp;<\/p>\n<p><em>Quelle des Textauszuges und weitere Infos bei <\/em><a href=\"http:\/\/de.wikipedia.org\/wiki\/Ohrl%C3%B6ffel-Stacheling\" target=\"_blank\" rel=\"noopener noreferrer\">Wikipedia<\/a><em> (<\/em><a href=\"http:\/\/www.gnu.org\/licenses\/fdl-1.3.txt\" target=\"_blank\" rel=\"noopener noreferrer\">GNU-Lizenz<\/a><em>)\u2013 mein Dank gilt den <\/em><a href=\"http:\/\/de.wikipedia.org\/w\/index.php?title=Ohrl%C3%B6ffel-Stacheling&amp;action=history\" target=\"_blank\" rel=\"noopener noreferrer\">Autoren<\/a><em>.<\/em><\/p>\n","protected":false},"excerpt":{"rendered":"<p>Pflanzen -&gt; Pilze Pflanzen von A-Z zur Galerie Pilze II Der Ohrl\u00f6ffel-Stacheling (Auriscalpium vulgare) ist ein Pilz aus der Familie der Ohrl\u00f6ffelstachelingsverwandten (Auriscalpiaceae). Die kleinen, auf Koniferenzapfen wachsenden Fruchtk\u00f6rper sind durch braunfilzige H\u00fcte, ein stacheliges (hydnoides) Hymenophor und seitlich ansetzende Stiele gekennzeichnet. Der Art w\u00e4chst saprobiontisch auf am Boden liegenden oder vergrabenen Kiefernzapfen; selten besiedelt &hellip; <a href=\"https:\/\/woerrlein-naturfoto.de\/wordpress\/pilze-a-z\/ohrloeffel-stacheling\/\" class=\"more-link\"><span class=\"screen-reader-text\">Ohrl\u00f6ffel-Stacheling<\/span> weiterlesen <span class=\"meta-nav\">&rarr;<\/span><\/a><\/p>\n","protected":false},"author":1,"featured_media":0,"parent":5118,"menu_order":0,"comment_status":"closed","ping_status":"closed","template":"page-templates\/full-width.php","meta":{"footnotes":""},"class_list":["post-5158","page","type-page","status-publish","hentry"],"_links":{"self":[{"href":"https:\/\/woerrlein-naturfoto.de\/wordpress\/wp-json\/wp\/v2\/pages\/5158","targetHints":{"allow":["GET"]}}],"collection":[{"href":"https:\/\/woerrlein-naturfoto.de\/wordpress\/wp-json\/wp\/v2\/pages"}],"about":[{"href":"https:\/\/woerrlein-naturfoto.de\/wordpress\/wp-json\/wp\/v2\/types\/page"}],"author":[{"embeddable":true,"href":"https:\/\/woerrlein-naturfoto.de\/wordpress\/wp-json\/wp\/v2\/users\/1"}],"replies":[{"embeddable":true,"href":"https:\/\/woerrlein-naturfoto.de\/wordpress\/wp-json\/wp\/v2\/comments?post=5158"}],"version-history":[{"count":5,"href":"https:\/\/woerrlein-naturfoto.de\/wordpress\/wp-json\/wp\/v2\/pages\/5158\/revisions"}],"predecessor-version":[{"id":15541,"href":"https:\/\/woerrlein-naturfoto.de\/wordpress\/wp-json\/wp\/v2\/pages\/5158\/revisions\/15541"}],"up":[{"embeddable":true,"href":"https:\/\/woerrlein-naturfoto.de\/wordpress\/wp-json\/wp\/v2\/pages\/5118"}],"wp:attachment":[{"href":"https:\/\/woerrlein-naturfoto.de\/wordpress\/wp-json\/wp\/v2\/media?parent=5158"}],"curies":[{"name":"wp","href":"https:\/\/api.w.org\/{rel}","templated":true}]}}