{"id":5145,"date":"2015-01-31T11:57:40","date_gmt":"2015-01-31T10:57:40","guid":{"rendered":"http:\/\/woerrlein-naturfoto.de\/wordpress\/?page_id=5145"},"modified":"2022-10-19T13:46:36","modified_gmt":"2022-10-19T11:46:36","slug":"kurzstieliger-weichritterling","status":"publish","type":"page","link":"https:\/\/woerrlein-naturfoto.de\/wordpress\/pilze-a-z\/kurzstieliger-weichritterling\/","title":{"rendered":"Kurzstieliger Weichritterling"},"content":{"rendered":"<p><a href=\"http:\/\/woerrlein-naturfoto.de\/wordpress\/hauptseite-pflanzen\/pflanzen\/\"><span style=\"color: #ffff66;\">Pflanzen<\/span> <\/a>-&gt;<a href=\"http:\/\/woerrlein-naturfoto.de\/wordpress\/hauptseite-pflanzen\/pflanzen\/pilze-2\/\"> <span style=\"color: #ffff66;\">Pilze<\/span><\/a><br \/>\n<a href=\"http:\/\/woerrlein-naturfoto.de\/wordpress\/pflanzen-von-a-z\/\">Pflanzen von A-Z<\/a><br \/>\nzur Galerie <a href=\"https:\/\/woerrlein-naturfoto.de\/wordpress\/hauptseite-pflanzen\/pflanzen\/pilze-2\/pilze-ii-h-bis-r\/\">Pilze II<\/a><\/p>\n<p><img loading=\"lazy\" decoding=\"async\" class=\"alignleft wp-image-4754\" src=\"http:\/\/woerrlein-naturfoto.de\/wordpress\/wp-content\/uploads\/KurzstieligerWeichritterling_D141101_9177_v-600x400.jpg\" alt=\"KurzstieligerWeichritterling_D141101_9177_v.jpg\" width=\"600\" height=\"400\" srcset=\"https:\/\/woerrlein-naturfoto.de\/wordpress\/wp-content\/uploads\/KurzstieligerWeichritterling_D141101_9177_v-600x400.jpg 600w, https:\/\/woerrlein-naturfoto.de\/wordpress\/wp-content\/uploads\/KurzstieligerWeichritterling_D141101_9177_v-120x80.jpg 120w, https:\/\/woerrlein-naturfoto.de\/wordpress\/wp-content\/uploads\/KurzstieligerWeichritterling_D141101_9177_v.jpg 1000w\" sizes=\"auto, (max-width: 600px) 100vw, 600px\" \/>Der <strong>Kurzstielige Weichritterling<\/strong> <em>(Melanoleuca brevipes)<\/em> ist ein Speisepilz aus der Gattung der Weichritterlinge. Sein Hut ist 3 bis 8 cm breit und graugraun, ru\u00dfbraun oder dunkel rotbraun gef\u00e4rbt. Die Lamellen haben grau-wei\u00dfliche bis schmutzig cremegelbliche Farbe. Man findet den Kurzstieligen Weichritterling h\u00e4ufig an Waldr\u00e4ndern und -wegen, an Graspl\u00e4tzen in G\u00e4rten und Parkanlagen so wie in <a href=\"http:\/\/de.wikipedia.org\/wiki\/Ruderalvegetation\" target=\"_blank\" rel=\"noopener noreferrer\">Ruderalvegetation<\/a>.<\/p>\n<p><strong>Vorkommen:<\/strong>\u00a0\u00a0\u00a0\u00a0\u00a0\u00a0\u00a0 April bis Mai und September bis November<\/p>\n<p>zur Galerie <a href=\"https:\/\/woerrlein-naturfoto.de\/wordpress\/hauptseite-pflanzen\/pflanzen\/pilze-2\/pilze-ii-h-bis-r\/\">Pilze II<\/a><\/p>\n<p>&nbsp;<\/p>\n<p><em>Quelle<\/em> Ewald Gerhardt: <i>Pilze<\/i>. BLV Verlag, M\u00fcnchen 2001. ISBN 3-405-15147-3<\/p>\n","protected":false},"excerpt":{"rendered":"<p>Pflanzen -&gt; Pilze Pflanzen von A-Z zur Galerie Pilze II Der Kurzstielige Weichritterling (Melanoleuca brevipes) ist ein Speisepilz aus der Gattung der Weichritterlinge. Sein Hut ist 3 bis 8 cm breit und graugraun, ru\u00dfbraun oder dunkel rotbraun gef\u00e4rbt. Die Lamellen haben grau-wei\u00dfliche bis schmutzig cremegelbliche Farbe. Man findet den Kurzstieligen Weichritterling h\u00e4ufig an Waldr\u00e4ndern und &hellip; <a href=\"https:\/\/woerrlein-naturfoto.de\/wordpress\/pilze-a-z\/kurzstieliger-weichritterling\/\" class=\"more-link\"><span class=\"screen-reader-text\">Kurzstieliger Weichritterling<\/span> weiterlesen <span class=\"meta-nav\">&rarr;<\/span><\/a><\/p>\n","protected":false},"author":1,"featured_media":0,"parent":5118,"menu_order":0,"comment_status":"closed","ping_status":"closed","template":"page-templates\/full-width.php","meta":{"footnotes":""},"class_list":["post-5145","page","type-page","status-publish","hentry"],"_links":{"self":[{"href":"https:\/\/woerrlein-naturfoto.de\/wordpress\/wp-json\/wp\/v2\/pages\/5145","targetHints":{"allow":["GET"]}}],"collection":[{"href":"https:\/\/woerrlein-naturfoto.de\/wordpress\/wp-json\/wp\/v2\/pages"}],"about":[{"href":"https:\/\/woerrlein-naturfoto.de\/wordpress\/wp-json\/wp\/v2\/types\/page"}],"author":[{"embeddable":true,"href":"https:\/\/woerrlein-naturfoto.de\/wordpress\/wp-json\/wp\/v2\/users\/1"}],"replies":[{"embeddable":true,"href":"https:\/\/woerrlein-naturfoto.de\/wordpress\/wp-json\/wp\/v2\/comments?post=5145"}],"version-history":[{"count":10,"href":"https:\/\/woerrlein-naturfoto.de\/wordpress\/wp-json\/wp\/v2\/pages\/5145\/revisions"}],"predecessor-version":[{"id":15537,"href":"https:\/\/woerrlein-naturfoto.de\/wordpress\/wp-json\/wp\/v2\/pages\/5145\/revisions\/15537"}],"up":[{"embeddable":true,"href":"https:\/\/woerrlein-naturfoto.de\/wordpress\/wp-json\/wp\/v2\/pages\/5118"}],"wp:attachment":[{"href":"https:\/\/woerrlein-naturfoto.de\/wordpress\/wp-json\/wp\/v2\/media?parent=5145"}],"curies":[{"name":"wp","href":"https:\/\/api.w.org\/{rel}","templated":true}]}}