{"id":5141,"date":"2015-01-31T11:41:06","date_gmt":"2015-01-31T10:41:06","guid":{"rendered":"http:\/\/woerrlein-naturfoto.de\/wordpress\/?page_id=5141"},"modified":"2022-10-19T13:33:44","modified_gmt":"2022-10-19T11:33:44","slug":"gruenspan-taeuschling","status":"publish","type":"page","link":"https:\/\/woerrlein-naturfoto.de\/wordpress\/pilze-a-z\/gruenspan-taeuschling\/","title":{"rendered":"Gr\u00fcnspan-Tr\u00e4uschling"},"content":{"rendered":"<p><a href=\"http:\/\/woerrlein-naturfoto.de\/wordpress\/hauptseite-pflanzen\/pflanzen\/\"><span style=\"color: #ffff66;\">Pflanzen<\/span> <\/a>-&gt;<a href=\"http:\/\/woerrlein-naturfoto.de\/wordpress\/hauptseite-pflanzen\/pflanzen\/pilze-2\/\"> <span style=\"color: #ffff66;\">Pilze<\/span><\/a><br \/>\n<a href=\"http:\/\/woerrlein-naturfoto.de\/wordpress\/pflanzen-von-a-z\/\">Pflanzen von A-Z<\/a><br \/>\nzur Galerie <a href=\"https:\/\/woerrlein-naturfoto.de\/wordpress\/hauptseite-pflanzen\/pflanzen\/pilze-2\/pilze-i-a-bis-g\/\">Pilze I<\/a><\/p>\n<p><img loading=\"lazy\" decoding=\"async\" class=\"alignleft wp-image-4755\" src=\"http:\/\/woerrlein-naturfoto.de\/wordpress\/wp-content\/uploads\/GruenspanTraeuschling_35348_v-400x600.jpg\" alt=\"GruenspanTraeuschling_35348_v.jpg\" width=\"267\" height=\"400\" srcset=\"https:\/\/woerrlein-naturfoto.de\/wordpress\/wp-content\/uploads\/GruenspanTraeuschling_35348_v-400x600.jpg 400w, https:\/\/woerrlein-naturfoto.de\/wordpress\/wp-content\/uploads\/GruenspanTraeuschling_35348_v.jpg 567w\" sizes=\"auto, (max-width: 267px) 100vw, 267px\" \/>Der <b>Gr\u00fcnspan-Tr\u00e4uschling<\/b> (<i>Stropharia aeruginosa<\/i>) ist eine Pilzart aus der Gattung der Tr\u00e4uschlinge. Der Hut ist 3\u20138\u00a0cm breit, stumpf gebuckelt, sp\u00e4ter flach ausgebreitet, blaugr\u00fcn bis spangr\u00fcn und alt etwas gelblich gef\u00e4rbt. Er besitzt eine abziehbare, dick mit Schleim und darin schwimmenden <a title=\"Velum (Mykologie)\" href=\"http:\/\/de.wikipedia.org\/wiki\/Velum_%28Mykologie%29\" target=\"_blank\" rel=\"noopener noreferrer\">Velumresten<\/a> bedeckte Huthaut. Bei trockener Witterung wird die Hutoberfl\u00e4che klebrig. Der Hutrand ist lange heruntergebogen, stumpf und bei jungen Exemplaren mit Velumflocken behangen. Der Gr\u00fcnspan-Tr\u00e4uschling lebt in Laub- und Nadelstreu oder auf sehr stark vermorschtem Holz. Er bevorzugt saure, kalkfreie, n\u00e4hrstoff- und stickstoffarme B\u00f6den und kann in den verschiedensten Waldtypen, entlang von Wegen, in G\u00e4rten und Parks sowie seltener auf Wiesen gefunden werden.<\/p>\n<p><strong>Vorkommen:<\/strong>\u00a0\u00a0\u00a0\u00a0\u00a0\u00a0\u00a0 September bis Novemberbrauchbar<\/p>\n<p>zur Galerie <a href=\"https:\/\/woerrlein-naturfoto.de\/wordpress\/hauptseite-pflanzen\/pflanzen\/pilze-2\/pilze-i-a-bis-g\/\">Pilze I<\/a><\/p>\n<p>&nbsp;<\/p>\n<p><em>Quelle des Textauszuges und weitere Infos bei <\/em><a href=\"http:\/\/de.wikipedia.org\/wiki\/Gr%C3%BCnspan-Tr%C3%A4uschling\" target=\"_blank\" rel=\"noopener noreferrer\">Wikipedia<\/a><em> (<\/em><a href=\"http:\/\/www.gnu.org\/licenses\/fdl-1.3.txt\" target=\"_blank\" rel=\"noopener noreferrer\">GNU-Lizenz<\/a><em>)\u2013 mein Dank gilt den <\/em><a href=\"http:\/\/de.wikipedia.org\/w\/index.php?title=Gr%C3%BCnspan-Tr%C3%A4uschling&amp;action=history\" target=\"_blank\" rel=\"noopener noreferrer\">Autoren<\/a><em>.<\/em><\/p>\n","protected":false},"excerpt":{"rendered":"<p>Pflanzen -&gt; Pilze Pflanzen von A-Z zur Galerie Pilze I Der Gr\u00fcnspan-Tr\u00e4uschling (Stropharia aeruginosa) ist eine Pilzart aus der Gattung der Tr\u00e4uschlinge. Der Hut ist 3\u20138\u00a0cm breit, stumpf gebuckelt, sp\u00e4ter flach ausgebreitet, blaugr\u00fcn bis spangr\u00fcn und alt etwas gelblich gef\u00e4rbt. Er besitzt eine abziehbare, dick mit Schleim und darin schwimmenden Velumresten bedeckte Huthaut. Bei trockener &hellip; <a href=\"https:\/\/woerrlein-naturfoto.de\/wordpress\/pilze-a-z\/gruenspan-taeuschling\/\" class=\"more-link\"><span class=\"screen-reader-text\">Gr\u00fcnspan-Tr\u00e4uschling<\/span> weiterlesen <span class=\"meta-nav\">&rarr;<\/span><\/a><\/p>\n","protected":false},"author":1,"featured_media":0,"parent":5118,"menu_order":0,"comment_status":"closed","ping_status":"closed","template":"page-templates\/full-width.php","meta":{"footnotes":""},"class_list":["post-5141","page","type-page","status-publish","hentry"],"_links":{"self":[{"href":"https:\/\/woerrlein-naturfoto.de\/wordpress\/wp-json\/wp\/v2\/pages\/5141","targetHints":{"allow":["GET"]}}],"collection":[{"href":"https:\/\/woerrlein-naturfoto.de\/wordpress\/wp-json\/wp\/v2\/pages"}],"about":[{"href":"https:\/\/woerrlein-naturfoto.de\/wordpress\/wp-json\/wp\/v2\/types\/page"}],"author":[{"embeddable":true,"href":"https:\/\/woerrlein-naturfoto.de\/wordpress\/wp-json\/wp\/v2\/users\/1"}],"replies":[{"embeddable":true,"href":"https:\/\/woerrlein-naturfoto.de\/wordpress\/wp-json\/wp\/v2\/comments?post=5141"}],"version-history":[{"count":9,"href":"https:\/\/woerrlein-naturfoto.de\/wordpress\/wp-json\/wp\/v2\/pages\/5141\/revisions"}],"predecessor-version":[{"id":15528,"href":"https:\/\/woerrlein-naturfoto.de\/wordpress\/wp-json\/wp\/v2\/pages\/5141\/revisions\/15528"}],"up":[{"embeddable":true,"href":"https:\/\/woerrlein-naturfoto.de\/wordpress\/wp-json\/wp\/v2\/pages\/5118"}],"wp:attachment":[{"href":"https:\/\/woerrlein-naturfoto.de\/wordpress\/wp-json\/wp\/v2\/media?parent=5141"}],"curies":[{"name":"wp","href":"https:\/\/api.w.org\/{rel}","templated":true}]}}