{"id":5126,"date":"2015-01-31T10:27:30","date_gmt":"2015-01-31T09:27:30","guid":{"rendered":"http:\/\/woerrlein-naturfoto.de\/wordpress\/?page_id=5126"},"modified":"2022-10-19T13:20:11","modified_gmt":"2022-10-19T11:20:11","slug":"flaschen-staeubling","status":"publish","type":"page","link":"https:\/\/woerrlein-naturfoto.de\/wordpress\/pilze-a-z\/flaschen-staeubling\/","title":{"rendered":"Flaschen-St\u00e4ubling"},"content":{"rendered":"<p><a href=\"http:\/\/woerrlein-naturfoto.de\/wordpress\/hauptseite-pflanzen\/pflanzen\/\"><span style=\"color: #ffff66;\">Pflanzen<\/span> <\/a>-&gt;<a href=\"http:\/\/woerrlein-naturfoto.de\/wordpress\/hauptseite-pflanzen\/pflanzen\/pilze-2\/\"> <span style=\"color: #ffff66;\">Pilze<\/span><\/a><br \/>\n<a href=\"http:\/\/woerrlein-naturfoto.de\/wordpress\/pflanzen-von-a-z\/\">Pflanzen von A-Z<\/a><br \/>\nzur Galerie <a href=\"https:\/\/woerrlein-naturfoto.de\/wordpress\/hauptseite-pflanzen\/pflanzen\/pilze-2\/pilze-i-a-bis-g\/\">Pilze I<\/a><\/p>\n<p><img loading=\"lazy\" decoding=\"async\" class=\"alignleft wp-image-4748\" src=\"http:\/\/woerrlein-naturfoto.de\/wordpress\/wp-content\/uploads\/Flaschenstaeublinge_D141019_9076_v-600x400.jpg\" alt=\"Flaschenstaeublinge_D141019_9076_v.jpg\" width=\"600\" height=\"400\" \/>Der <b>Flaschen-St\u00e4ubling<\/b> (<i>Lycoperdon perlatum<\/i>, syn. <i>L.\u00a0gemmatum<\/i>), im Volksmund oft auch als <b>Flaschenbovist<\/b> bezeichnet, ist einer der h\u00e4ufigsten St\u00e4ublinge. Der Flaschen-St\u00e4ubling und seine Verwandten z\u00e4hlen zu den Champignonverwandten, die neben Bl\u00e4tterpilzen auch Arten umfassen, die keine Fruchtk\u00f6rper mit Lamellen ausbilden. Die 3\u201310\u00a0cm hohen Fruchtk\u00f6rper haben die Gestalt einer umgedrehten Flasche beziehungsweise Birne und besitzen einen deutlich ausgebildeten Stiel. Der Stielteil ist steril, das hei\u00dft er entwickelt keine Sporen. Die Oberfl\u00e4che ist mit zahlreichen gr\u00f6beren Warzen und Stacheln bedeckt, die eine kegelige Form besitzen. Die W\u00e4rzchen werden zur Stielbasis hin immer kleiner. Bei Ber\u00fchrung l\u00f6sen sie sich sehr leicht ab und hinterlassen auf der Oberfl\u00e4che ein netzartiges Muster. Junge Exemplare sind wei\u00df, mit zunehmender Reife verf\u00e4rben sie gelblich bis graubraun. Der Flaschenst\u00e4ubling ist ein h\u00e4ufiger Pilz in Laub- und Nadelw\u00e4ldern, der oftmals in Gruppen anzutreffen ist.<\/p>\n<p><strong>Vorkommen:<\/strong>\u00a0\u00a0\u00a0\u00a0\u00a0\u00a0\u00a0 Juni bis November<\/p>\n<p>zur Galerie <a href=\"https:\/\/woerrlein-naturfoto.de\/wordpress\/hauptseite-pflanzen\/pflanzen\/pilze-2\/pilze-i-a-bis-g\/\">Pilze I<\/a><\/p>\n<p>&nbsp;<\/p>\n<p><em>Quelle des Textauszuges und weitere Infos bei <\/em><a href=\"http:\/\/de.wikipedia.org\/wiki\/Flaschen-St%C3%A4ubling\" target=\"_blank\" rel=\"noopener noreferrer\">Wikipedia<\/a><em> (<\/em><a href=\"http:\/\/www.gnu.org\/licenses\/fdl-1.3.txt\" target=\"_blank\" rel=\"noopener noreferrer\">GNU-Lizenz<\/a><em>)\u2013 mein Dank gilt den <\/em><a href=\"http:\/\/de.wikipedia.org\/w\/index.php?title=Flaschen-St%C3%A4ubling&amp;action=history\" target=\"_blank\" rel=\"noopener noreferrer\">Autoren<\/a><em>.<\/em><\/p>\n","protected":false},"excerpt":{"rendered":"<p>Pflanzen -&gt; Pilze Pflanzen von A-Z zur Galerie Pilze I Der Flaschen-St\u00e4ubling (Lycoperdon perlatum, syn. L.\u00a0gemmatum), im Volksmund oft auch als Flaschenbovist bezeichnet, ist einer der h\u00e4ufigsten St\u00e4ublinge. Der Flaschen-St\u00e4ubling und seine Verwandten z\u00e4hlen zu den Champignonverwandten, die neben Bl\u00e4tterpilzen auch Arten umfassen, die keine Fruchtk\u00f6rper mit Lamellen ausbilden. Die 3\u201310\u00a0cm hohen Fruchtk\u00f6rper haben die &hellip; <a href=\"https:\/\/woerrlein-naturfoto.de\/wordpress\/pilze-a-z\/flaschen-staeubling\/\" class=\"more-link\"><span class=\"screen-reader-text\">Flaschen-St\u00e4ubling<\/span> weiterlesen <span class=\"meta-nav\">&rarr;<\/span><\/a><\/p>\n","protected":false},"author":1,"featured_media":0,"parent":5118,"menu_order":0,"comment_status":"closed","ping_status":"closed","template":"page-templates\/full-width.php","meta":{"footnotes":""},"class_list":["post-5126","page","type-page","status-publish","hentry"],"_links":{"self":[{"href":"https:\/\/woerrlein-naturfoto.de\/wordpress\/wp-json\/wp\/v2\/pages\/5126","targetHints":{"allow":["GET"]}}],"collection":[{"href":"https:\/\/woerrlein-naturfoto.de\/wordpress\/wp-json\/wp\/v2\/pages"}],"about":[{"href":"https:\/\/woerrlein-naturfoto.de\/wordpress\/wp-json\/wp\/v2\/types\/page"}],"author":[{"embeddable":true,"href":"https:\/\/woerrlein-naturfoto.de\/wordpress\/wp-json\/wp\/v2\/users\/1"}],"replies":[{"embeddable":true,"href":"https:\/\/woerrlein-naturfoto.de\/wordpress\/wp-json\/wp\/v2\/comments?post=5126"}],"version-history":[{"count":7,"href":"https:\/\/woerrlein-naturfoto.de\/wordpress\/wp-json\/wp\/v2\/pages\/5126\/revisions"}],"predecessor-version":[{"id":15514,"href":"https:\/\/woerrlein-naturfoto.de\/wordpress\/wp-json\/wp\/v2\/pages\/5126\/revisions\/15514"}],"up":[{"embeddable":true,"href":"https:\/\/woerrlein-naturfoto.de\/wordpress\/wp-json\/wp\/v2\/pages\/5118"}],"wp:attachment":[{"href":"https:\/\/woerrlein-naturfoto.de\/wordpress\/wp-json\/wp\/v2\/media?parent=5126"}],"curies":[{"name":"wp","href":"https:\/\/api.w.org\/{rel}","templated":true}]}}