{"id":4897,"date":"2015-01-25T20:26:41","date_gmt":"2015-01-25T18:26:41","guid":{"rendered":"http:\/\/woerrlein-naturfoto.de\/wordpress\/?page_id=4897"},"modified":"2021-12-19T13:43:48","modified_gmt":"2021-12-19T12:43:48","slug":"winterling","status":"publish","type":"page","link":"https:\/\/woerrlein-naturfoto.de\/wordpress\/hahnenfussgewaechse-a_z\/winterling\/","title":{"rendered":"Winterling"},"content":{"rendered":"<p><span style=\"color: #ffff00;\"><a style=\"color: #ffff00;\" href=\"http:\/\/woerrlein-naturfoto.de\/wordpress\/hauptseite-pflanzen\/pflanzen\/\">Pflanzen<\/a> <\/span>-&gt;<span style=\"color: #ffff00;\"> <a style=\"color: #ffff00;\" href=\"http:\/\/woerrlein-naturfoto.de\/wordpress\/hauptseite-pflanzen\/pflanzen\/hahnenfussgewaechse\/\">Hahnenfu\u00dfgew\u00e4chse<\/a><\/span><a href=\"http:\/\/woerrlein-naturfoto.de\/wordpress\/hauptseite-pflanzen\/pflanzen\/blueten-ii-sonstige-blueten\/\"><br \/>\n<\/a><a href=\"http:\/\/woerrlein-naturfoto.de\/wordpress\/pflanzen-von-a-z\/\">Pflanzen von A-Z<\/a><a href=\"http:\/\/woerrlein-naturfoto.de\/wordpress\/hauptseite-pflanzen\/pflanzen\/blueten-ii-sonstige-blueten\/\"><br \/>\n<\/a>Zur Galerie <a href=\"http:\/\/woerrlein-naturfoto.de\/wordpress\/hauptseite-pflanzen\/pflanzen\/hahnenfussgewaechse\/\">Hahnenfu\u00dfgew\u00e4chse<code><\/code><\/a><a href=\"http:\/\/woerrlein-naturfoto.de\/wordpress\/hauptseite-pflanzen\/pflanzen\/blueten-ii-sonstige-blueten\/\"><code><br \/>\n<\/code><\/a><\/p>\n<p><img loading=\"lazy\" decoding=\"async\" class=\"alignleft wp-image-7101\" src=\"http:\/\/woerrlein-naturfoto.de\/wordpress\/wp-content\/uploads\/2015\/07\/Winterling_64521_v-400x600.jpg\" alt=\"Winterling_64521_v.jpg\" width=\"267\" height=\"400\" srcset=\"https:\/\/woerrlein-naturfoto.de\/wordpress\/wp-content\/uploads\/2015\/07\/Winterling_64521_v-400x600.jpg 400w, https:\/\/woerrlein-naturfoto.de\/wordpress\/wp-content\/uploads\/2015\/07\/Winterling_64521_v.jpg 567w\" sizes=\"auto, (max-width: 267px) 100vw, 267px\" \/>Der <b>Winterling<\/b> (<i>Eranthis hyemalis<\/i>; Syn.: <i>Eranthis hiemalis<\/i> <span class=\"Person\">L.<\/span>) ist eine Pflanzenart aus der Gattung der Winterlinge in der Familie der Hahnenfu\u00dfgew\u00e4chse. Er ist ein Fr\u00fchjahrsbl\u00fcher, dessen gelbes Kleid oft schon Ende Februar zu sehen ist. Die gl\u00e4nzend gelben, etwa 2,5\u00a0cm im Durchmesser gro\u00dfen Bl\u00fcten stehen am Ende eines dicken St\u00e4ngels. Die Bl\u00fcte enth\u00e4lt meist sechs Bl\u00fctenkronbl\u00e4tter und viele Staubbl\u00e4tter. Zwischen Kronbl\u00e4ttern und Staubbl\u00e4ttern befinden sich t\u00fctenf\u00f6rmige Nektarbl\u00e4tter. Der Winterling liefert als eine der ersten Pflanzen im Jahr Nektar und Pollen. Steigt die Temperatur an sonnigen Wintertagen auf 10 bis 12\u00a0\u00b0C, so kann man dort die ersten Bienenanfl\u00fcge beobachten.<\/p>\n<p><strong>Bl\u00fctezeit:<\/strong>\u00a0\u00a0\u00a0\u00a0 Januar bis M\u00e4rz<\/p>\n<p>Zur Galerie <a href=\"http:\/\/woerrlein-naturfoto.de\/wordpress\/hauptseite-pflanzen\/pflanzen\/hahnenfussgewaechse\/\">Hahnenfu\u00dfgew\u00e4chse<code><\/code><\/a><code><\/code><\/p>\n<p>&nbsp;<\/p>\n<p><em>Quelle des Textauszuges und weitere Infos bei <\/em><a href=\"http:\/\/de.wikipedia.org\/wiki\/Winterling\" target=\"_blank\" rel=\"noopener\">Wikipedia<\/a><em> (<\/em><a href=\"http:\/\/www.gnu.org\/licenses\/fdl-1.3.txt\" target=\"_blank\" rel=\"noopener\">GNU-Lizenz<\/a><em>)\u2013 mein Dank gilt den <\/em><a href=\"http:\/\/de.wikipedia.org\/w\/index.php?title=Winterling&amp;action=history\" target=\"_blank\" rel=\"noopener\">Autoren<\/a><em>.<\/em><\/p>\n","protected":false},"excerpt":{"rendered":"<p>Pflanzen -&gt; Hahnenfu\u00dfgew\u00e4chse Pflanzen von A-Z Zur Galerie Hahnenfu\u00dfgew\u00e4chse Der Winterling (Eranthis hyemalis; Syn.: Eranthis hiemalis L.) ist eine Pflanzenart aus der Gattung der Winterlinge in der Familie der Hahnenfu\u00dfgew\u00e4chse. Er ist ein Fr\u00fchjahrsbl\u00fcher, dessen gelbes Kleid oft schon Ende Februar zu sehen ist. Die gl\u00e4nzend gelben, etwa 2,5\u00a0cm im Durchmesser gro\u00dfen Bl\u00fcten stehen am &hellip; <a href=\"https:\/\/woerrlein-naturfoto.de\/wordpress\/hahnenfussgewaechse-a_z\/winterling\/\" class=\"more-link\"><span class=\"screen-reader-text\">Winterling<\/span> weiterlesen <span class=\"meta-nav\">&rarr;<\/span><\/a><\/p>\n","protected":false},"author":1,"featured_media":0,"parent":7137,"menu_order":0,"comment_status":"closed","ping_status":"closed","template":"page-templates\/full-width.php","meta":{"footnotes":""},"class_list":["post-4897","page","type-page","status-publish","hentry"],"_links":{"self":[{"href":"https:\/\/woerrlein-naturfoto.de\/wordpress\/wp-json\/wp\/v2\/pages\/4897","targetHints":{"allow":["GET"]}}],"collection":[{"href":"https:\/\/woerrlein-naturfoto.de\/wordpress\/wp-json\/wp\/v2\/pages"}],"about":[{"href":"https:\/\/woerrlein-naturfoto.de\/wordpress\/wp-json\/wp\/v2\/types\/page"}],"author":[{"embeddable":true,"href":"https:\/\/woerrlein-naturfoto.de\/wordpress\/wp-json\/wp\/v2\/users\/1"}],"replies":[{"embeddable":true,"href":"https:\/\/woerrlein-naturfoto.de\/wordpress\/wp-json\/wp\/v2\/comments?post=4897"}],"version-history":[{"count":7,"href":"https:\/\/woerrlein-naturfoto.de\/wordpress\/wp-json\/wp\/v2\/pages\/4897\/revisions"}],"predecessor-version":[{"id":14468,"href":"https:\/\/woerrlein-naturfoto.de\/wordpress\/wp-json\/wp\/v2\/pages\/4897\/revisions\/14468"}],"up":[{"embeddable":true,"href":"https:\/\/woerrlein-naturfoto.de\/wordpress\/wp-json\/wp\/v2\/pages\/7137"}],"wp:attachment":[{"href":"https:\/\/woerrlein-naturfoto.de\/wordpress\/wp-json\/wp\/v2\/media?parent=4897"}],"curies":[{"name":"wp","href":"https:\/\/api.w.org\/{rel}","templated":true}]}}