{"id":489,"date":"2014-05-02T19:04:29","date_gmt":"2014-05-02T17:04:29","guid":{"rendered":"http:\/\/woerrlein-naturfoto.de\/wordpress\/?page_id=489"},"modified":"2015-02-23T13:00:50","modified_gmt":"2015-02-23T12:00:50","slug":"sumpfohreule","status":"publish","type":"page","link":"https:\/\/woerrlein-naturfoto.de\/wordpress\/eulen_a-z\/sumpfohreule\/","title":{"rendered":"Sumpfohreule"},"content":{"rendered":"<p><a href=\"http:\/\/woerrlein-naturfoto.de\/wordpress\/voegel\/\"><span style=\"color: #ffff66;\">V\u00f6gel<\/span> <\/a>-&gt;<a href=\"http:\/\/woerrlein-naturfoto.de\/wordpress\/hauptseite-voegel\/voegel\/eulen\/\"> <span style=\"color: #ffff66;\">Eulen<\/span><\/a><a href=\"http:\/\/woerrlein-naturfoto.de\/wordpress\/voegel\/sperlingsvoegel\/drosseln\"><br \/>\n<\/a><a title=\"V\u00f6gel von A-Z\" href=\"http:\/\/woerrlein-naturfoto.de\/wordpress\/voegel\/voegel_von_a-z\/\">V\u00f6gel von A-Z<\/a><br \/>\nZur Galerie <a title=\"Eulen\" href=\"http:\/\/woerrlein-naturfoto.de\/wordpress\/hauptseite-voegel\/voegel\/eulen\/\">Eulen<\/a><\/p>\n<p><img loading=\"lazy\" decoding=\"async\" class=\"alignleft wp-image-448\" src=\"http:\/\/woerrlein-naturfoto.de\/wordpress\/wp-content\/uploads\/Sumpfohreule_12016L_v-600x400.jpg\" alt=\"Sumpfohreule_12016L_v.jpg\" width=\"600\" height=\"400\" \/><\/p>\n<p>Die <b>Sumpfohreule<\/b> (<i>Asio flammeus<\/i>) ist eine Vogelart aus der Gattung der Ohreulen (<i>Asio<\/i>) innerhalb der Familie der Eulen. Ihre kurzen Federohren sind meist angelegt und somit nicht sichtbar. Der englische Name <i>Short Eared Owl<\/i> betont dieses Merkmal, w\u00e4hrend der deutsche die Lebensraumpr\u00e4ferenzen der Art f\u00fcr Feucht- und Marschgebiete unterstreicht.\u00a0Der mit etwa 40\u00a0Zentimeter K\u00f6rperl\u00e4nge knapp kr\u00e4hengro\u00dfe Vogel kommt in zumindest sieben Unterarten beinahe weltweit vor und z\u00e4hlt damit zu den Eulenarten mit dem gr\u00f6\u00dften Verbreitungsgebiet.\u00a0Eine typisch gef\u00e4rbte Sumpfohreule ist auf der Oberseite auf schilfgelbem oder strohfarbenem Untergrund unregelm\u00e4\u00dfig und grob r\u00f6tlichbraun geflockt. Sumpfohreulen ern\u00e4hren sich und ihre Nestlinge vor allem von kleinen S\u00e4ugetieren, insbesondere von W\u00fchlm\u00e4usen. Unter diesen ist die Feldmaus (<i>Microtus arvalis<\/i>) das mit Abstand wichtigste Beutetier.<\/p>\n<p>L\u00e4nge: 37-39 cm\u00a0\u00a0 Spannweite: 95-110 cm\u00a0\u00a0 Gewicht: 260-425 g\u00a0\u00a0 Gelege: 4-8 Eier<\/p>\n<p>Zur Galerie <a title=\"Eulen\" href=\"http:\/\/woerrlein-naturfoto.de\/wordpress\/hauptseite-voegel\/voegel\/eulen\/\">Eulen<\/a><\/p>\n<p>&nbsp;<\/p>\n<p><em>Quelle des Textauszuges und weitere Infos bei <\/em><a href=\"http:\/\/de.wikipedia.org\/wiki\/Sumpfohreule\" target=\"_blank\">Wikipedia<\/a> <em>(<\/em><a href=\"http:\/\/www.gnu.org\/licenses\/fdl-1.3.txt\" target=\"_blank\">GNU-Lizenz<\/a><em>)<\/em> \u2013 <em>mein Dank gilt den<\/em> <a href=\"http:\/\/de.wikipedia.org\/w\/index.php?title=Sumpfohreule&amp;action=history\" target=\"_blank\">Autoren<\/a>.<\/p>\n","protected":false},"excerpt":{"rendered":"<p>V\u00f6gel -&gt; Eulen V\u00f6gel von A-Z Zur Galerie Eulen Die Sumpfohreule (Asio flammeus) ist eine Vogelart aus der Gattung der Ohreulen (Asio) innerhalb der Familie der Eulen. Ihre kurzen Federohren sind meist angelegt und somit nicht sichtbar. Der englische Name Short Eared Owl betont dieses Merkmal, w\u00e4hrend der deutsche die Lebensraumpr\u00e4ferenzen der Art f\u00fcr Feucht- &hellip; <a href=\"https:\/\/woerrlein-naturfoto.de\/wordpress\/eulen_a-z\/sumpfohreule\/\" class=\"more-link\"><span class=\"screen-reader-text\">Sumpfohreule<\/span> weiterlesen <span class=\"meta-nav\">&rarr;<\/span><\/a><\/p>\n","protected":false},"author":1,"featured_media":0,"parent":456,"menu_order":0,"comment_status":"closed","ping_status":"closed","template":"page-templates\/full-width.php","meta":{"footnotes":""},"class_list":["post-489","page","type-page","status-publish","hentry"],"_links":{"self":[{"href":"https:\/\/woerrlein-naturfoto.de\/wordpress\/wp-json\/wp\/v2\/pages\/489","targetHints":{"allow":["GET"]}}],"collection":[{"href":"https:\/\/woerrlein-naturfoto.de\/wordpress\/wp-json\/wp\/v2\/pages"}],"about":[{"href":"https:\/\/woerrlein-naturfoto.de\/wordpress\/wp-json\/wp\/v2\/types\/page"}],"author":[{"embeddable":true,"href":"https:\/\/woerrlein-naturfoto.de\/wordpress\/wp-json\/wp\/v2\/users\/1"}],"replies":[{"embeddable":true,"href":"https:\/\/woerrlein-naturfoto.de\/wordpress\/wp-json\/wp\/v2\/comments?post=489"}],"version-history":[{"count":16,"href":"https:\/\/woerrlein-naturfoto.de\/wordpress\/wp-json\/wp\/v2\/pages\/489\/revisions"}],"predecessor-version":[{"id":6540,"href":"https:\/\/woerrlein-naturfoto.de\/wordpress\/wp-json\/wp\/v2\/pages\/489\/revisions\/6540"}],"up":[{"embeddable":true,"href":"https:\/\/woerrlein-naturfoto.de\/wordpress\/wp-json\/wp\/v2\/pages\/456"}],"wp:attachment":[{"href":"https:\/\/woerrlein-naturfoto.de\/wordpress\/wp-json\/wp\/v2\/media?parent=489"}],"curies":[{"name":"wp","href":"https:\/\/api.w.org\/{rel}","templated":true}]}}