{"id":4881,"date":"2015-01-25T19:56:21","date_gmt":"2015-01-25T17:56:21","guid":{"rendered":"http:\/\/woerrlein-naturfoto.de\/wordpress\/?page_id=4881"},"modified":"2015-02-10T12:40:28","modified_gmt":"2015-02-10T11:40:28","slug":"wiesen-glockenblume","status":"publish","type":"page","link":"https:\/\/woerrlein-naturfoto.de\/wordpress\/blueten-ii-a-z\/wiesen-glockenblume\/","title":{"rendered":"Wiesen-Glockenblume"},"content":{"rendered":"<p><a href=\"http:\/\/woerrlein-naturfoto.de\/wordpress\/hauptseite-pflanzen\/pflanzen\/\"><span style=\"color: #ffff66;\">Pflanzen<\/span> <\/a>-&gt;<a href=\"http:\/\/woerrlein-naturfoto.de\/wordpress\/hauptseite-pflanzen\/pflanzen\/blueten-ii-sonstige-blueten\/\"> <span style=\"color: #ffff66;\">Bl\u00fcten II (sonstige Bl\u00fcten)<\/span><\/a><br \/>\n<a href=\"http:\/\/woerrlein-naturfoto.de\/wordpress\/pflanzen-von-a-z\/\">Pflanzen von A-Z<\/a><br \/>\nZur Galerie <a href=\"http:\/\/woerrlein-naturfoto.de\/wordpress\/hauptseite-pflanzen\/pflanzen\/blueten-ii-sonstige-blueten\/\">sonstige Bl\u00fcten<code><\/code><\/a><\/p>\n<p><img loading=\"lazy\" decoding=\"async\" class=\"alignleft wp-image-4721\" src=\"http:\/\/woerrlein-naturfoto.de\/wordpress\/wp-content\/uploads\/Wiesenglockenblume_D20130713_529_v-400x600.jpg\" alt=\"Wiesenglockenblume_D20130713_529_v.jpg\" width=\"267\" height=\"400\" \/>Die <b>Wiesen-Glockenblume<\/b> (<i>Campanula patula<\/i>) geh\u00f6rt zur Gattung der Glockenblumen. Die Pflanze ist nahezu in ganz Europa verbreitet. Als Standort bevorzugt die Wiesen-Glockenblume frische, feuchte, n\u00e4hrstoffreiche Wiesen, Geb\u00fcsche und deren S\u00e4ume und auch Waldlichtungen mit sandigem oder lehmigem Boden von der Tallage bis 1400 m H\u00f6he.<br \/>\nWie alle Glockenblumen-Arten sind sie vorm\u00e4nnlich, d.h. die Staubbl\u00e4tter gelangen vor den Narben zur Entwicklung, wodurch eine Selbstbest\u00e4ubung weitgehend vermieden wird. Die Wiesen-Glockenblume wird haupts\u00e4chlich von <a title=\"Bienen\" href=\"http:\/\/woerrlein-naturfoto.de\/wordpress\/hautfluegler-zweifluegler-a-z\/honigbiene\/\" target=\"_blank\">Bienen<\/a> best\u00e4ubt.<\/p>\n<p><strong>Bl\u00fctezeit:\u00a0\u00a0\u00a0\u00a0 <\/strong>Mai bis Juni<\/p>\n<p>Zur Galerie <a title=\"Eulen\" href=\"http:\/\/woerrlein-naturfoto.de\/wordpress\/hauptseite-pflanzen\/pflanzen\/blueten-ii-sonstige-blueten\/\">sonstige Bl\u00fcten<\/a><\/p>\n<p>&nbsp;<\/p>\n<p><em>Quelle des Textauszuges und weitere Infos bei <\/em><a href=\"http:\/\/de.wikipedia.org\/wiki\/Wiesen-Glockenblume\" target=\"_blank\">Wikipedia<\/a><em> (<\/em><a href=\"http:\/\/www.gnu.org\/licenses\/fdl-1.3.txt\" target=\"_blank\">GNU-Lizenz<\/a><em>)\u2013 mein Dank gilt den <\/em><a href=\"http:\/\/de.wikipedia.org\/w\/index.php?title=Wiesen-Glockenblume&amp;action=history\" target=\"_blank\">Autoren<\/a><em>.<\/em><\/p>\n","protected":false},"excerpt":{"rendered":"<p>Pflanzen -&gt; Bl\u00fcten II (sonstige Bl\u00fcten) Pflanzen von A-Z Zur Galerie sonstige Bl\u00fcten Die Wiesen-Glockenblume (Campanula patula) geh\u00f6rt zur Gattung der Glockenblumen. Die Pflanze ist nahezu in ganz Europa verbreitet. Als Standort bevorzugt die Wiesen-Glockenblume frische, feuchte, n\u00e4hrstoffreiche Wiesen, Geb\u00fcsche und deren S\u00e4ume und auch Waldlichtungen mit sandigem oder lehmigem Boden von der Tallage bis &hellip; <a href=\"https:\/\/woerrlein-naturfoto.de\/wordpress\/blueten-ii-a-z\/wiesen-glockenblume\/\" class=\"more-link\"><span class=\"screen-reader-text\">Wiesen-Glockenblume<\/span> weiterlesen <span class=\"meta-nav\">&rarr;<\/span><\/a><\/p>\n","protected":false},"author":1,"featured_media":0,"parent":4851,"menu_order":0,"comment_status":"closed","ping_status":"closed","template":"page-templates\/full-width.php","meta":{"footnotes":""},"class_list":["post-4881","page","type-page","status-publish","hentry"],"_links":{"self":[{"href":"https:\/\/woerrlein-naturfoto.de\/wordpress\/wp-json\/wp\/v2\/pages\/4881","targetHints":{"allow":["GET"]}}],"collection":[{"href":"https:\/\/woerrlein-naturfoto.de\/wordpress\/wp-json\/wp\/v2\/pages"}],"about":[{"href":"https:\/\/woerrlein-naturfoto.de\/wordpress\/wp-json\/wp\/v2\/types\/page"}],"author":[{"embeddable":true,"href":"https:\/\/woerrlein-naturfoto.de\/wordpress\/wp-json\/wp\/v2\/users\/1"}],"replies":[{"embeddable":true,"href":"https:\/\/woerrlein-naturfoto.de\/wordpress\/wp-json\/wp\/v2\/comments?post=4881"}],"version-history":[{"count":4,"href":"https:\/\/woerrlein-naturfoto.de\/wordpress\/wp-json\/wp\/v2\/pages\/4881\/revisions"}],"predecessor-version":[{"id":5790,"href":"https:\/\/woerrlein-naturfoto.de\/wordpress\/wp-json\/wp\/v2\/pages\/4881\/revisions\/5790"}],"up":[{"embeddable":true,"href":"https:\/\/woerrlein-naturfoto.de\/wordpress\/wp-json\/wp\/v2\/pages\/4851"}],"wp:attachment":[{"href":"https:\/\/woerrlein-naturfoto.de\/wordpress\/wp-json\/wp\/v2\/media?parent=4881"}],"curies":[{"name":"wp","href":"https:\/\/api.w.org\/{rel}","templated":true}]}}