{"id":4876,"date":"2015-01-25T19:15:22","date_gmt":"2015-01-25T17:15:22","guid":{"rendered":"http:\/\/woerrlein-naturfoto.de\/wordpress\/?page_id=4876"},"modified":"2015-02-10T12:40:08","modified_gmt":"2015-02-10T11:40:08","slug":"moosauge","status":"publish","type":"page","link":"https:\/\/woerrlein-naturfoto.de\/wordpress\/blueten-ii-a-z\/moosauge\/","title":{"rendered":"Moosauge"},"content":{"rendered":"<p><a href=\"http:\/\/woerrlein-naturfoto.de\/wordpress\/hauptseite-pflanzen\/pflanzen\/\"><span style=\"color: #ffff66;\">Pflanzen<\/span> <\/a>-&gt;<a href=\"http:\/\/woerrlein-naturfoto.de\/wordpress\/hauptseite-pflanzen\/pflanzen\/blueten-ii-sonstige-blueten\/\"> <span style=\"color: #ffff66;\">Bl\u00fcten II (sonstige Bl\u00fcten)<\/span><\/a><br \/>\n<a href=\"http:\/\/woerrlein-naturfoto.de\/wordpress\/pflanzen-von-a-z\/\">Pflanzen von A-Z<\/a><br \/>\nZur Galerie <a href=\"http:\/\/woerrlein-naturfoto.de\/wordpress\/hauptseite-pflanzen\/pflanzen\/blueten-ii-sonstige-blueten\/\">sonstige Bl\u00fcten<code><\/code><\/a><\/p>\n<p><img loading=\"lazy\" decoding=\"async\" class=\"alignleft wp-image-4717\" src=\"http:\/\/woerrlein-naturfoto.de\/wordpress\/wp-content\/uploads\/Moosauge_66573_v-400x600.jpg\" alt=\"Moosauge_66573_v.jpg\" width=\"267\" height=\"400\" srcset=\"https:\/\/woerrlein-naturfoto.de\/wordpress\/wp-content\/uploads\/Moosauge_66573_v-400x600.jpg 400w, https:\/\/woerrlein-naturfoto.de\/wordpress\/wp-content\/uploads\/Moosauge_66573_v.jpg 567w\" sizes=\"auto, (max-width: 267px) 100vw, 267px\" \/>Das <b>Moosauge<\/b> (<i>Moneses uniflora<\/i>), auch <b>Einbl\u00fctiges Wintergr\u00fcn<\/b>, ist eine Pflanzen-Art in der Unterfamilie der Monotropoideae innerhalb der Familie der Heidekrautgew\u00e4chse, die man vor allem in Nadelw\u00e4ldern finden kann.<br \/>\nEs handelt sich um ausdauernde krautige Pflanzen, die ein unterirdisches, verzweigtes, schlankes Rhizom als Ausbreitungsorgan haben.\u00a0 Pro Blattrosette erscheint nur eine einzige Bl\u00fcte; diese w\u00e4chst endst\u00e4ndig an einem 5\u00a0bis 15\u00a0cm hohen Bl\u00fctenstiel in einer laternenf\u00f6rmig gebogenen (nickenden) Gestalt. Etwa 1 cm unter der Bl\u00fcte sitzen ein oder zwei kleine, lanzettliche Tragbl\u00e4tter. Die Bl\u00fctenkrone hat einen Durchmesser von 1,5\u00a0bis 2\u00a0cm. Die wei\u00dfen Kronbl\u00e4tter sind radf\u00f6rmig ausgebreitet und sehen oft etwas zerknittert aus.<br \/>\nDas Moosauge ist in der Nordhemisph\u00e4re weit verbreitet; in Eurasien kommt es von den Pyren\u00e4en bzw. Mitteleuropa ostw\u00e4rts bis nach Japan und Kamtschatka vor, au\u00dferdem in Nordamerika. Es bevorzugt k\u00fchlere und gem\u00e4\u00dfigte Gebiete.<\/p>\n<p><strong>Bl\u00fctezeit:<\/strong>\u00a0\u00a0\u00a0\u00a0 Mai bis Oktober<\/p>\n<p>Zur Galerie <a title=\"Eulen\" href=\"http:\/\/woerrlein-naturfoto.de\/wordpress\/hauptseite-pflanzen\/pflanzen\/blueten-ii-sonstige-blueten\/\">sonstige Bl\u00fcten<\/a><\/p>\n<p>&nbsp;<\/p>\n<p><em>Quelle des Textauszuges und weitere Infos bei <\/em><a href=\"http:\/\/de.wikipedia.org\/wiki\/Moosauge\" target=\"_blank\">Wikipedia<\/a><em> (<\/em><a href=\"http:\/\/www.gnu.org\/licenses\/fdl-1.3.txt\" target=\"_blank\">GNU-Lizenz<\/a><em>)\u2013 mein Dank gilt den <\/em><a href=\"http:\/\/de.wikipedia.org\/w\/index.php?title=Moosauge&amp;action=history\" target=\"_blank\">Autoren<\/a><em>.<\/em><\/p>\n","protected":false},"excerpt":{"rendered":"<p>Pflanzen -&gt; Bl\u00fcten II (sonstige Bl\u00fcten) Pflanzen von A-Z Zur Galerie sonstige Bl\u00fcten Das Moosauge (Moneses uniflora), auch Einbl\u00fctiges Wintergr\u00fcn, ist eine Pflanzen-Art in der Unterfamilie der Monotropoideae innerhalb der Familie der Heidekrautgew\u00e4chse, die man vor allem in Nadelw\u00e4ldern finden kann. Es handelt sich um ausdauernde krautige Pflanzen, die ein unterirdisches, verzweigtes, schlankes Rhizom als &hellip; <a href=\"https:\/\/woerrlein-naturfoto.de\/wordpress\/blueten-ii-a-z\/moosauge\/\" class=\"more-link\"><span class=\"screen-reader-text\">Moosauge<\/span> weiterlesen <span class=\"meta-nav\">&rarr;<\/span><\/a><\/p>\n","protected":false},"author":1,"featured_media":0,"parent":4851,"menu_order":0,"comment_status":"closed","ping_status":"closed","template":"page-templates\/full-width.php","meta":{"footnotes":""},"class_list":["post-4876","page","type-page","status-publish","hentry"],"_links":{"self":[{"href":"https:\/\/woerrlein-naturfoto.de\/wordpress\/wp-json\/wp\/v2\/pages\/4876","targetHints":{"allow":["GET"]}}],"collection":[{"href":"https:\/\/woerrlein-naturfoto.de\/wordpress\/wp-json\/wp\/v2\/pages"}],"about":[{"href":"https:\/\/woerrlein-naturfoto.de\/wordpress\/wp-json\/wp\/v2\/types\/page"}],"author":[{"embeddable":true,"href":"https:\/\/woerrlein-naturfoto.de\/wordpress\/wp-json\/wp\/v2\/users\/1"}],"replies":[{"embeddable":true,"href":"https:\/\/woerrlein-naturfoto.de\/wordpress\/wp-json\/wp\/v2\/comments?post=4876"}],"version-history":[{"count":4,"href":"https:\/\/woerrlein-naturfoto.de\/wordpress\/wp-json\/wp\/v2\/pages\/4876\/revisions"}],"predecessor-version":[{"id":5789,"href":"https:\/\/woerrlein-naturfoto.de\/wordpress\/wp-json\/wp\/v2\/pages\/4876\/revisions\/5789"}],"up":[{"embeddable":true,"href":"https:\/\/woerrlein-naturfoto.de\/wordpress\/wp-json\/wp\/v2\/pages\/4851"}],"wp:attachment":[{"href":"https:\/\/woerrlein-naturfoto.de\/wordpress\/wp-json\/wp\/v2\/media?parent=4876"}],"curies":[{"name":"wp","href":"https:\/\/api.w.org\/{rel}","templated":true}]}}