{"id":4871,"date":"2015-01-25T18:55:30","date_gmt":"2015-01-25T16:55:30","guid":{"rendered":"http:\/\/woerrlein-naturfoto.de\/wordpress\/?page_id=4871"},"modified":"2021-12-19T13:43:27","modified_gmt":"2021-12-19T12:43:27","slug":"gewoehnliche-kuechenschelle","status":"publish","type":"page","link":"https:\/\/woerrlein-naturfoto.de\/wordpress\/hahnenfussgewaechse-a_z\/gewoehnliche-kuechenschelle\/","title":{"rendered":"Gew\u00f6hnliche K\u00fcchenschelle"},"content":{"rendered":"<p><span style=\"color: #ffff00;\"><a style=\"color: #ffff00;\" href=\"http:\/\/woerrlein-naturfoto.de\/wordpress\/hauptseite-pflanzen\/pflanzen\/\">Pflanzen<\/a> <\/span>-&gt;<span style=\"color: #ffff00;\"> <a style=\"color: #ffff00;\" href=\"http:\/\/woerrlein-naturfoto.de\/wordpress\/hauptseite-pflanzen\/pflanzen\/hahnenfussgewaechse\/\">Hahnenfu\u00dfgew\u00e4chse<\/a><\/span><br \/>\n<a href=\"http:\/\/woerrlein-naturfoto.de\/wordpress\/pflanzen-von-a-z\/\">Pflanzen von A-Z<\/a><br \/>\nZur Galerie <a href=\"http:\/\/woerrlein-naturfoto.de\/wordpress\/hauptseite-pflanzen\/pflanzen\/hahnenfussgewaechse\/\">Hahnenfu\u00dfgew\u00e4chse<code><\/code><\/a><\/p>\n<p><img loading=\"lazy\" decoding=\"async\" class=\"alignleft wp-image-7103\" src=\"http:\/\/woerrlein-naturfoto.de\/wordpress\/wp-content\/uploads\/2015\/07\/Kuechenschelle_65247_v-600x400.jpg\" alt=\"Kuechenschelle_65247_v.jpg\" width=\"600\" height=\"400\" srcset=\"https:\/\/woerrlein-naturfoto.de\/wordpress\/wp-content\/uploads\/2015\/07\/Kuechenschelle_65247_v-600x400.jpg 600w, https:\/\/woerrlein-naturfoto.de\/wordpress\/wp-content\/uploads\/2015\/07\/Kuechenschelle_65247_v-120x80.jpg 120w, https:\/\/woerrlein-naturfoto.de\/wordpress\/wp-content\/uploads\/2015\/07\/Kuechenschelle_65247_v.jpg 1000w\" sizes=\"auto, (max-width: 600px) 100vw, 600px\" \/>Die <b>Gew\u00f6hnliche Kuhschelle<\/b> (<i>Pulsatilla vulgaris<\/i>, Synonym wenn als Unterart aufgefasst: <i>Pulsatilla vulgaris subsp. vulgaris<\/i>), auch <b>Gew\u00f6hnliche K\u00fcchenschelle<\/b> genannt, ist eine Pflanzenart in der Familie der Hahnenfu\u00dfgew\u00e4chse. Sie ist in West- und Mitteleuropa verbreitet. Die Form der halb geschlossenen Bl\u00fcte \u00e4hnelt einem Gl\u00f6ckchen oder auch einer Kuhschelle. Die Verkleinerungsform \u201eK\u00fchchen\u201c hat zur Bezeichnung \u201eK\u00fcchen\u201c-Schelle gef\u00fchrt.<br \/>\nDie Gew\u00f6hnliche Kuhschelle bevorzugt kalkhaltige B\u00f6den und ist in West- und Mitteleuropa verbreitet, aber im gesamten Gebiet heute eine seltene Art. In Deutschland kommt die Gew\u00f6hnliche Kuhschelle heute fast nur noch im Mittelgebirgsraum vor. Dabei werden Gebiete mit basenreichem Grundgestein (Kalk, Kalkschiefer) bevorzugt. Das relativ geschlossene Areal reicht von der Schw\u00e4bischen und Fr\u00e4nkischen Alb nach Norden bis zur Eifel und nach Th\u00fcringen. In der Hersbrucker Schweiz findet man die K\u00fcchenschelle h\u00e4ufig in Bl\u00fchgemeinschaft mit der Zypressen-Wolfsmilch. Wald-Windr\u00f6schen folgen ihr oft im Mai, w\u00e4hrend im Herbst Silberdisteln regelm\u00e4\u00dfig ihren Standort besiedeln.<\/p>\n<p><strong>Bl\u00fctezeit:<\/strong>\u00a0\u00a0\u00a0\u00a0 M\u00e4rz bis Mai<\/p>\n<p>Zur Galerie <a href=\"http:\/\/woerrlein-naturfoto.de\/wordpress\/hauptseite-pflanzen\/pflanzen\/hahnenfussgewaechse\/\">Hahnenfu\u00dfgew\u00e4chse<\/a><\/p>\n<p>&nbsp;<\/p>\n<p><em>Quelle des Textauszuges und weitere Infos bei <\/em><a href=\"http:\/\/de.wikipedia.org\/wiki\/Gew%C3%B6hnliche_Kuhschelle\" target=\"_blank\" rel=\"noopener\">Wikipedia<\/a><em> (<\/em><a href=\"http:\/\/www.gnu.org\/licenses\/fdl-1.3.txt\" target=\"_blank\" rel=\"noopener\">GNU-Lizenz<\/a><em>)\u2013 mein Dank gilt den <\/em><a href=\"http:\/\/de.wikipedia.org\/w\/index.php?title=Gew%C3%B6hnliche_Kuhschelle&amp;action=history\" target=\"_blank\" rel=\"noopener\">Autoren<\/a><em>.<\/em><\/p>\n","protected":false},"excerpt":{"rendered":"<p>Pflanzen -&gt; Hahnenfu\u00dfgew\u00e4chse Pflanzen von A-Z Zur Galerie Hahnenfu\u00dfgew\u00e4chse Die Gew\u00f6hnliche Kuhschelle (Pulsatilla vulgaris, Synonym wenn als Unterart aufgefasst: Pulsatilla vulgaris subsp. vulgaris), auch Gew\u00f6hnliche K\u00fcchenschelle genannt, ist eine Pflanzenart in der Familie der Hahnenfu\u00dfgew\u00e4chse. Sie ist in West- und Mitteleuropa verbreitet. Die Form der halb geschlossenen Bl\u00fcte \u00e4hnelt einem Gl\u00f6ckchen oder auch einer Kuhschelle. &hellip; <a href=\"https:\/\/woerrlein-naturfoto.de\/wordpress\/hahnenfussgewaechse-a_z\/gewoehnliche-kuechenschelle\/\" class=\"more-link\"><span class=\"screen-reader-text\">Gew\u00f6hnliche K\u00fcchenschelle<\/span> weiterlesen <span class=\"meta-nav\">&rarr;<\/span><\/a><\/p>\n","protected":false},"author":1,"featured_media":0,"parent":7137,"menu_order":0,"comment_status":"closed","ping_status":"closed","template":"page-templates\/full-width.php","meta":{"footnotes":""},"class_list":["post-4871","page","type-page","status-publish","hentry"],"_links":{"self":[{"href":"https:\/\/woerrlein-naturfoto.de\/wordpress\/wp-json\/wp\/v2\/pages\/4871","targetHints":{"allow":["GET"]}}],"collection":[{"href":"https:\/\/woerrlein-naturfoto.de\/wordpress\/wp-json\/wp\/v2\/pages"}],"about":[{"href":"https:\/\/woerrlein-naturfoto.de\/wordpress\/wp-json\/wp\/v2\/types\/page"}],"author":[{"embeddable":true,"href":"https:\/\/woerrlein-naturfoto.de\/wordpress\/wp-json\/wp\/v2\/users\/1"}],"replies":[{"embeddable":true,"href":"https:\/\/woerrlein-naturfoto.de\/wordpress\/wp-json\/wp\/v2\/comments?post=4871"}],"version-history":[{"count":9,"href":"https:\/\/woerrlein-naturfoto.de\/wordpress\/wp-json\/wp\/v2\/pages\/4871\/revisions"}],"predecessor-version":[{"id":14467,"href":"https:\/\/woerrlein-naturfoto.de\/wordpress\/wp-json\/wp\/v2\/pages\/4871\/revisions\/14467"}],"up":[{"embeddable":true,"href":"https:\/\/woerrlein-naturfoto.de\/wordpress\/wp-json\/wp\/v2\/pages\/7137"}],"wp:attachment":[{"href":"https:\/\/woerrlein-naturfoto.de\/wordpress\/wp-json\/wp\/v2\/media?parent=4871"}],"curies":[{"name":"wp","href":"https:\/\/api.w.org\/{rel}","templated":true}]}}