{"id":4866,"date":"2015-01-25T18:34:32","date_gmt":"2015-01-25T16:34:32","guid":{"rendered":"http:\/\/woerrlein-naturfoto.de\/wordpress\/?page_id=4866"},"modified":"2015-02-10T12:39:28","modified_gmt":"2015-02-10T11:39:28","slug":"gruenbluetiges-wintergruen","status":"publish","type":"page","link":"https:\/\/woerrlein-naturfoto.de\/wordpress\/blueten-ii-a-z\/gruenbluetiges-wintergruen\/","title":{"rendered":"Gr\u00fcnbl\u00fctiges Wintergr\u00fcn"},"content":{"rendered":"<p><a href=\"http:\/\/woerrlein-naturfoto.de\/wordpress\/hauptseite-pflanzen\/pflanzen\/\"><span style=\"color: #ffff66;\">Pflanzen<\/span> <\/a>-&gt;<a href=\"http:\/\/woerrlein-naturfoto.de\/wordpress\/hauptseite-pflanzen\/pflanzen\/blueten-ii-sonstige-blueten\/\"> <span style=\"color: #ffff66;\">Bl\u00fcten II (sonstige Bl\u00fcten)<\/span><\/a><br \/>\n<a href=\"http:\/\/woerrlein-naturfoto.de\/wordpress\/pflanzen-von-a-z\/\">Pflanzen von A-Z<\/a><br \/>\nZur Galerie <a href=\"http:\/\/woerrlein-naturfoto.de\/wordpress\/hauptseite-pflanzen\/pflanzen\/blueten-ii-sonstige-blueten\/\">sonstige Bl\u00fcten<code><\/code><\/a><\/p>\n<p><img loading=\"lazy\" decoding=\"async\" class=\"alignleft wp-image-4694\" src=\"http:\/\/woerrlein-naturfoto.de\/wordpress\/wp-content\/uploads\/GruenbluetigesWintergruen_D140525_6400_v-400x600.jpg\" alt=\"GruenbluetigesWintergruen_D140525_6400_v.jpg\" width=\"267\" height=\"400\" srcset=\"https:\/\/woerrlein-naturfoto.de\/wordpress\/wp-content\/uploads\/GruenbluetigesWintergruen_D140525_6400_v-400x600.jpg 400w, https:\/\/woerrlein-naturfoto.de\/wordpress\/wp-content\/uploads\/GruenbluetigesWintergruen_D140525_6400_v.jpg 567w\" sizes=\"auto, (max-width: 267px) 100vw, 267px\" \/>Das <b>Gr\u00fcnbl\u00fctige Wintergr\u00fcn<\/b> (<i>Pyrola chlorantha<\/i>), auch <b>Gr\u00fcnliches Wintergr\u00fcn<\/b>, ist eine Art aus der Unterfamilie der Wintergr\u00fcn- und Fichtenspargelgew\u00e4chse innerhalb der Familie der Heidekrautgew\u00e4chse. Die Gattung <i>Pyrola<\/i> ist darin mit etwa 35 Arten vertreten. Ein veraltetes Synonym des wissenschaftlichen Artnamens ist <i>Pyrola virens<\/i>.<br \/>\nDie ausdauernde Pflanze ist ein <a href=\"http:\/\/de.wikipedia.org\/wiki\/Hemikryptophyt\" target=\"_blank\">Hemikryptophyt<\/a> mit einer grundst\u00e4ndigen Blattrosette und wird 10 bis 25 (bis 30) Zentimeter hoch. Die rundlich-spateligen, an der Spitze oft ausgerandeten Grundbl\u00e4tter sind 2 bis 3 Zentimeter lang, dunkelgr\u00fcn und derb.<\/p>\n<p><strong>Bl\u00fctezeit:<\/strong>\u00a0\u00a0\u00a0\u00a0 Juni<\/p>\n<p>Zur Galerie <a title=\"Eulen\" href=\"http:\/\/woerrlein-naturfoto.de\/wordpress\/hauptseite-pflanzen\/pflanzen\/blueten-ii-sonstige-blueten\/\">sonstige Bl\u00fcten<\/a><\/p>\n<p>&nbsp;<\/p>\n<p><em>Quelle des Textauszuges und weitere Infos bei <\/em><a href=\"http:\/\/de.wikipedia.org\/wiki\/Gr%C3%BCnbl%C3%BCtiges_Wintergr%C3%BCn\" target=\"_blank\">Wikipedia<\/a><em> (<\/em><a href=\"http:\/\/www.gnu.org\/licenses\/fdl-1.3.txt\" target=\"_blank\">GNU-Lizenz<\/a><em>)\u2013 mein Dank gilt den <\/em><a href=\"http:\/\/de.wikipedia.org\/w\/index.php?title=Gr%C3%BCnbl%C3%BCtiges_Wintergr%C3%BCn&amp;action=history\" target=\"_blank\">Autoren<\/a><em>.<\/em><\/p>\n","protected":false},"excerpt":{"rendered":"<p>Pflanzen -&gt; Bl\u00fcten II (sonstige Bl\u00fcten) Pflanzen von A-Z Zur Galerie sonstige Bl\u00fcten Das Gr\u00fcnbl\u00fctige Wintergr\u00fcn (Pyrola chlorantha), auch Gr\u00fcnliches Wintergr\u00fcn, ist eine Art aus der Unterfamilie der Wintergr\u00fcn- und Fichtenspargelgew\u00e4chse innerhalb der Familie der Heidekrautgew\u00e4chse. Die Gattung Pyrola ist darin mit etwa 35 Arten vertreten. Ein veraltetes Synonym des wissenschaftlichen Artnamens ist Pyrola virens. &hellip; <a href=\"https:\/\/woerrlein-naturfoto.de\/wordpress\/blueten-ii-a-z\/gruenbluetiges-wintergruen\/\" class=\"more-link\"><span class=\"screen-reader-text\">Gr\u00fcnbl\u00fctiges Wintergr\u00fcn<\/span> weiterlesen <span class=\"meta-nav\">&rarr;<\/span><\/a><\/p>\n","protected":false},"author":1,"featured_media":0,"parent":4851,"menu_order":0,"comment_status":"closed","ping_status":"closed","template":"page-templates\/full-width.php","meta":{"footnotes":""},"class_list":["post-4866","page","type-page","status-publish","hentry"],"_links":{"self":[{"href":"https:\/\/woerrlein-naturfoto.de\/wordpress\/wp-json\/wp\/v2\/pages\/4866","targetHints":{"allow":["GET"]}}],"collection":[{"href":"https:\/\/woerrlein-naturfoto.de\/wordpress\/wp-json\/wp\/v2\/pages"}],"about":[{"href":"https:\/\/woerrlein-naturfoto.de\/wordpress\/wp-json\/wp\/v2\/types\/page"}],"author":[{"embeddable":true,"href":"https:\/\/woerrlein-naturfoto.de\/wordpress\/wp-json\/wp\/v2\/users\/1"}],"replies":[{"embeddable":true,"href":"https:\/\/woerrlein-naturfoto.de\/wordpress\/wp-json\/wp\/v2\/comments?post=4866"}],"version-history":[{"count":2,"href":"https:\/\/woerrlein-naturfoto.de\/wordpress\/wp-json\/wp\/v2\/pages\/4866\/revisions"}],"predecessor-version":[{"id":5787,"href":"https:\/\/woerrlein-naturfoto.de\/wordpress\/wp-json\/wp\/v2\/pages\/4866\/revisions\/5787"}],"up":[{"embeddable":true,"href":"https:\/\/woerrlein-naturfoto.de\/wordpress\/wp-json\/wp\/v2\/pages\/4851"}],"wp:attachment":[{"href":"https:\/\/woerrlein-naturfoto.de\/wordpress\/wp-json\/wp\/v2\/media?parent=4866"}],"curies":[{"name":"wp","href":"https:\/\/api.w.org\/{rel}","templated":true}]}}