{"id":4864,"date":"2015-01-25T18:26:58","date_gmt":"2015-01-25T16:26:58","guid":{"rendered":"http:\/\/woerrlein-naturfoto.de\/wordpress\/?page_id=4864"},"modified":"2015-02-10T12:39:07","modified_gmt":"2015-02-10T11:39:07","slug":"gewoehnliches-katzenpfoetchen","status":"publish","type":"page","link":"https:\/\/woerrlein-naturfoto.de\/wordpress\/blueten-ii-a-z\/gewoehnliches-katzenpfoetchen\/","title":{"rendered":"Gew\u00f6hnliches Katzenpf\u00f6tchen"},"content":{"rendered":"<p><a href=\"http:\/\/woerrlein-naturfoto.de\/wordpress\/hauptseite-pflanzen\/pflanzen\/\"><span style=\"color: #ffff66;\">Pflanzen<\/span> <\/a>-&gt;<a href=\"http:\/\/woerrlein-naturfoto.de\/wordpress\/hauptseite-pflanzen\/pflanzen\/blueten-ii-sonstige-blueten\/\"> <span style=\"color: #ffff66;\">Bl\u00fcten II (sonstige Bl\u00fcten)<\/span><\/a><br \/>\n<a href=\"http:\/\/woerrlein-naturfoto.de\/wordpress\/pflanzen-von-a-z\/\">Pflanzen von A-Z<\/a><br \/>\nZur Galerie <a href=\"http:\/\/woerrlein-naturfoto.de\/wordpress\/hauptseite-pflanzen\/pflanzen\/blueten-ii-sonstige-blueten\/\">sonstige Bl\u00fcten<code><\/code><\/a><\/p>\n<p><img loading=\"lazy\" decoding=\"async\" class=\"alignleft wp-image-4695\" src=\"http:\/\/woerrlein-naturfoto.de\/wordpress\/wp-content\/uploads\/Katzenpfoetchen_D140504_5946_v-400x600.jpg\" alt=\"Katzenpfoetchen_D140504_5946_v.jpg\" width=\"267\" height=\"400\" srcset=\"https:\/\/woerrlein-naturfoto.de\/wordpress\/wp-content\/uploads\/Katzenpfoetchen_D140504_5946_v-400x600.jpg 400w, https:\/\/woerrlein-naturfoto.de\/wordpress\/wp-content\/uploads\/Katzenpfoetchen_D140504_5946_v.jpg 567w\" sizes=\"auto, (max-width: 267px) 100vw, 267px\" \/>Das <b>Gew\u00f6hnliche Katzenpf\u00f6tchen<\/b> (<i>Antennaria dioica<\/i>), auch <b>Gew\u00f6hnlich-Katzenpf\u00f6tchen<\/b> oder <b>Zweih\u00e4usiges Katzenpf\u00f6tchen<\/b> genannt, ist eine Pflanzenart innerhalb der Familie der Korbbl\u00fctler. Sie ist in Eurasien verbreitet.<br \/>\nDas Gew\u00f6hnliche Katzenpf\u00f6tchen w\u00e4chst als immergr\u00fcne, ausdauernde krautige Pflanze und erreicht Wuchsh\u00f6hen von etwa 5 bis 20\u00a0cm (bis 30\u00a0cm). Im ersten Jahr wird die Blattrosette ausgebildet, ab dem zweiten Jahr ist die Pflanze bl\u00fchf\u00e4hig. Sie entwickelt oberirdische, 2 bis 5\u00a0cm lange Ausl\u00e4ufer. Durch die bebl\u00e4tterten Ausl\u00e4ufer bilden die Rosetten oft dichte Matten.<\/p>\n<p><strong>Bl\u00fctezeit:<\/strong>\u00a0\u00a0\u00a0\u00a0 Mai bis Juli<\/p>\n<p>Zur Galerie <a title=\"Eulen\" href=\"http:\/\/woerrlein-naturfoto.de\/wordpress\/hauptseite-pflanzen\/pflanzen\/blueten-ii-sonstige-blueten\/\">sonstige Bl\u00fcten<\/a><\/p>\n<p>&nbsp;<\/p>\n<p><em>Quelle des Textauszuges und weitere Infos bei <\/em><a href=\"http:\/\/de.wikipedia.org\/wiki\/Gew%C3%B6hnliches_Katzenpf%C3%B6tchen\" target=\"_blank\">Wikipedia<\/a><em> (<\/em><a href=\"http:\/\/www.gnu.org\/licenses\/fdl-1.3.txt\" target=\"_blank\">GNU-Lizenz<\/a><em>)\u2013 mein Dank gilt den <\/em><a href=\"http:\/\/de.wikipedia.org\/w\/index.php?title=Gew%C3%B6hnliches_Katzenpf%C3%B6tchen&amp;action=history\" target=\"_blank\">Autoren<\/a><em>.<\/em><\/p>\n","protected":false},"excerpt":{"rendered":"<p>Pflanzen -&gt; Bl\u00fcten II (sonstige Bl\u00fcten) Pflanzen von A-Z Zur Galerie sonstige Bl\u00fcten Das Gew\u00f6hnliche Katzenpf\u00f6tchen (Antennaria dioica), auch Gew\u00f6hnlich-Katzenpf\u00f6tchen oder Zweih\u00e4usiges Katzenpf\u00f6tchen genannt, ist eine Pflanzenart innerhalb der Familie der Korbbl\u00fctler. Sie ist in Eurasien verbreitet. Das Gew\u00f6hnliche Katzenpf\u00f6tchen w\u00e4chst als immergr\u00fcne, ausdauernde krautige Pflanze und erreicht Wuchsh\u00f6hen von etwa 5 bis 20\u00a0cm (bis &hellip; <a href=\"https:\/\/woerrlein-naturfoto.de\/wordpress\/blueten-ii-a-z\/gewoehnliches-katzenpfoetchen\/\" class=\"more-link\"><span class=\"screen-reader-text\">Gew\u00f6hnliches Katzenpf\u00f6tchen<\/span> weiterlesen <span class=\"meta-nav\">&rarr;<\/span><\/a><\/p>\n","protected":false},"author":1,"featured_media":0,"parent":4851,"menu_order":0,"comment_status":"closed","ping_status":"closed","template":"page-templates\/full-width.php","meta":{"footnotes":""},"class_list":["post-4864","page","type-page","status-publish","hentry"],"_links":{"self":[{"href":"https:\/\/woerrlein-naturfoto.de\/wordpress\/wp-json\/wp\/v2\/pages\/4864","targetHints":{"allow":["GET"]}}],"collection":[{"href":"https:\/\/woerrlein-naturfoto.de\/wordpress\/wp-json\/wp\/v2\/pages"}],"about":[{"href":"https:\/\/woerrlein-naturfoto.de\/wordpress\/wp-json\/wp\/v2\/types\/page"}],"author":[{"embeddable":true,"href":"https:\/\/woerrlein-naturfoto.de\/wordpress\/wp-json\/wp\/v2\/users\/1"}],"replies":[{"embeddable":true,"href":"https:\/\/woerrlein-naturfoto.de\/wordpress\/wp-json\/wp\/v2\/comments?post=4864"}],"version-history":[{"count":2,"href":"https:\/\/woerrlein-naturfoto.de\/wordpress\/wp-json\/wp\/v2\/pages\/4864\/revisions"}],"predecessor-version":[{"id":5786,"href":"https:\/\/woerrlein-naturfoto.de\/wordpress\/wp-json\/wp\/v2\/pages\/4864\/revisions\/5786"}],"up":[{"embeddable":true,"href":"https:\/\/woerrlein-naturfoto.de\/wordpress\/wp-json\/wp\/v2\/pages\/4851"}],"wp:attachment":[{"href":"https:\/\/woerrlein-naturfoto.de\/wordpress\/wp-json\/wp\/v2\/media?parent=4864"}],"curies":[{"name":"wp","href":"https:\/\/api.w.org\/{rel}","templated":true}]}}