{"id":4862,"date":"2015-01-25T18:18:04","date_gmt":"2015-01-25T16:18:04","guid":{"rendered":"http:\/\/woerrlein-naturfoto.de\/wordpress\/?page_id=4862"},"modified":"2015-02-10T12:37:33","modified_gmt":"2015-02-10T11:37:33","slug":"flachs","status":"publish","type":"page","link":"https:\/\/woerrlein-naturfoto.de\/wordpress\/blueten-ii-a-z\/flachs\/","title":{"rendered":"Flachs"},"content":{"rendered":"<p><a href=\"http:\/\/woerrlein-naturfoto.de\/wordpress\/hauptseite-pflanzen\/pflanzen\/\"><span style=\"color: #ffff66;\">Pflanzen<\/span> <\/a>-&gt;<a href=\"http:\/\/woerrlein-naturfoto.de\/wordpress\/hauptseite-pflanzen\/pflanzen\/blueten-ii-sonstige-blueten\/\"> <span style=\"color: #ffff66;\">Bl\u00fcten II (sonstige Bl\u00fcten)<\/span><\/a><br \/>\n<a href=\"http:\/\/woerrlein-naturfoto.de\/wordpress\/pflanzen-von-a-z\/\">Pflanzen von A-Z<\/a><br \/>\nZur Galerie <a href=\"http:\/\/woerrlein-naturfoto.de\/wordpress\/hauptseite-pflanzen\/pflanzen\/blueten-ii-sonstige-blueten\/\">sonstige Bl\u00fcten<code><\/code><\/a><\/p>\n<p><img loading=\"lazy\" decoding=\"async\" class=\"alignleft wp-image-4689\" src=\"http:\/\/woerrlein-naturfoto.de\/wordpress\/wp-content\/uploads\/Flachs_44337_v54c398330c73b-400x600.jpg\" alt=\"Flachs_44337_v54c398330c73b.jpg\" width=\"267\" height=\"400\" srcset=\"https:\/\/woerrlein-naturfoto.de\/wordpress\/wp-content\/uploads\/Flachs_44337_v54c398330c73b-400x600.jpg 400w, https:\/\/woerrlein-naturfoto.de\/wordpress\/wp-content\/uploads\/Flachs_44337_v54c398330c73b.jpg 567w\" sizes=\"auto, (max-width: 267px) 100vw, 267px\" \/><b>Gemeiner Lein<\/b> (<i>Linum usitatissimum<\/i>), auch <b>Saat-Lein<\/b> oder <b>Flachs<\/b> genannt, ist eine alte Kulturpflanze, die zur Faser- (Faserlein) und zur \u00d6lgewinnung (\u00d6llein, Leinsamen, Lein\u00f6l) angebaut wird. Er ist eine Art aus der Gattung Lein in der Familie der Leingew\u00e4chse und die einzige Lein-Art, deren Anbau eine wirtschaftliche Bedeutung hat. Es gibt mehrere Convariet\u00e4ten sowie etliche Sorten. In der Praxis wird nach der Hauptverwendung Faserlein und \u00d6llein unterschieden.<br \/>\nDer Gemeine Lein ist eine einj\u00e4hrige Pflanze, die eine Wuchsh\u00f6he von 20 bis 100\u00a0Zentimetern erreicht. Sie besitzt eine kurze, spindelf\u00f6rmige Pfahlwurzel mit feinen Seitenwurzeln. Die Hauptwurzel wird etwa gleich lang wie der Spross.<\/p>\n<p>Zur Galerie <a title=\"Eulen\" href=\"http:\/\/woerrlein-naturfoto.de\/wordpress\/hauptseite-pflanzen\/pflanzen\/blueten-ii-sonstige-blueten\/\">sonstige Bl\u00fcten<\/a><\/p>\n<p>&nbsp;<\/p>\n<p><em>Quelle des Textauszuges und weitere Infos bei <\/em><a href=\"http:\/\/de.wikipedia.org\/wiki\/Acker-Hornkraut\" target=\"_blank\">Wikipedia<\/a><em> (<\/em><a href=\"http:\/\/www.gnu.org\/licenses\/fdl-1.3.txt\" target=\"_blank\">GNU-Lizenz<\/a><em>)\u2013 mein Dank gilt den <\/em><a href=\"http:\/\/de.wikipedia.org\/w\/index.php?title=Gemeiner_Lein&amp;action=history\" target=\"_blank\">Autoren<\/a><em>.<\/em><\/p>\n","protected":false},"excerpt":{"rendered":"<p>Pflanzen -&gt; Bl\u00fcten II (sonstige Bl\u00fcten) Pflanzen von A-Z Zur Galerie sonstige Bl\u00fcten Gemeiner Lein (Linum usitatissimum), auch Saat-Lein oder Flachs genannt, ist eine alte Kulturpflanze, die zur Faser- (Faserlein) und zur \u00d6lgewinnung (\u00d6llein, Leinsamen, Lein\u00f6l) angebaut wird. Er ist eine Art aus der Gattung Lein in der Familie der Leingew\u00e4chse und die einzige Lein-Art, &hellip; <a href=\"https:\/\/woerrlein-naturfoto.de\/wordpress\/blueten-ii-a-z\/flachs\/\" class=\"more-link\"><span class=\"screen-reader-text\">Flachs<\/span> weiterlesen <span class=\"meta-nav\">&rarr;<\/span><\/a><\/p>\n","protected":false},"author":1,"featured_media":0,"parent":4851,"menu_order":0,"comment_status":"closed","ping_status":"closed","template":"page-templates\/full-width.php","meta":{"footnotes":""},"class_list":["post-4862","page","type-page","status-publish","hentry"],"_links":{"self":[{"href":"https:\/\/woerrlein-naturfoto.de\/wordpress\/wp-json\/wp\/v2\/pages\/4862","targetHints":{"allow":["GET"]}}],"collection":[{"href":"https:\/\/woerrlein-naturfoto.de\/wordpress\/wp-json\/wp\/v2\/pages"}],"about":[{"href":"https:\/\/woerrlein-naturfoto.de\/wordpress\/wp-json\/wp\/v2\/types\/page"}],"author":[{"embeddable":true,"href":"https:\/\/woerrlein-naturfoto.de\/wordpress\/wp-json\/wp\/v2\/users\/1"}],"replies":[{"embeddable":true,"href":"https:\/\/woerrlein-naturfoto.de\/wordpress\/wp-json\/wp\/v2\/comments?post=4862"}],"version-history":[{"count":2,"href":"https:\/\/woerrlein-naturfoto.de\/wordpress\/wp-json\/wp\/v2\/pages\/4862\/revisions"}],"predecessor-version":[{"id":5783,"href":"https:\/\/woerrlein-naturfoto.de\/wordpress\/wp-json\/wp\/v2\/pages\/4862\/revisions\/5783"}],"up":[{"embeddable":true,"href":"https:\/\/woerrlein-naturfoto.de\/wordpress\/wp-json\/wp\/v2\/pages\/4851"}],"wp:attachment":[{"href":"https:\/\/woerrlein-naturfoto.de\/wordpress\/wp-json\/wp\/v2\/media?parent=4862"}],"curies":[{"name":"wp","href":"https:\/\/api.w.org\/{rel}","templated":true}]}}