{"id":4860,"date":"2015-01-25T18:10:22","date_gmt":"2015-01-25T16:10:22","guid":{"rendered":"http:\/\/woerrlein-naturfoto.de\/wordpress\/?page_id=4860"},"modified":"2021-12-19T13:42:44","modified_gmt":"2021-12-19T12:42:44","slug":"buschwindroeschen","status":"publish","type":"page","link":"https:\/\/woerrlein-naturfoto.de\/wordpress\/hahnenfussgewaechse-a_z\/buschwindroeschen\/","title":{"rendered":"Buschwindr\u00f6schen"},"content":{"rendered":"<p><span style=\"color: #ffff00;\"><a style=\"color: #ffff00;\" href=\"http:\/\/woerrlein-naturfoto.de\/wordpress\/hauptseite-pflanzen\/pflanzen\/\">Pflanzen<\/a> <\/span>-&gt;<span style=\"color: #ffff00;\"> <a style=\"color: #ffff00;\" href=\"http:\/\/woerrlein-naturfoto.de\/wordpress\/hauptseite-pflanzen\/pflanzen\/hahnenfussgewaechse\/\">Hahnenfu\u00dfgew\u00e4chse<\/a><\/span><br \/>\n<a href=\"http:\/\/woerrlein-naturfoto.de\/wordpress\/pflanzen-von-a-z\/\">Pflanzen von A-Z<\/a><br \/>\nZur Galerie <a href=\"http:\/\/woerrlein-naturfoto.de\/wordpress\/hauptseite-pflanzen\/pflanzen\/hahnenfussgewaechse\/\">Hahnenfu\u00dfgew\u00e4chse<code><\/code><\/a><\/p>\n<p><img loading=\"lazy\" decoding=\"async\" class=\"alignleft wp-image-7127\" src=\"http:\/\/woerrlein-naturfoto.de\/wordpress\/wp-content\/uploads\/2015\/07\/Buschwindroeschen_60345_v-400x600.jpg\" alt=\"Buschwindroeschen_60345_v.jpg\" width=\"267\" height=\"400\" \/>Das <b>Buschwindr\u00f6schen<\/b> (<i>Anemone nemorosa<\/i>) ist eine Pflanzenart aus der Gattung der Windr\u00f6schen (<i>Anemone<\/i>) in der Familie der Hahnenfu\u00dfgew\u00e4chse. Sie ist im gem\u00e4\u00dfigten Eurasien verbreitet. Das Buschwindr\u00f6schen w\u00e4chst als vorsommergr\u00fcne, ausdauernde, krautige Pflanze und erreicht Wuchsh\u00f6hen von 11 bis 25 Zentimetern.<br \/>\nDas Buschwindr\u00f6schen ist ein typischer Fr\u00fchjahrsgeophyt, der die Krautschicht in W\u00e4ldern bildet, w\u00e4hrend die B\u00e4ume im Fr\u00fchling noch kein Laub tragen. Da das Buschwindr\u00f6schen hohe Lichtanspr\u00fcche hat, findet der gesamte Lebenszyklus der Pflanze im Fr\u00fchjahr statt.<\/p>\n<p><strong>Bl\u00fctezeit:<\/strong>\u00a0\u00a0\u00a0\u00a0 M\u00e4rz bis April\/Mai<\/p>\n<p>Zur Galerie <a href=\"http:\/\/woerrlein-naturfoto.de\/wordpress\/hauptseite-pflanzen\/pflanzen\/hahnenfussgewaechse\/\">Hahnenfu\u00dfgew\u00e4chse<code><\/code><\/a><\/p>\n<p>&nbsp;<\/p>\n<p><em>Quelle des Textauszuges und weitere Infos bei <\/em><a href=\"http:\/\/de.wikipedia.org\/wiki\/Buschwindr%C3%B6schen\" target=\"_blank\" rel=\"noopener\">Wikipedia<\/a><em> (<\/em><a href=\"http:\/\/www.gnu.org\/licenses\/fdl-1.3.txt\" target=\"_blank\" rel=\"noopener\">GNU-Lizenz<\/a><em>)\u2013 mein Dank gilt den <\/em><a href=\"http:\/\/de.wikipedia.org\/w\/index.php?title=Buschwindr%C3%B6schen&amp;action=history\" target=\"_blank\" rel=\"noopener\">Autoren<\/a><em>.<\/em><\/p>\n","protected":false},"excerpt":{"rendered":"<p>Pflanzen -&gt; Hahnenfu\u00dfgew\u00e4chse Pflanzen von A-Z Zur Galerie Hahnenfu\u00dfgew\u00e4chse Das Buschwindr\u00f6schen (Anemone nemorosa) ist eine Pflanzenart aus der Gattung der Windr\u00f6schen (Anemone) in der Familie der Hahnenfu\u00dfgew\u00e4chse. Sie ist im gem\u00e4\u00dfigten Eurasien verbreitet. Das Buschwindr\u00f6schen w\u00e4chst als vorsommergr\u00fcne, ausdauernde, krautige Pflanze und erreicht Wuchsh\u00f6hen von 11 bis 25 Zentimetern. Das Buschwindr\u00f6schen ist ein typischer Fr\u00fchjahrsgeophyt, &hellip; <a href=\"https:\/\/woerrlein-naturfoto.de\/wordpress\/hahnenfussgewaechse-a_z\/buschwindroeschen\/\" class=\"more-link\"><span class=\"screen-reader-text\">Buschwindr\u00f6schen<\/span> weiterlesen <span class=\"meta-nav\">&rarr;<\/span><\/a><\/p>\n","protected":false},"author":1,"featured_media":0,"parent":7137,"menu_order":0,"comment_status":"closed","ping_status":"closed","template":"page-templates\/full-width.php","meta":{"footnotes":""},"class_list":["post-4860","page","type-page","status-publish","hentry"],"_links":{"self":[{"href":"https:\/\/woerrlein-naturfoto.de\/wordpress\/wp-json\/wp\/v2\/pages\/4860","targetHints":{"allow":["GET"]}}],"collection":[{"href":"https:\/\/woerrlein-naturfoto.de\/wordpress\/wp-json\/wp\/v2\/pages"}],"about":[{"href":"https:\/\/woerrlein-naturfoto.de\/wordpress\/wp-json\/wp\/v2\/types\/page"}],"author":[{"embeddable":true,"href":"https:\/\/woerrlein-naturfoto.de\/wordpress\/wp-json\/wp\/v2\/users\/1"}],"replies":[{"embeddable":true,"href":"https:\/\/woerrlein-naturfoto.de\/wordpress\/wp-json\/wp\/v2\/comments?post=4860"}],"version-history":[{"count":7,"href":"https:\/\/woerrlein-naturfoto.de\/wordpress\/wp-json\/wp\/v2\/pages\/4860\/revisions"}],"predecessor-version":[{"id":14465,"href":"https:\/\/woerrlein-naturfoto.de\/wordpress\/wp-json\/wp\/v2\/pages\/4860\/revisions\/14465"}],"up":[{"embeddable":true,"href":"https:\/\/woerrlein-naturfoto.de\/wordpress\/wp-json\/wp\/v2\/pages\/7137"}],"wp:attachment":[{"href":"https:\/\/woerrlein-naturfoto.de\/wordpress\/wp-json\/wp\/v2\/media?parent=4860"}],"curies":[{"name":"wp","href":"https:\/\/api.w.org\/{rel}","templated":true}]}}