{"id":485,"date":"2014-05-02T18:52:12","date_gmt":"2014-05-02T16:52:12","guid":{"rendered":"http:\/\/woerrlein-naturfoto.de\/wordpress\/?page_id=485"},"modified":"2015-02-23T13:00:35","modified_gmt":"2015-02-23T12:00:35","slug":"steinkauz","status":"publish","type":"page","link":"https:\/\/woerrlein-naturfoto.de\/wordpress\/eulen_a-z\/steinkauz\/","title":{"rendered":"Steinkauz"},"content":{"rendered":"<p><a href=\"http:\/\/woerrlein-naturfoto.de\/wordpress\/voegel\/\"><span style=\"color: #ffff66;\">V\u00f6gel<\/span> <\/a>-&gt;<a href=\"http:\/\/woerrlein-naturfoto.de\/wordpress\/hauptseite-voegel\/voegel\/eulen\/\"> <span style=\"color: #ffff66;\">Eulen<\/span><\/a><a href=\"http:\/\/woerrlein-naturfoto.de\/wordpress\/voegel\/sperlingsvoegel\/drosseln\"><br \/>\n<\/a><a title=\"V\u00f6gel von A-Z\" href=\"http:\/\/woerrlein-naturfoto.de\/wordpress\/voegel\/voegel_von_a-z\/\">V\u00f6gel von A-Z<\/a><br \/>\nZur Galerie <a title=\"Eulen\" href=\"http:\/\/woerrlein-naturfoto.de\/wordpress\/hauptseite-voegel\/voegel\/eulen\/\">Eulen<\/a><\/p>\n<p><img loading=\"lazy\" decoding=\"async\" class=\"alignleft wp-image-455\" src=\"http:\/\/woerrlein-naturfoto.de\/wordpress\/wp-content\/uploads\/Steinkauz_20641L_v-600x400.jpg\" alt=\"Steinkauz_20641L_v.jpg\" width=\"600\" height=\"400\" \/><\/p>\n<p>Der <b>Steinkauz<\/b> (<i>Athene noctua<\/i>) ist eine kleine, kurzschw\u00e4nzige Eule.\u00a0Der Steinkauz bevorzugt als Lebensraum offenes, reich strukturiertes Gel\u00e4nde mit einem gro\u00dfen Angebot an Bruth\u00f6hlen, Tagesverstecken und Sitzwarten und einer ganzj\u00e4hrig niedrigen kurzen Vegetation.Diese Lebensraumanspr\u00fcche werden von einer Vielzahl nat\u00fcrlicher sowie von Menschen stark gestalteter Landschaften erf\u00fcllt. Ein einmal gew\u00e4hltes Revier besetzt er meist \u00fcber mehrere Jahre und zum Teil sogar lebenslang.\u00a0Der Steinkauz legt kurze Strecken in einem gradlinigen Ruderflug zur\u00fcck, w\u00e4hrend bei weiten Strecken ein spechtartiger Wellenflug charakteristisch ist. Jagende Steink\u00e4uze zeigen au\u00dferdem R\u00fcttel- und Gleitfl\u00fcge.\u00a0Steink\u00e4uze haben ein sehr umfangreiches Lautrepertoire, das von bellenden, schnarchenden, miauenden Lauten bis zu klangvoll weichen Rufen reicht.<\/p>\n<p>L\u00e4nge: 21-23 cm\u00a0\u00a0 Spannweite: 54-58 cm\u00a0\u00a0 Gewicht: 140-125 g\u00a0\u00a0 Gelege: 2-5 Eier<\/p>\n<p>Zur Galerie <a title=\"Eulen\" href=\"http:\/\/woerrlein-naturfoto.de\/wordpress\/hauptseite-voegel\/voegel\/eulen\/\">Eulen<\/a><\/p>\n<p>&nbsp;<\/p>\n<p><em>Quelle des Textauszuges und weitere Infos bei <\/em><a href=\"http:\/\/de.wikipedia.org\/wiki\/Steinkauz\" target=\"_blank\">Wikipedia<\/a> <em>(<\/em><a href=\"http:\/\/www.gnu.org\/licenses\/fdl-1.3.txt\" target=\"_blank\">GNU-Lizenz<\/a><em>)<\/em> \u2013 <em>mein Dank gilt den<\/em> <a href=\"http:\/\/de.wikipedia.org\/w\/index.php?title=Steinkauz&amp;action=history\" target=\"_blank\">Autoren<\/a>.<\/p>\n","protected":false},"excerpt":{"rendered":"<p>V\u00f6gel -&gt; Eulen V\u00f6gel von A-Z Zur Galerie Eulen Der Steinkauz (Athene noctua) ist eine kleine, kurzschw\u00e4nzige Eule.\u00a0Der Steinkauz bevorzugt als Lebensraum offenes, reich strukturiertes Gel\u00e4nde mit einem gro\u00dfen Angebot an Bruth\u00f6hlen, Tagesverstecken und Sitzwarten und einer ganzj\u00e4hrig niedrigen kurzen Vegetation.Diese Lebensraumanspr\u00fcche werden von einer Vielzahl nat\u00fcrlicher sowie von Menschen stark gestalteter Landschaften erf\u00fcllt. Ein &hellip; <a href=\"https:\/\/woerrlein-naturfoto.de\/wordpress\/eulen_a-z\/steinkauz\/\" class=\"more-link\"><span class=\"screen-reader-text\">Steinkauz<\/span> weiterlesen <span class=\"meta-nav\">&rarr;<\/span><\/a><\/p>\n","protected":false},"author":1,"featured_media":0,"parent":456,"menu_order":0,"comment_status":"closed","ping_status":"closed","template":"page-templates\/full-width.php","meta":{"footnotes":""},"class_list":["post-485","page","type-page","status-publish","hentry"],"_links":{"self":[{"href":"https:\/\/woerrlein-naturfoto.de\/wordpress\/wp-json\/wp\/v2\/pages\/485","targetHints":{"allow":["GET"]}}],"collection":[{"href":"https:\/\/woerrlein-naturfoto.de\/wordpress\/wp-json\/wp\/v2\/pages"}],"about":[{"href":"https:\/\/woerrlein-naturfoto.de\/wordpress\/wp-json\/wp\/v2\/types\/page"}],"author":[{"embeddable":true,"href":"https:\/\/woerrlein-naturfoto.de\/wordpress\/wp-json\/wp\/v2\/users\/1"}],"replies":[{"embeddable":true,"href":"https:\/\/woerrlein-naturfoto.de\/wordpress\/wp-json\/wp\/v2\/comments?post=485"}],"version-history":[{"count":14,"href":"https:\/\/woerrlein-naturfoto.de\/wordpress\/wp-json\/wp\/v2\/pages\/485\/revisions"}],"predecessor-version":[{"id":6539,"href":"https:\/\/woerrlein-naturfoto.de\/wordpress\/wp-json\/wp\/v2\/pages\/485\/revisions\/6539"}],"up":[{"embeddable":true,"href":"https:\/\/woerrlein-naturfoto.de\/wordpress\/wp-json\/wp\/v2\/pages\/456"}],"wp:attachment":[{"href":"https:\/\/woerrlein-naturfoto.de\/wordpress\/wp-json\/wp\/v2\/media?parent=485"}],"curies":[{"name":"wp","href":"https:\/\/api.w.org\/{rel}","templated":true}]}}