{"id":4836,"date":"2015-01-25T16:46:26","date_gmt":"2015-01-25T14:46:26","guid":{"rendered":"http:\/\/woerrlein-naturfoto.de\/wordpress\/?page_id=4836"},"modified":"2021-12-15T14:25:54","modified_gmt":"2021-12-15T13:25:54","slug":"weisses-waldvoegelein","status":"publish","type":"page","link":"https:\/\/woerrlein-naturfoto.de\/wordpress\/verschiedene-orchideen-a-z\/weisses-waldvoegelein\/","title":{"rendered":"Wei\u00dfes Waldv\u00f6gelein"},"content":{"rendered":"<p><span style=\"color: #ffff66;\"><a style=\"color: #ffff66;\" href=\"http:\/\/woerrlein-naturfoto.de\/wordpress\/hauptseite-pflanzen\/pflanzen\/\"><span style=\"color: #ffff00;\">Pflanzen<\/span><\/a> <\/span>-&gt;<span style=\"color: #ffff66;\"><a style=\"color: #ffff66;\" href=\"http:\/\/woerrlein-naturfoto.de\/wordpress\/hauptseite-pflanzen\/pflanzen\/blueten-i-orchideen-2\/\"><span style=\"color: #ffff00;\">Orchideen <\/span><\/a><\/span>-&gt; <span style=\"color: #ffff00;\"><a style=\"color: #ffff00;\" href=\"http:\/\/woerrlein-naturfoto.de\/wordpress\/hauptseite-pflanzen\/pflanzen\/blueten-i-orchideen\/\">verschiedene Orchideen<\/a><\/span><br \/>\n<a href=\"http:\/\/woerrlein-naturfoto.de\/wordpress\/pflanzen-von-a-z\/\">Pflanzen von A-Z<\/a><br \/>\nZur Galerie <a href=\"http:\/\/woerrlein-naturfoto.de\/wordpress\/hauptseite-pflanzen\/pflanzen\/blueten-i-orchideen\/\">verschiedene Orchideen<\/a><code><br \/>\n<\/code><\/p>\n<p><img loading=\"lazy\" decoding=\"async\" class=\"alignleft wp-image-4672\" src=\"http:\/\/woerrlein-naturfoto.de\/wordpress\/wp-content\/uploads\/weissesWaldvoegelein_66425_v-400x600.jpg\" alt=\"weissesWaldvoegelein_66425_v.jpg\" width=\"267\" height=\"400\" srcset=\"https:\/\/woerrlein-naturfoto.de\/wordpress\/wp-content\/uploads\/weissesWaldvoegelein_66425_v-400x600.jpg 400w, https:\/\/woerrlein-naturfoto.de\/wordpress\/wp-content\/uploads\/weissesWaldvoegelein_66425_v.jpg 567w\" sizes=\"auto, (max-width: 267px) 100vw, 267px\" \/>Das <b>Wei\u00dfe Waldv\u00f6glein<\/b>, <b>Bleiche Waldv\u00f6glein<\/b> oder <b>Breitblatt-Waldv\u00f6glein<\/b> (<i>Cephalanthera damasonium<\/i>) ist die Typusart der Pflanzengattung Waldv\u00f6glein aus der Familie der Orchideengew\u00e4chse. Im Vergleich zu vielen anderen heimischen Orchideen ist das Wei\u00dfe Waldv\u00f6glein in einigen Gebieten noch h\u00e4ufig anzutreffen.<br \/>\nAm Grund des gr\u00fcnen St\u00e4ngels, der eine Wuchsh\u00f6he von 8 bis 60 Zentimetern erreicht, befinden sich ein bis drei dunkelbraune, schuppenartige Bl\u00e4tter. Dar\u00fcber folgen zwei bis sechs parallelnervige, eif\u00f6rmige bis lanzettliche Laubbl\u00e4tter, die mehr oder weniger zweizeilig am St\u00e4ngel angeordnet sind. Diese Laubbl\u00e4tter haben eine L\u00e4nge von vier bis zehn Zentimeter und eine Breite von 1,5 bis 5 Zentimeter. Der traubige Bl\u00fctenstand ist lockerbl\u00fctig mit zwei bis 20 Bl\u00fcten besetzt. Haupts\u00e4chlich besiedelt das Wei\u00dfe Waldv\u00f6glein lichten bis dunklen Laub-, Nadel- und Mischwald auf trockenen bis frischen B\u00f6den. Auch in Geb\u00fcschen auf Halbtrocken- und Trockenrasen ist es zu finden.<\/p>\n<p><strong>Bl\u00fctezeit:<\/strong>\u00a0\u00a0\u00a0\u00a0 Mai bis Juni<\/p>\n<p>Zur Galerie <a href=\"http:\/\/woerrlein-naturfoto.de\/wordpress\/hauptseite-pflanzen\/pflanzen\/blueten-i-orchideen\/\">verschiedene Orchideen<\/a><\/p>\n<p>&nbsp;<\/p>\n<p><em>Quelle des Textauszuges und weitere Infos bei <\/em><a href=\"http:\/\/de.wikipedia.org\/wiki\/Wei%C3%9Fes_Waldv%C3%B6glein\" target=\"_blank\" rel=\"noopener noreferrer\">Wikipedia<\/a><em> (<\/em><a href=\"http:\/\/www.gnu.org\/licenses\/fdl-1.3.txt\" target=\"_blank\" rel=\"noopener noreferrer\">GNU-Lizenz<\/a><em>)\u2013 mein Dank gilt den <\/em><a href=\"http:\/\/de.wikipedia.org\/w\/index.php?title=Wei%C3%9Fes_Waldv%C3%B6glein&amp;action=history\" target=\"_blank\" rel=\"noopener noreferrer\">Autoren<\/a><em>.<\/em><\/p>\n","protected":false},"excerpt":{"rendered":"<p>Pflanzen -&gt;Orchideen -&gt; verschiedene Orchideen Pflanzen von A-Z Zur Galerie verschiedene Orchideen Das Wei\u00dfe Waldv\u00f6glein, Bleiche Waldv\u00f6glein oder Breitblatt-Waldv\u00f6glein (Cephalanthera damasonium) ist die Typusart der Pflanzengattung Waldv\u00f6glein aus der Familie der Orchideengew\u00e4chse. Im Vergleich zu vielen anderen heimischen Orchideen ist das Wei\u00dfe Waldv\u00f6glein in einigen Gebieten noch h\u00e4ufig anzutreffen. Am Grund des gr\u00fcnen St\u00e4ngels, der &hellip; <a href=\"https:\/\/woerrlein-naturfoto.de\/wordpress\/verschiedene-orchideen-a-z\/weisses-waldvoegelein\/\" class=\"more-link\"><span class=\"screen-reader-text\">Wei\u00dfes Waldv\u00f6gelein<\/span> weiterlesen <span class=\"meta-nav\">&rarr;<\/span><\/a><\/p>\n","protected":false},"author":1,"featured_media":0,"parent":14214,"menu_order":0,"comment_status":"closed","ping_status":"closed","template":"page-templates\/full-width.php","meta":{"footnotes":""},"class_list":["post-4836","page","type-page","status-publish","hentry"],"_links":{"self":[{"href":"https:\/\/woerrlein-naturfoto.de\/wordpress\/wp-json\/wp\/v2\/pages\/4836","targetHints":{"allow":["GET"]}}],"collection":[{"href":"https:\/\/woerrlein-naturfoto.de\/wordpress\/wp-json\/wp\/v2\/pages"}],"about":[{"href":"https:\/\/woerrlein-naturfoto.de\/wordpress\/wp-json\/wp\/v2\/types\/page"}],"author":[{"embeddable":true,"href":"https:\/\/woerrlein-naturfoto.de\/wordpress\/wp-json\/wp\/v2\/users\/1"}],"replies":[{"embeddable":true,"href":"https:\/\/woerrlein-naturfoto.de\/wordpress\/wp-json\/wp\/v2\/comments?post=4836"}],"version-history":[{"count":9,"href":"https:\/\/woerrlein-naturfoto.de\/wordpress\/wp-json\/wp\/v2\/pages\/4836\/revisions"}],"predecessor-version":[{"id":14224,"href":"https:\/\/woerrlein-naturfoto.de\/wordpress\/wp-json\/wp\/v2\/pages\/4836\/revisions\/14224"}],"up":[{"embeddable":true,"href":"https:\/\/woerrlein-naturfoto.de\/wordpress\/wp-json\/wp\/v2\/pages\/14214"}],"wp:attachment":[{"href":"https:\/\/woerrlein-naturfoto.de\/wordpress\/wp-json\/wp\/v2\/media?parent=4836"}],"curies":[{"name":"wp","href":"https:\/\/api.w.org\/{rel}","templated":true}]}}