{"id":4833,"date":"2015-01-25T16:32:04","date_gmt":"2015-01-25T14:32:04","guid":{"rendered":"http:\/\/woerrlein-naturfoto.de\/wordpress\/?page_id=4833"},"modified":"2021-12-19T13:41:01","modified_gmt":"2021-12-19T12:41:01","slug":"grosses-zweiblatt","status":"publish","type":"page","link":"https:\/\/woerrlein-naturfoto.de\/wordpress\/verschiedene-orchideen-a-z\/grosses-zweiblatt\/","title":{"rendered":"Gro\u00dfes Zweiblatt"},"content":{"rendered":"<p><span style=\"color: #ffff66;\"><a style=\"color: #ffff66;\" href=\"http:\/\/woerrlein-naturfoto.de\/wordpress\/hauptseite-pflanzen\/pflanzen\/\"><span style=\"color: #ffff00;\">Pflanzen<\/span><\/a> <\/span>-&gt;<span style=\"color: #ffff66;\"><a style=\"color: #ffff66;\" href=\"http:\/\/woerrlein-naturfoto.de\/wordpress\/hauptseite-pflanzen\/pflanzen\/blueten-i-orchideen-2\/\"><span style=\"color: #ffff00;\">Orchideen <\/span><\/a><\/span>-&gt;<span style=\"color: #ffff00;\">\u00a0<a style=\"color: #ffff00;\" href=\"http:\/\/woerrlein-naturfoto.de\/wordpress\/hauptseite-pflanzen\/pflanzen\/blueten-i-orchideen\/\">verschiedene Orchideen<\/a><code><\/code><\/span><br \/>\n<a href=\"http:\/\/woerrlein-naturfoto.de\/wordpress\/pflanzen-von-a-z\/\">Pflanzen von A-Z<\/a><br \/>\nZur Galerie <a href=\"http:\/\/woerrlein-naturfoto.de\/wordpress\/hauptseite-pflanzen\/pflanzen\/blueten-i-orchideen\/\">verschiedene Orchideen<\/a><code><br \/>\n<\/code><\/p>\n<p><img loading=\"lazy\" decoding=\"async\" class=\"alignleft wp-image-4673\" src=\"http:\/\/woerrlein-naturfoto.de\/wordpress\/wp-content\/uploads\/Zweiblatt_D140504_5865_v-600x400.jpg\" alt=\"Zweiblatt_D140504_5865_v.jpg\" width=\"600\" height=\"400\" \/><\/p>\n<p>Das <b>Gro\u00dfe Zweiblatt<\/b> (<i>Listera ovata<\/i>) geh\u00f6rt zur Gattung Zweiblatt der Familie der Orchideen. Um auf die Schutzw\u00fcrdigkeit dieser unauff\u00e4lligen Art aufmerksam zu machen, wurde das Gro\u00dfe Zweiblatt vom Arbeitskreis Heimische Orchideen zur <a title=\"Orchidee des Jahres\" href=\"http:\/\/de.wikipedia.org\/wiki\/Orchidee_des_Jahres\" target=\"_blank\" rel=\"noopener noreferrer\">Orchidee des Jahres<\/a> 1992 gew\u00e4hlt.<br \/>\nDas Gro\u00dfe Zweiblatt ist eine ausdauernde, krautige Pflanze, die Wuchsh\u00f6hen von 20 bis 50 Zentimetern erreicht. Die eif\u00f6rmigen Laubbl\u00e4tter sind etwa 5 bis 15 cm lang und 3 bis 8 cm breit. In der Regel sind an einer Pflanze nur zwei Laubbl\u00e4tter vorhanden, die fast gegenst\u00e4ndig angeordnet sind. In einer einseitswendigen Traube sind 20 bis 40 Bl\u00fcten angeordnet. Die zwittrigen, <a title=\"Zygomorph\" href=\"http:\/\/de.wikipedia.org\/wiki\/Zygomorph\" target=\"_blank\" rel=\"noopener noreferrer\">zygomorphen<\/a> Bl\u00fcten sind dreiz\u00e4hlig und besitzen keinen Sporn. Die Bl\u00fctenh\u00fcllbl\u00e4tter sind gelbgr\u00fcn. Als Standort werden frische Laubw\u00e4lder, Wiesen, Magerrasen und Flachmoore bevorzugt.<\/p>\n<p><strong>Bl\u00fctezeit:<\/strong>\u00a0\u00a0\u00a0\u00a0 Mai bis Juni<\/p>\n<p>Zur Galerie <a href=\"http:\/\/woerrlein-naturfoto.de\/wordpress\/hauptseite-pflanzen\/pflanzen\/blueten-i-orchideen\/\">verschiedene Orchideen<\/a><\/p>\n<p>&nbsp;<\/p>\n<p><em>Quelle des Textauszuges und weitere Infos bei <\/em><a href=\"http:\/\/de.wikipedia.org\/wiki\/Gro%C3%9Fes_Zweiblatt\" target=\"_blank\" rel=\"noopener noreferrer\">Wikipedia<\/a><em> (<\/em><a href=\"http:\/\/www.gnu.org\/licenses\/fdl-1.3.txt\" target=\"_blank\" rel=\"noopener noreferrer\">GNU-Lizenz<\/a><em>)\u2013 mein Dank gilt den <\/em><a href=\"http:\/\/de.wikipedia.org\/w\/index.php?title=Gro%C3%9Fes_Zweiblatt&amp;action=history\" target=\"_blank\" rel=\"noopener noreferrer\">Autoren<\/a><em>.<\/em><\/p>\n","protected":false},"excerpt":{"rendered":"<p>Pflanzen -&gt;Orchideen -&gt;\u00a0verschiedene Orchideen Pflanzen von A-Z Zur Galerie verschiedene Orchideen Das Gro\u00dfe Zweiblatt (Listera ovata) geh\u00f6rt zur Gattung Zweiblatt der Familie der Orchideen. Um auf die Schutzw\u00fcrdigkeit dieser unauff\u00e4lligen Art aufmerksam zu machen, wurde das Gro\u00dfe Zweiblatt vom Arbeitskreis Heimische Orchideen zur Orchidee des Jahres 1992 gew\u00e4hlt. Das Gro\u00dfe Zweiblatt ist eine ausdauernde, krautige &hellip; <a href=\"https:\/\/woerrlein-naturfoto.de\/wordpress\/verschiedene-orchideen-a-z\/grosses-zweiblatt\/\" class=\"more-link\"><span class=\"screen-reader-text\">Gro\u00dfes Zweiblatt<\/span> weiterlesen <span class=\"meta-nav\">&rarr;<\/span><\/a><\/p>\n","protected":false},"author":1,"featured_media":0,"parent":14214,"menu_order":0,"comment_status":"closed","ping_status":"closed","template":"page-templates\/full-width.php","meta":{"footnotes":""},"class_list":["post-4833","page","type-page","status-publish","hentry"],"_links":{"self":[{"href":"https:\/\/woerrlein-naturfoto.de\/wordpress\/wp-json\/wp\/v2\/pages\/4833","targetHints":{"allow":["GET"]}}],"collection":[{"href":"https:\/\/woerrlein-naturfoto.de\/wordpress\/wp-json\/wp\/v2\/pages"}],"about":[{"href":"https:\/\/woerrlein-naturfoto.de\/wordpress\/wp-json\/wp\/v2\/types\/page"}],"author":[{"embeddable":true,"href":"https:\/\/woerrlein-naturfoto.de\/wordpress\/wp-json\/wp\/v2\/users\/1"}],"replies":[{"embeddable":true,"href":"https:\/\/woerrlein-naturfoto.de\/wordpress\/wp-json\/wp\/v2\/comments?post=4833"}],"version-history":[{"count":10,"href":"https:\/\/woerrlein-naturfoto.de\/wordpress\/wp-json\/wp\/v2\/pages\/4833\/revisions"}],"predecessor-version":[{"id":14461,"href":"https:\/\/woerrlein-naturfoto.de\/wordpress\/wp-json\/wp\/v2\/pages\/4833\/revisions\/14461"}],"up":[{"embeddable":true,"href":"https:\/\/woerrlein-naturfoto.de\/wordpress\/wp-json\/wp\/v2\/pages\/14214"}],"wp:attachment":[{"href":"https:\/\/woerrlein-naturfoto.de\/wordpress\/wp-json\/wp\/v2\/media?parent=4833"}],"curies":[{"name":"wp","href":"https:\/\/api.w.org\/{rel}","templated":true}]}}